{"id":2104,"date":"2021-03-23T09:33:48","date_gmt":"2021-03-23T09:33:48","guid":{"rendered":"http:\/\/localhost\/nuss\/?page_id=167"},"modified":"2025-12-06T08:25:59","modified_gmt":"2025-12-06T08:25:59","slug":"unsere-geschichte","status":"publish","type":"page","link":"https:\/\/intercityhotelshenzhen.com\/de\/unsere-geschichte\/","title":{"rendered":"Unsere Geschichte"},"content":{"rendered":"<div data-elementor-type=\"wp-page\" data-elementor-id=\"2104\" class=\"elementor elementor-2104\">\n\t\t\t\t\t\t<section class=\"elementor-section elementor-top-section elementor-element elementor-element-8f5bb9d elementor-section-boxed elementor-section-gap-beside-yes elementor-section-height-default elementor-section-height-default elementor-section-column-vertical-align-stretch\" data-id=\"8f5bb9d\" data-element_type=\"section\" data-e-type=\"section\">\n\t\t\t\t\t\t<div class=\"elementor-container elementor-column-gap-extended\">\n\t\t\t\t\t<div class=\"elementor-column elementor-col-100 elementor-top-column elementor-element elementor-element-7ec4215\" data-id=\"7ec4215\" data-element_type=\"column\" data-e-type=\"column\">\n\t\t\t<div class=\"elementor-widget-wrap elementor-element-populated\">\n\t\t\t\t\t\t<div class=\"elementor-element elementor-element-edd9d03 elementor-widget__width-initial elementor-invisible elementor-widget elementor-widget-text-editor\" data-id=\"edd9d03\" data-element_type=\"widget\" data-e-type=\"widget\" data-settings=\"{&quot;_animation&quot;:&quot;nussFadeInUp&quot;}\" data-widget_type=\"text-editor.default\">\n\t\t\t\t\t\t\t\t\t<p><strong data-spm-anchor-id=\"a2ty_o01.29997173.0.i30.3db3c921mV6PYW\">Das IntercityHotel Shenzhen Futian Huanggang \u2013 Wo deutsche Pr\u00e4zision auf den Puls von Shenzhen trifft<\/strong><\/p>\t\t\t\t\t\t\t\t<\/div>\n\t\t\t\t\t<\/div>\n\t\t<\/div>\n\t\t\t\t\t<\/div>\n\t\t<\/section>\n\t\t<div class=\"elementor-element elementor-element-e3b616a e-flex e-con-boxed e-con e-parent\" data-id=\"e3b616a\" data-element_type=\"container\" data-e-type=\"container\">\n\t\t\t\t\t<div class=\"e-con-inner\">\n\t\t\t\t<div class=\"elementor-element elementor-element-1cf078a elementor-widget elementor-widget-text-editor\" data-id=\"1cf078a\" data-element_type=\"widget\" data-e-type=\"widget\" data-widget_type=\"text-editor.default\">\n\t\t\t\t\t\t\t\t\t<p>Im Herzen von Shenzhen, einer Stadt, die das unerbittliche Tempo der Innovation und die Zukunft des modernen China verk\u00f6rpert, hat sich eine neue Art der Gastfreundschaft etabliert. Bei <strong>28 Fumin Road, Futian District, Shenzhen, 518048<\/strong>, Die <strong>IntercityHotel Shenzhen Futian Huanggang<\/strong> ist mehr als nur ein Ort, an dem Sie Ihren Kopf ausruhen k\u00f6nnen; es ist eine Philosophie in Aktion, eine Br\u00fccke zwischen zwei Welten.<\/p><p>Unsere Geschichte beginnt mit einer einfachen Frage: <em>Was braucht der moderne Reisende wirklich?<\/em> In einem Zeitalter st\u00e4ndiger Konnektivit\u00e4t, enger Zeitpl\u00e4ne und grenzenloser Gesch\u00e4ftswelt erkannten wir, dass die Antwort nicht in opulenten Lobbys oder extravaganten Annehmlichkeiten zu finden war, sondern in <strong>Effizienz, Zuverl\u00e4ssigkeit und intelligentes Design<\/strong>Dies ist der Kern der <strong>IntercityHotel<\/strong> Marke, ein Erbe, das auf deutschen Werten wie Pr\u00e4zision, Funktionalit\u00e4t und stiller Exzellenz aufbaut.<\/p><p>Die Wahl von Shenzhen als Standort war bewusst. Diese Stadt ist nichts f\u00fcr schwache Nerven. Sie ist eine Metropole, die sich in nur wenigen Jahrzehnten von einem Fischerdorf zu einem globalen Technologiezentrum entwickelt hat. Sie ist eine Stadt der Erbauer, Tr\u00e4umer und Macher. Und direkt vor den Toren Hongkongs, <strong>Hafen Huanggang<\/strong>, ist das Bed\u00fcrfnis nach einem nahtlosen, stressfreien Erlebnis von gr\u00f6\u00dfter Bedeutung. Hier wurde unser Hotel konzipiert \u2013 nicht als gro\u00dfes Statement, sondern als <strong>notwendige L\u00f6sung<\/strong>.<\/p><p>Der <strong>IntercityHotel Shenzhen Futian Huanggang<\/strong> wurde von Grund auf als ultimative praktische L\u00f6sung konzipiert. Wir haben auf das Unn\u00f6tige verzichtet und uns auf das Wesentliche konzentriert. Jedes Element, von den schalldichten Fenstern, die den L\u00e4rm der Stadt abschirmen, bis zum Highspeed-WLAN, das daf\u00fcr sorgt, dass Sie immer erreichbar sind, wurde sorgf\u00e4ltig ausgew\u00e4hlt, um Ihre Reise zu unterst\u00fctzen. Das minimalistische, klare Design ist nicht nur \u00e4sthetisch, sondern ein Versprechen f\u00fcr einen klaren Kopf und einen konzentrierten Aufenthalt.<\/p><p>Unsere Lage ist unser Versprechen. Nur f\u00fcnf Gehminuten vom Hafen Huanggang entfernt, verstehen wir Reisende auf der Durchreise, die eine Grenze \u00fcberqueren, ein Gesch\u00e4ft abschlie\u00dfen oder einen Flug erreichen m\u00fcssen \u2013 und das ohne Fehler. Wir sorgen daf\u00fcr, dass alles reibungslos abl\u00e4uft. Unsere 24-Stunden-Rezeption, die kostenlose Gep\u00e4ckaufbewahrung und unser mehrsprachiges Personal sind nicht nur Serviceleistungen, sondern auch ein weiterer Aspekt unseres Engagements f\u00fcr Ihre Zeit und Ihre Sicherheit.<\/p><p>Wir wollen nicht das auff\u00e4lligste Hotel auf dem Block sein. Wir sind hier, um das <strong>intelligenteste und zuverl\u00e4ssigste Wahl<\/strong>Unsere Geschichte ist die Geschichte stillen Vertrauens, einer Marke, die davon \u00fcberzeugt ist, dass die besten Erlebnisse oft die einfachsten sind. Es geht um den Reisenden, der eincheckt, alles an seinem Platz vorfindet und ohne Zweifel wei\u00df, dass sein Aufenthalt genau so sein wird, wie er sein sollte: komfortabel, effizient und absolut zuverl\u00e4ssig.<\/p><p>Dies ist unsere Geschichte. Die Geschichte eines Hotels f\u00fcr die Zukunft, in einer Stadt, die sie baut. Die Geschichte deutscher Ingenieurskunst, die auf den Geist Shenzhens trifft. Die Geschichte eines Ortes, an dem Sie sich nur auf das konzentrieren m\u00fcssen, was als N\u00e4chstes kommt, denn um den Rest k\u00fcmmern wir uns bereits.<\/p><p>Willkommen im IntercityHotel Shenzhen Futian Huanggang. Willkommen in der Zukunft effizienter Gastfreundschaft.<\/p>\t\t\t\t\t\t\t\t<\/div>\n\t\t\t\t\t<\/div>\n\t\t\t\t<\/div>\n\t\t\t\t<\/div>","protected":false},"excerpt":{"rendered":"<p>The IntercityHotel Shenzhen Futian Huanggang \u2013 Where German Precision Meets Shenzhen\u2019s Pulse In the heart of Shenzhen, a city that embodies the relentless pace of innovation and the future of modern China, a new kind of hospitality has taken root. At 28 Fumin Road, Futian District, Shenzhen, 518048, the IntercityHotel Shenzhen Futian Huanggang is more [&hellip;]<\/p>\n","protected":false},"author":1,"featured_media":0,"parent":0,"menu_order":0,"comment_status":"closed","ping_status":"closed","template":"","meta":{"footnotes":""},"class_list":["post-2104","page","type-page","status-publish","hentry","post-no-thumbnail"],"_links":{"self":[{"href":"https:\/\/intercityhotelshenzhen.com\/de\/wp-json\/wp\/v2\/pages\/2104","targetHints":{"allow":["GET"]}}],"collection":[{"href":"https:\/\/intercityhotelshenzhen.com\/de\/wp-json\/wp\/v2\/pages"}],"about":[{"href":"https:\/\/intercityhotelshenzhen.com\/de\/wp-json\/wp\/v2\/types\/page"}],"author":[{"embeddable":true,"href":"https:\/\/intercityhotelshenzhen.com\/de\/wp-json\/wp\/v2\/users\/1"}],"replies":[{"embeddable":true,"href":"https:\/\/intercityhotelshenzhen.com\/de\/wp-json\/wp\/v2\/comments?post=2104"}],"version-history":[{"count":0,"href":"https:\/\/intercityhotelshenzhen.com\/de\/wp-json\/wp\/v2\/pages\/2104\/revisions"}],"wp:attachment":[{"href":"https:\/\/intercityhotelshenzhen.com\/de\/wp-json\/wp\/v2\/media?parent=2104"}],"curies":[{"name":"wp","href":"https:\/\/api.w.org\/{rel}","templated":true}]}}