{"id":2105,"date":"2021-03-24T07:25:45","date_gmt":"2021-03-24T07:25:45","guid":{"rendered":"http:\/\/localhost\/nuss\/?page_id=235"},"modified":"2025-12-06T08:25:55","modified_gmt":"2025-12-06T08:25:55","slug":"faqs","status":"publish","type":"page","link":"https:\/\/intercityhotelshenzhen.com\/de\/faqs\/","title":{"rendered":"FAQs"},"content":{"rendered":"<div data-elementor-type=\"wp-page\" data-elementor-id=\"2105\" class=\"elementor elementor-2105\">\n\t\t\t\t\t\t<section class=\"elementor-section elementor-top-section elementor-element elementor-element-2a96a73 elementor-section-boxed elementor-section-gap-beside-yes elementor-section-height-default elementor-section-height-default elementor-section-column-vertical-align-stretch\" data-id=\"2a96a73\" data-element_type=\"section\" data-e-type=\"section\">\n\t\t\t\t\t\t<div class=\"elementor-container elementor-column-gap-extended\">\n\t\t\t\t\t<div class=\"elementor-column elementor-col-100 elementor-top-column elementor-element elementor-element-98ef20c\" data-id=\"98ef20c\" data-element_type=\"column\" data-e-type=\"column\">\n\t\t\t<div class=\"elementor-widget-wrap elementor-element-populated\">\n\t\t\t\t\t\t<div class=\"elementor-element elementor-element-97088c0 elementor-widget__width-initial elementor-invisible elementor-widget elementor-widget-text-editor\" data-id=\"97088c0\" data-element_type=\"widget\" data-e-type=\"widget\" data-settings=\"{&quot;_animation&quot;:&quot;nussFadeInUp&quot;}\" data-widget_type=\"text-editor.default\">\n\t\t\t\t\t\t\t\t\t<p>Nachfolgend finden Sie eine Liste der am h\u00e4ufigsten von unseren G\u00e4sten gestellten Fragen.<\/p>\t\t\t\t\t\t\t\t<\/div>\n\t\t\t\t\t<\/div>\n\t\t<\/div>\n\t\t\t\t\t<\/div>\n\t\t<\/section>\n\t\t\t\t<section class=\"elementor-section elementor-top-section elementor-element elementor-element-b184647 elementor-section-gap-beside-no elementor-section-boxed elementor-section-height-default elementor-section-height-default elementor-section-column-vertical-align-stretch\" data-id=\"b184647\" data-element_type=\"section\" data-e-type=\"section\">\n\t\t\t\t\t\t<div class=\"elementor-container elementor-column-gap-extended\">\n\t\t\t\t\t<div class=\"elementor-column elementor-col-100 elementor-top-column elementor-element elementor-element-1d49749\" data-id=\"1d49749\" data-element_type=\"column\" data-e-type=\"column\">\n\t\t\t<div class=\"elementor-widget-wrap elementor-element-populated\">\n\t\t\t\t\t\t<div class=\"elementor-element elementor-element-b986a9e elementor-invisible elementor-widget elementor-widget-nuss-heading\" data-id=\"b986a9e\" data-element_type=\"widget\" data-e-type=\"widget\" data-settings=\"{&quot;_animation&quot;:&quot;nussFadeInUp&quot;}\" data-widget_type=\"nuss-heading.default\">\n\t\t\t\t<div class=\"elementor-widget-container\">\n\t\t\t\t\t\t\t<div class=\"nuss-modern-heading\">\r\n\t\t\t\r\n\t\t\t\t\t\t<div class=\"heading-primary-wrap\">\r\n\t\t\t\t<h4 class=\"heading-primary elementor-heading-title\">H\u00e4ufig gestellte Fragen<\/h4>\t\t\t<\/div>\r\n\t\t\r\n\t\t\t\t\t\t<div class=\"heading-divider-wrap\">\r\n\t\t\t\t<div class=\"heading-divider\" style=\"left: 0px;top: 6px\"><\/div>\r\n\t\t\t<\/div>\r\n\t\r\n\t\t\t\t\t<\/div>\r\n\t\t\t\t\t<\/div>\n\t\t\t\t<\/div>\n\t\t\t\t<div class=\"elementor-element elementor-element-50f0733 elementor-invisible elementor-widget elementor-widget-heading\" data-id=\"50f0733\" data-element_type=\"widget\" data-e-type=\"widget\" data-settings=\"{&quot;_animation&quot;:&quot;nussFadeInUp&quot;}\" data-widget_type=\"heading.default\">\n\t\t\t\t\t<h2 class=\"elementor-heading-title elementor-size-default\">Fragen &amp; Antworten<\/h2>\t\t\t\t<\/div>\n\t\t\t\t<div class=\"elementor-element elementor-element-acb3cfe elementor-widget elementor-widget-text-editor\" data-id=\"acb3cfe\" data-element_type=\"widget\" data-e-type=\"widget\" data-widget_type=\"text-editor.default\">\n\t\t\t\t\t\t\t\t\t<ol start=\"1\" data-spm-anchor-id=\"a2ty_o01.29997173.0.i25.3db3c921mV6PYW\"><li><p><strong>Wo befindet sich das Hotel IntercityHotel Shenzhen Futian Huanggang?<\/strong> Das Hotel befindet sich in <strong>28 Fumin Road, Futian District, Shenzhen, Guangdong, 518048<\/strong>, im Herzen des zentralen Gesch\u00e4ftsviertels von Shenzhen, nur einen kurzen Spaziergang vom Hafen Huanggang entfernt.<\/p><\/li><li><p><strong>Wie nah ist das Hotel am Hafen Huanggang?<\/strong> Es ist ungef\u00e4hr <strong>500 Meter entfernt<\/strong>, das ist etwa ein <strong>5-7 Minuten zu Fu\u00df<\/strong>Dies macht es zu einem der praktischsten Hotels f\u00fcr Reisende, die die Grenze nach Hongkong \u00fcberqueren.<\/p><\/li><li><p><strong>Ist das Gebiet sicher und leicht zu navigieren?<\/strong> Ja, das Futian CBD ist ein modernes, gut beleuchtetes und sicheres Viertel. Es ist sehr touristenfreundlich, mit klarer Beschilderung und einfachem Zugang zu \u00f6ffentlichen Verkehrsmitteln.<\/p><\/li><li><p><strong>Wie komme ich vom internationalen Flughafen Shenzhen Bao&#039;an (SZX) zum Hotel?<\/strong> Am besten nehmen Sie die <strong>U-Bahnlinie 11<\/strong> Zu <strong>Bahnhof Chegongmiao<\/strong>, dann weiter zu <strong>Linie 1<\/strong> und steigen Sie aus bei <strong>Huochezhan (Shenzhen Bahnhof)<\/strong>Von dort aus erreichen Sie das Hotel mit dem Taxi oder zu Fu\u00df in kurzer Zeit. Alternativ dauert die Taxifahrt vom Flughafen etwa 40\u201350 Minuten.<\/p><\/li><li><p><strong>Bieten Sie Flughafentransfers an?<\/strong> Wir k\u00f6nnen Ihnen bei der Organisation eines Taxis behilflich sein, bieten derzeit jedoch keinen direkten privaten Flughafentransfer an. Unsere Rezeption hilft Ihnen gerne bei der Buchung eines zuverl\u00e4ssigen Autos.<\/p><\/li><li><p><strong>Gibt es kostenloses WLAN?<\/strong> Ja, <strong>kostenloses Highspeed-WLAN<\/strong> ist im gesamten Hotel, in allen G\u00e4stezimmern und \u00f6ffentlichen Bereichen verf\u00fcgbar.<\/p><\/li><li><p><strong>Welche Sprachen sprechen die Mitarbeiter?<\/strong> Unsere Mitarbeiter an der Rezeption sprechen <strong>flie\u00dfend Mandarin und Englisch<\/strong>. Auf Anfrage bieten wir grundlegende Unterst\u00fctzung in anderen Sprachen an.<\/p><\/li><li><p><strong>Sind die Zimmer ruhig?<\/strong> Ja, die Zimmer sind ausgestattet mit <strong>Schallschutzfenster<\/strong> um den Stadtl\u00e4rm effektiv auszublenden und so einen ruhigen und erholsamen Aufenthalt zu gew\u00e4hrleisten.<\/p><\/li><\/ol><div class=\"my-2\">\u00a0<\/div><ol start=\"9\"><li><strong>Haben alle Zimmer ein eigenes Badezimmer?<\/strong> Ja, jedes Zimmer verf\u00fcgt \u00fcber ein <strong>privates Badezimmer<\/strong> mit einer kr\u00e4ftigen Regendusche, hei\u00dfem Wasser und wichtigen Toilettenartikeln.<\/li><\/ol><div class=\"my-2\">\u00a0<\/div><ol start=\"10\"><li><p><strong>Gibt es eine Klimaanlage in den Zimmern?<\/strong> Ja, alle Zimmer sind mit modernen, effizienten <strong>Klimaanlage<\/strong> damit Sie sich im feuchten Klima von Shenzhen wohlf\u00fchlen.<\/p><\/li><li><p><strong>Wie sind die Check-in- und Check-out-Zeiten?<\/strong><\/p><ul><li><strong>Check-in-Zeit<\/strong>: 14:00 Uhr<\/li><li><strong>Check-out-Zeit<\/strong>: 12:00 Uhr (mittags) Fr\u00fcher Check-in oder sp\u00e4ter Check-out je nach Verf\u00fcgbarkeit.<\/li><\/ul><\/li><\/ol><div class=\"my-2\">\u00a0<\/div><ol start=\"12\"><li><p><strong>Kann ich mein Gep\u00e4ck vor dem Check-in oder nach dem Check-out aufbewahren?<\/strong> Ja, wir bieten <strong>kostenlose Gep\u00e4ckaufbewahrung<\/strong> an der 24-Stunden-Rezeption.<\/p><\/li><li><p><strong>Gibt es Restaurants in der N\u00e4he des Hotels?<\/strong> Ja, das Futian CBD bietet zahlreiche gastronomische Einrichtungen. Im Umkreis von 5\u201310 Gehminuten finden Sie eine gro\u00dfe Auswahl an Restaurants mit chinesischer, westlicher und internationaler K\u00fcche.<\/p><\/li><\/ol><div class=\"my-2\">\u00a0<\/div><ol start=\"14\"><li><p><strong>Ist das Fr\u00fchst\u00fcck im Zimmerpreis inbegriffen?<\/strong> Das Fr\u00fchst\u00fcck ist <strong>f\u00fcr die meisten Zimmerkategorien inklusive<\/strong>Wir bieten ein Fr\u00fchst\u00fccksbuffet mit chinesischen und internationalen Optionen.<\/p><\/li><li><p><strong>Ist das Hotel f\u00fcr Gesch\u00e4ftsreisende geeignet?<\/strong> Absolut. Unsere Lage in der N\u00e4he des CBD und des Hafens Huanggang, kombiniert mit Highspeed-WLAN, ergonomischen Arbeitspl\u00e4tzen in jedem Zimmer und 24-Stunden-Service, macht es ideal f\u00fcr Gesch\u00e4ftsreisen.<\/p><\/li><li><p><strong>Kann ich ein Zimmer online buchen?<\/strong> Ja. Zimmer k\u00f6nnen \u00fcber unser <strong>offizielle Website<\/strong>, <strong>Booking.com<\/strong>, <strong>Agoda<\/strong>, oder <strong>Ctrip<\/strong>.<\/p><\/li><li><p><strong>Akzeptieren Sie Kreditkarten?<\/strong> Ja, wir akzeptieren <strong>Visa, Mastercard, UnionPay, Alipay und WeChat Pay<\/strong>.<\/p><\/li><li><p><strong>Ist das Hotel rollstuhlgerecht?<\/strong> Aufgrund der Bauweise unseres Geb\u00e4udes ist die Barrierefreiheit eingeschr\u00e4nkt. Bitte kontaktieren Sie uns vorab direkt, um Ihre individuellen W\u00fcnsche zu besprechen.<\/p><\/li><li><p><strong>Wie weit ist das Hotel von der Metro Shenzhen entfernt?<\/strong> Die n\u00e4chste U-Bahn-Station ist <strong>Huochezhan (Shenzhen Bahnhof)<\/strong> auf der Linie 1, die etwa 10 Gehminuten oder eine kurze Taxifahrt entfernt ist.<\/p><\/li><li data-spm-anchor-id=\"a2ty_o01.29997173.0.i26.3db3c921mV6PYW\"><p><strong>Gibt es in der N\u00e4he Kultur- oder Einkaufsviertel?<\/strong> Ja! <strong>Huaqiangbei-Elektronikmarkt<\/strong> (der weltgr\u00f6\u00dfte Elektronikmarkt) ist mit dem Taxi in etwa 20 Minuten zu erreichen. <strong>Coco Park<\/strong> Und <strong>MixC Mall<\/strong> Auch Einkaufsm\u00f6glichkeiten und Restaurants befinden sich in der N\u00e4he.<\/p><\/li><\/ol>\t\t\t\t\t\t\t\t<\/div>\n\t\t\t\t\t<\/div>\n\t\t<\/div>\n\t\t\t\t\t<\/div>\n\t\t<\/section>\n\t\t\t\t<\/div>","protected":false},"excerpt":{"rendered":"<p>Below, you will find a list of the questions most frequently asked by our guests. FAQ&#8217;S Questions &amp; Answers Where is IntercityHotel Shenzhen Futian Huanggang located? The hotel is located at 28 Fumin Road, Futian District, Shenzhen, Guangdong, 518048, in the heart of Shenzhen&#8217;s central business district, just a short walk from Huanggang Port. How [&hellip;]<\/p>\n","protected":false},"author":1,"featured_media":0,"parent":0,"menu_order":0,"comment_status":"closed","ping_status":"closed","template":"","meta":{"footnotes":""},"class_list":["post-2105","page","type-page","status-publish","hentry","post-no-thumbnail"],"_links":{"self":[{"href":"https:\/\/intercityhotelshenzhen.com\/de\/wp-json\/wp\/v2\/pages\/2105","targetHints":{"allow":["GET"]}}],"collection":[{"href":"https:\/\/intercityhotelshenzhen.com\/de\/wp-json\/wp\/v2\/pages"}],"about":[{"href":"https:\/\/intercityhotelshenzhen.com\/de\/wp-json\/wp\/v2\/types\/page"}],"author":[{"embeddable":true,"href":"https:\/\/intercityhotelshenzhen.com\/de\/wp-json\/wp\/v2\/users\/1"}],"replies":[{"embeddable":true,"href":"https:\/\/intercityhotelshenzhen.com\/de\/wp-json\/wp\/v2\/comments?post=2105"}],"version-history":[{"count":0,"href":"https:\/\/intercityhotelshenzhen.com\/de\/wp-json\/wp\/v2\/pages\/2105\/revisions"}],"wp:attachment":[{"href":"https:\/\/intercityhotelshenzhen.com\/de\/wp-json\/wp\/v2\/media?parent=2105"}],"curies":[{"name":"wp","href":"https:\/\/api.w.org\/{rel}","templated":true}]}}