{"id":2109,"date":"2021-03-26T08:35:58","date_gmt":"2021-03-26T08:35:58","guid":{"rendered":"http:\/\/localhost\/nuss\/?page_id=536"},"modified":"2025-12-06T08:25:36","modified_gmt":"2025-12-06T08:25:36","slug":"business-einrichtungen","status":"publish","type":"page","link":"https:\/\/intercityhotelshenzhen.com\/de\/business-einrichtungen\/","title":{"rendered":"Business-Einrichtungen"},"content":{"rendered":"<div data-elementor-type=\"wp-page\" data-elementor-id=\"2109\" class=\"elementor elementor-2109\">\n\t\t\t\t\t\t<section class=\"elementor-section elementor-top-section elementor-element elementor-element-bb2901b elementor-section-boxed elementor-section-gap-beside-yes elementor-section-height-default elementor-section-height-default elementor-section-column-vertical-align-stretch\" data-id=\"bb2901b\" data-element_type=\"section\" data-e-type=\"section\">\n\t\t\t\t\t\t<div class=\"elementor-container elementor-column-gap-extended\">\n\t\t\t\t\t<div class=\"elementor-column elementor-col-100 elementor-top-column elementor-element elementor-element-1919db9\" data-id=\"1919db9\" data-element_type=\"column\" data-e-type=\"column\">\n\t\t\t<div class=\"elementor-widget-wrap elementor-element-populated\">\n\t\t\t\t\t\t<div class=\"elementor-element elementor-element-41a7b9c elementor-widget__width-initial elementor-invisible elementor-widget elementor-widget-text-editor\" data-id=\"41a7b9c\" data-element_type=\"widget\" data-e-type=\"widget\" data-settings=\"{&quot;_animation&quot;:&quot;nussFadeInUp&quot;}\" data-widget_type=\"text-editor.default\">\n\t\t\t\t\t\t\t\t\t<p><strong data-spm-anchor-id=\"a2ty_o01.29997173.0.i14.3db3c921mV6PYW\">Gesch\u00e4ftseinrichtungen im IntercityHotel Shenzhen Futian Huanggang<\/strong><\/p>\t\t\t\t\t\t\t\t<\/div>\n\t\t\t\t\t<\/div>\n\t\t<\/div>\n\t\t\t\t\t<\/div>\n\t\t<\/section>\n\t\t<div class=\"elementor-element elementor-element-bfd6e14 e-flex e-con-boxed e-con e-parent\" data-id=\"bfd6e14\" data-element_type=\"container\" data-e-type=\"container\">\n\t\t\t\t\t<div class=\"e-con-inner\">\n\t\t\t\t<div class=\"elementor-element elementor-element-15ff453 elementor-widget elementor-widget-nuss-image-gallery\" data-id=\"15ff453\" data-element_type=\"widget\" data-e-type=\"widget\" data-widget_type=\"nuss-image-gallery.default\">\n\t\t\t\t<div class=\"elementor-widget-container\">\n\t\t\t\t\t\t\t<div class=\"nuss-grid-wrapper\" data-grid=\"{&quot;type&quot;:&quot;grid&quot;,&quot;ratio&quot;:null,&quot;columns&quot;:3,&quot;gutter&quot;:30}\">\r\n\t\t\t<div class=\"nuss-grid lazy-grid\">\r\n\t\t\t\t<div class=\"grid-sizer\"><\/div>\r\n\r\n\t\t\t\t\t\t\t\t\t\t\t\t<div class=\"grid-item\">\r\n\t\t\t\t\t\t<div class=\"nuss-box\">\t\t<div class=\"nuss-image image\">\r\n\t\t\t<img decoding=\"async\"  src=\"https:\/\/intercityhotelshenzhen.com\/wp-content\/uploads\/2025\/08\/IntercityHotel-Shenzhen-Futian-Huanggang-11.webp\" alt=\"IntercityHotel Shenzhen Futian Huanggang (11)\" \/>\t\t<\/div>\r\n\t\t\t\t<\/div>\t\t\t\t\t<\/div>\r\n\t\t\t\t\t\t<div class=\"grid-item\">\r\n\t\t\t\t\t\t<div class=\"nuss-box\">\t\t<div class=\"nuss-image image\">\r\n\t\t\t<img decoding=\"async\"  src=\"https:\/\/intercityhotelshenzhen.com\/wp-content\/uploads\/2025\/08\/IntercityHotel-Shenzhen-Futian-Huanggang-20.webp\" alt=\"IntercityHotel Shenzhen Futian Huanggang (20)\" \/>\t\t<\/div>\r\n\t\t\t\t<\/div>\t\t\t\t\t<\/div>\r\n\t\t\t\t\t\t<div class=\"grid-item\">\r\n\t\t\t\t\t\t<div class=\"nuss-box\">\t\t<div class=\"nuss-image image\">\r\n\t\t\t<img decoding=\"async\"  src=\"https:\/\/intercityhotelshenzhen.com\/wp-content\/uploads\/2025\/08\/IntercityHotel-Shenzhen-Futian-Huanggang-18.webp\" alt=\"IntercityHotel Shenzhen Futian Huanggang (18)\" \/>\t\t<\/div>\r\n\t\t\t\t<\/div>\t\t\t\t\t<\/div>\r\n\t\t\t\t\t\t<div class=\"grid-item\">\r\n\t\t\t\t\t\t<div class=\"nuss-box\">\t\t<div class=\"nuss-image image\">\r\n\t\t\t<img decoding=\"async\"  src=\"https:\/\/intercityhotelshenzhen.com\/wp-content\/uploads\/2025\/08\/IntercityHotel-Shenzhen-Futian-Huanggang-16.webp\" alt=\"IntercityHotel Shenzhen Futian Huanggang (16)\" \/>\t\t<\/div>\r\n\t\t\t\t<\/div>\t\t\t\t\t<\/div>\r\n\t\t\t\t\t\t<div class=\"grid-item\">\r\n\t\t\t\t\t\t<div class=\"nuss-box\">\t\t<div class=\"nuss-image image\">\r\n\t\t\t<img decoding=\"async\"  src=\"https:\/\/intercityhotelshenzhen.com\/wp-content\/uploads\/2025\/08\/IntercityHotel-Shenzhen-Futian-Huanggang-17.webp\" alt=\"IntercityHotel Shenzhen Futian Huanggang (17)\" \/>\t\t<\/div>\r\n\t\t\t\t<\/div>\t\t\t\t\t<\/div>\r\n\t\t\t\t\t\t<div class=\"grid-item\">\r\n\t\t\t\t\t\t<div class=\"nuss-box\">\t\t<div class=\"nuss-image image\">\r\n\t\t\t<img decoding=\"async\"  src=\"https:\/\/intercityhotelshenzhen.com\/wp-content\/uploads\/2025\/08\/IntercityHotel-Shenzhen-Futian-Huanggang-13.webp\" alt=\"IntercityHotel Shenzhen Futian Huanggang (13)\" \/>\t\t<\/div>\r\n\t\t\t\t<\/div>\t\t\t\t\t<\/div>\r\n\t\t\t\t\t\t\t\r\n\t\t\t<\/div>\r\n\t\t<\/div>\r\n\t\t\t\t\t\t<\/div>\n\t\t\t\t<\/div>\n\t\t\t\t\t<\/div>\n\t\t\t\t<\/div>\n\t\t<div class=\"elementor-element elementor-element-984338c e-flex e-con-boxed e-con e-parent\" data-id=\"984338c\" data-element_type=\"container\" data-e-type=\"container\">\n\t\t\t\t\t<div class=\"e-con-inner\">\n\t\t\t\t<div class=\"elementor-element elementor-element-9f20617 elementor-widget elementor-widget-text-editor\" data-id=\"9f20617\" data-element_type=\"widget\" data-e-type=\"widget\" data-widget_type=\"text-editor.default\">\n\t\t\t\t\t\t\t\t\t<p data-spm-anchor-id=\"a2ty_o01.29997173.0.i17.3db3c921mV6PYW\">Im dynamischen Herzen der futuristischsten Stadt Chinas, <strong>IntercityHotel Shenzhen Futian Huanggang<\/strong> steht als Leuchtturm f\u00fcr optimierte Produktivit\u00e4t und modernen Komfort. Befindet sich bei <strong>28 Fumin Road, Futian District, Shenzhen, 518048<\/strong>Das Hotel liegt strategisch g\u00fcnstig im zentralen Gesch\u00e4ftsviertel der Stadt, nur wenige Schritte von <strong>Hafen Huanggang<\/strong>\u2013 ein wichtiges Tor nach Hongkong und zur Greater Bay Area. F\u00fcr Gesch\u00e4ftsreisende ist dieser Standort nicht nur praktisch, sondern transformativ.<\/p><p>Die Businesseinrichtungen des Hotels sind nach einer einzigartigen Philosophie gestaltet: <strong>Effizienz nach deutschem Vorbild<\/strong>Das bedeutet, dass jeder Service und jede Annehmlichkeit sorgf\u00e4ltig ausgew\u00e4hlt wird, um Reibungspunkte zu vermeiden, die Konzentration zu maximieren und die schnelllebige, anspruchsvolle Welt des modernen Handels zu unterst\u00fctzen. Im Gegensatz zu traditionellen Hotels, die mit unn\u00f6tiger Pracht belastet sind, legt IntercityHotel den Schwerpunkt auf das Wesentliche: nahtlose Konnektivit\u00e4t, ruhige Produktivit\u00e4t und zuverl\u00e4ssigen Service.<\/p><h3>Hochgeschwindigkeitsverbindungen und moderne Arbeitsbereiche<\/h3><p>Der Kern jeder erfolgreichen Gesch\u00e4ftsreise ist zuverl\u00e4ssige Technologie. IntercityHotel bietet mit <strong>kostenloses Highspeed-WLAN<\/strong> Im gesamten Geb\u00e4ude ist eine sichere Verbindung gew\u00e4hrleistet. So k\u00f6nnen Sie Videokonferenzen durchf\u00fchren, gro\u00dfe Dateien \u00fcbertragen und ohne Unterbrechung mit den globalen M\u00e4rkten verbunden bleiben. Das Signal ist in jedem Zimmer und \u00f6ffentlichen Bereich stark und stabil \u2013 ein wichtiges Merkmal f\u00fcr die Verwaltung internationaler Portfolios.<\/p><p>F\u00fcr diejenigen, die einen eigenen Arbeitsbereich bevorzugen, bietet das Hotel <strong>ergonomische Arbeitspl\u00e4tze<\/strong> In jedem G\u00e4stezimmer finden Sie eine gro\u00dfe Auswahl an Schreibtischen. Es handelt sich nicht nur um einfache Schreibtische, sondern um durchdachte Umgebungen mit viel Licht, mehreren Steckdosen und einfachem Zugang zu Ladestationen, sodass Sie m\u00fchelos zwischen Reise und Arbeit wechseln k\u00f6nnen.<\/p><h3>Ein Standort f\u00fcr Unternehmen<\/h3><p>Die Adresse des Hotels in <strong>Bezirk Futian<\/strong> ist sein gr\u00f6\u00dftes Kapital. Dies ist Shenzhens Finanz- und Technologiezentrum, Heimat von Fortune 500-Unternehmen, Innovationszentren und Regierungsinstitutionen. Von Ihrem Zimmer aus erreichen Sie in wenigen Minuten:<\/p><ul><li><strong>Die Shenzhen Stock Exchange<\/strong><\/li><li><strong>Huaqiangbei-Elektronikmarkt<\/strong> \u2013 der weltweit gr\u00f6\u00dfte Elektronik-Hub<\/li><li><strong>Shenzhen Kongress- und Ausstellungszentrum<\/strong><\/li><li><strong>Wichtige Unternehmenszentralen<\/strong> im CBD<\/li><\/ul><p>Seine N\u00e4he zu <strong>Hafen Huanggang<\/strong> macht es zum idealen Ausgangspunkt f\u00fcr grenz\u00fcberschreitende Gesch\u00e4fte, egal ob Sie Kunden in Hongkong treffen oder eine Messe in der Region besuchen. Das Hotel ist auch nur eine kurze U-Bahnfahrt von <strong>Bahnhof Futian<\/strong>, ein Hochgeschwindigkeits-Eisenbahnknotenpunkt, der Shenzhen mit Guangzhou, Shanghai und Peking verbindet.<\/p><h3>Unterst\u00fctzende Dienste f\u00fcr Berufsreisende<\/h3><p>IntercityHotel versteht die Anforderungen der Gesch\u00e4ftswelt. Unsere 24-Stunden-Rezeption ist mit mehrsprachigen Mitarbeitern besetzt, die Ihnen gerne bei Folgendem behilflich sind:<\/p><ul><li><strong>Drucken und Dokumentenhandling<\/strong><\/li><li><strong>Weckrufe und Nachrichtendienste<\/strong><\/li><li><strong>Taxi- und Transportvereinbarungen<\/strong> (inklusive Flughafentransfers auf Anfrage)<\/li><li><strong>Lokale Empfehlungen<\/strong> f\u00fcr Gesch\u00e4ftsessen und Networking-Veranstaltungen<\/li><\/ul><p>Wir bieten auch <strong>kostenlose Gep\u00e4ckaufbewahrung<\/strong>, sodass Sie fr\u00fcher ankommen oder sp\u00e4ter abreisen k\u00f6nnen, ohne Ihr Gep\u00e4ck tragen zu m\u00fcssen \u2013 ein kleines, aber wichtiges Detail, das Ihre Gesamteffizienz steigert.<\/p><h3>Ein ruhiger R\u00fcckzugsort f\u00fcr konzentriertes Arbeiten und Ausruhen<\/h3><p>Nach einem anstrengenden Tag voller Meetings und Verhandlungen bietet das Hotel eine <strong>ruhige Umgebung<\/strong> Energie tanken. Die Zimmer sind schallisoliert, um die Energie der Stadt auszublenden und einen erholsamen Schlaf zu gew\u00e4hrleisten. Das minimalistische, aufger\u00e4umte Design f\u00f6rdert die geistige Klarheit, w\u00e4hrend die hochwertige Bettw\u00e4sche Komfort garantiert. Dieses Gleichgewicht zwischen Produktivit\u00e4t und Ruhe ist f\u00fcr anhaltende Leistungsf\u00e4higkeit unerl\u00e4sslich.<\/p><p>F\u00fcr eine schnelle Erfrischung sorgen die modernen Badezimmer mit kr\u00e4ftigen Regenduschen und das hoteleigene <strong>Fitnesscenter<\/strong> steht f\u00fcr ein Workout zur Verf\u00fcgung, um den Kopf frei zu bekommen.<\/p><div class=\"py-2 my-3\"><hr \/><\/div><p><strong>IntercityHotel Shenzhen Futian Huanggang<\/strong> definiert den Gesch\u00e4ftsaufenthalt neu. Es ist kein Ort des \u00dcberflusses, sondern der Exzellenz. Hier wirkt jedes Detail \u2013 vom zuverl\u00e4ssigen WLAN bis zur strategischen Lage \u2013 harmonisch zusammen, um Ihren Erfolg zu unterst\u00fctzen. Ob Sie f\u00fcr einen einzigen Meetingtag oder ein umfangreiches Projekt hier sind, bei uns finden Sie einen Partner f\u00fcr Effizienz, einen R\u00fcckzugsort der Ruhe und eine Startrampe f\u00fcr Ihre n\u00e4chste gro\u00dfe Chance.<\/p><p data-spm-anchor-id=\"a2ty_o01.29997173.0.i18.3db3c921mV6PYW\"><em>Arbeiten Sie intelligenter. Bleiben Sie konzentriert. Seien Sie erfolgreich in Shenzhen.<\/em><\/p>\t\t\t\t\t\t\t\t<\/div>\n\t\t\t\t\t<\/div>\n\t\t\t\t<\/div>\n\t\t\t\t<\/div>","protected":false},"excerpt":{"rendered":"<p>Business Facilities at IntercityHotel Shenzhen Futian Huanggang In the dynamic heart of China\u2019s most futuristic city, IntercityHotel Shenzhen Futian Huanggang stands as a beacon of streamlined productivity and modern convenience. Located at 28 Fumin Road, Futian District, Shenzhen, 518048, the hotel is strategically positioned in the city\u2019s central business district, just steps from Huanggang Port\u2014a [&hellip;]<\/p>\n","protected":false},"author":1,"featured_media":0,"parent":0,"menu_order":0,"comment_status":"closed","ping_status":"closed","template":"","meta":{"footnotes":""},"class_list":["post-2109","page","type-page","status-publish","hentry","post-no-thumbnail"],"_links":{"self":[{"href":"https:\/\/intercityhotelshenzhen.com\/de\/wp-json\/wp\/v2\/pages\/2109","targetHints":{"allow":["GET"]}}],"collection":[{"href":"https:\/\/intercityhotelshenzhen.com\/de\/wp-json\/wp\/v2\/pages"}],"about":[{"href":"https:\/\/intercityhotelshenzhen.com\/de\/wp-json\/wp\/v2\/types\/page"}],"author":[{"embeddable":true,"href":"https:\/\/intercityhotelshenzhen.com\/de\/wp-json\/wp\/v2\/users\/1"}],"replies":[{"embeddable":true,"href":"https:\/\/intercityhotelshenzhen.com\/de\/wp-json\/wp\/v2\/comments?post=2109"}],"version-history":[{"count":0,"href":"https:\/\/intercityhotelshenzhen.com\/de\/wp-json\/wp\/v2\/pages\/2109\/revisions"}],"wp:attachment":[{"href":"https:\/\/intercityhotelshenzhen.com\/de\/wp-json\/wp\/v2\/media?parent=2109"}],"curies":[{"name":"wp","href":"https:\/\/api.w.org\/{rel}","templated":true}]}}