{"id":5266,"date":"2021-07-18T08:03:35","date_gmt":"2021-07-18T08:03:35","guid":{"rendered":"https:\/\/nuss.uxper.co\/luxury-resort\/?page_id=5266"},"modified":"2025-12-06T08:25:26","modified_gmt":"2025-12-06T08:25:26","slug":"uber-uns","status":"publish","type":"page","link":"https:\/\/intercityhotelshenzhen.com\/de\/uber-uns\/","title":{"rendered":"\u00dcber uns"},"content":{"rendered":"<div data-elementor-type=\"wp-page\" data-elementor-id=\"5266\" class=\"elementor elementor-5266\">\n\t\t\t\t\t\t<section class=\"elementor-section elementor-top-section elementor-element elementor-element-10416953 elementor-section-boxed elementor-section-gap-beside-yes elementor-section-height-default elementor-section-height-default elementor-section-column-vertical-align-stretch\" data-id=\"10416953\" data-element_type=\"section\" data-e-type=\"section\">\n\t\t\t\t\t\t<div class=\"elementor-container elementor-column-gap-extended\">\n\t\t\t\t\t<div class=\"elementor-column elementor-col-100 elementor-top-column elementor-element elementor-element-29c6aa8\" data-id=\"29c6aa8\" data-element_type=\"column\" data-e-type=\"column\">\n\t\t\t<div class=\"elementor-widget-wrap elementor-element-populated\">\n\t\t\t\t\t\t<div class=\"elementor-element elementor-element-7be18fe7 elementor-widget__width-initial elementor-invisible elementor-widget elementor-widget-text-editor\" data-id=\"7be18fe7\" data-element_type=\"widget\" data-e-type=\"widget\" data-settings=\"{&quot;_animation&quot;:&quot;nussFadeInUp&quot;}\" data-widget_type=\"text-editor.default\">\n\t\t\t\t\t\t\t\t\t<p><strong data-spm-anchor-id=\"a2ty_o01.29997173.0.i11.3db3c921mV6PYW\">IntercityHotel Shenzhen Futian Huanggang: Ihr intelligentes Tor zu Innovation und Konnektivit\u00e4t<\/strong><\/p>\t\t\t\t\t\t\t\t<\/div>\n\t\t\t\t\t<\/div>\n\t\t<\/div>\n\t\t\t\t\t<\/div>\n\t\t<\/section>\n\t\t\t\t<section class=\"elementor-section elementor-top-section elementor-element elementor-element-7d18327f elementor-section-boxed elementor-section-gap-beside-yes elementor-section-height-default elementor-section-height-default elementor-section-column-vertical-align-stretch\" data-id=\"7d18327f\" data-element_type=\"section\" data-e-type=\"section\">\n\t\t\t\t\t\t<div class=\"elementor-container elementor-column-gap-extended\">\n\t\t\t\t\t<div class=\"elementor-column elementor-col-50 elementor-top-column elementor-element elementor-element-56533670\" data-id=\"56533670\" data-element_type=\"column\" data-e-type=\"column\">\n\t\t\t<div class=\"elementor-widget-wrap elementor-element-populated\">\n\t\t\t\t\t\t<div class=\"elementor-element elementor-element-19c3f543 elementor-invisible elementor-widget elementor-widget-text-editor\" data-id=\"19c3f543\" data-element_type=\"widget\" data-e-type=\"widget\" data-settings=\"{&quot;_animation&quot;:&quot;nussFadeInUp&quot;}\" data-widget_type=\"text-editor.default\">\n\t\t\t\t\t\t\t\t\t<p data-spm-anchor-id=\"a2ty_o01.29997173.0.i7.3db3c921mV6PYW\">Im pulsierenden Herzen der chinesischen Technologiehauptstadt, wo Wolkenkratzer die Wolken durchbohren und die Zukunft heute gebaut wird, liegt ein Heiligtum moderner Effizienz und deutsch inspirierter Pr\u00e4zision: <strong>IntercityHotel Shenzhen Futian Huanggang<\/strong>. Standort <strong>28 Fumin Road, Futian District, Shenzhen, Guangdong, 518048<\/strong>Dieses moderne Hotel ist nicht nur eine Unterkunft \u2013 es ist ein strategischer Ausgangspunkt f\u00fcr den dynamischen Reisenden, der die Greater Bay Area erkundet.<\/p>\t\t\t\t\t\t\t\t<\/div>\n\t\t\t\t\t<\/div>\n\t\t<\/div>\n\t\t\t\t<div class=\"elementor-column elementor-col-50 elementor-top-column elementor-element elementor-element-30f14127\" data-id=\"30f14127\" data-element_type=\"column\" data-e-type=\"column\">\n\t\t\t<div class=\"elementor-widget-wrap elementor-element-populated\">\n\t\t\t\t\t\t<div class=\"elementor-element elementor-element-350da02e elementor-invisible nuss-elementor-loading nuss-slide-in-left elementor-widget elementor-widget-image\" data-id=\"350da02e\" data-element_type=\"widget\" data-e-type=\"widget\" data-settings=\"{&quot;_animation&quot;:&quot;nussSlideInLeft&quot;}\" data-widget_type=\"image.default\">\n\t\t\t\t\t\t\t\t\t\t\t\t\t\t\t<img fetchpriority=\"high\" decoding=\"async\" width=\"593\" height=\"853\" src=\"https:\/\/intercityhotelshenzhen.com\/wp-content\/uploads\/2025\/08\/IntercityHotel-Shenzhen-Futian-Huanggang-1.webp\" class=\"attachment-full size-full wp-image-5531\" alt=\"\" srcset=\"https:\/\/intercityhotelshenzhen.com\/wp-content\/uploads\/2025\/08\/IntercityHotel-Shenzhen-Futian-Huanggang-1.webp 593w, https:\/\/intercityhotelshenzhen.com\/wp-content\/uploads\/2025\/08\/IntercityHotel-Shenzhen-Futian-Huanggang-1-209x300.webp 209w\" sizes=\"(max-width: 593px) 100vw, 593px\" \/>\t\t\t\t\t\t\t\t\t\t\t\t\t\t\t<\/div>\n\t\t\t\t\t<\/div>\n\t\t<\/div>\n\t\t\t\t\t<\/div>\n\t\t<\/section>\n\t\t\t\t<section class=\"elementor-section elementor-top-section elementor-element elementor-element-29fb8578 elementor-section-height-min-height elementor-section-stretched elementor-section-full_width elementor-section-items-stretch elementor-section-height-default elementor-section-column-vertical-align-stretch\" data-id=\"29fb8578\" data-element_type=\"section\" data-e-type=\"section\" data-settings=\"{&quot;stretch_section&quot;:&quot;section-stretched&quot;}\">\n\t\t\t\t\t\t<div class=\"elementor-container elementor-column-gap-no\">\n\t\t\t\t\t<div class=\"elementor-column elementor-col-50 elementor-top-column elementor-element elementor-element-40ac270b\" data-id=\"40ac270b\" data-element_type=\"column\" data-e-type=\"column\">\n\t\t\t<div class=\"elementor-widget-wrap elementor-element-populated\">\n\t\t\t\t\t\t<div class=\"elementor-element elementor-element-20872773 elementor-widget__width-initial elementor-widget-mobile__width-inherit elementor-invisible nuss-elementor-loading nuss-slide-in-right elementor-widget elementor-widget-image\" data-id=\"20872773\" data-element_type=\"widget\" data-e-type=\"widget\" data-settings=\"{&quot;_animation&quot;:&quot;nussSlideInRight&quot;}\" data-widget_type=\"image.default\">\n\t\t\t\t\t\t\t\t\t\t\t\t\t\t\t<img decoding=\"async\" width=\"1276\" height=\"853\" src=\"https:\/\/intercityhotelshenzhen.com\/wp-content\/uploads\/2025\/08\/IntercityHotel-Shenzhen-Futian-Huanggang-45.webp\" class=\"attachment-full size-full wp-image-5575\" alt=\"\" srcset=\"https:\/\/intercityhotelshenzhen.com\/wp-content\/uploads\/2025\/08\/IntercityHotel-Shenzhen-Futian-Huanggang-45.webp 1276w, https:\/\/intercityhotelshenzhen.com\/wp-content\/uploads\/2025\/08\/IntercityHotel-Shenzhen-Futian-Huanggang-45-300x201.webp 300w, https:\/\/intercityhotelshenzhen.com\/wp-content\/uploads\/2025\/08\/IntercityHotel-Shenzhen-Futian-Huanggang-45-1024x685.webp 1024w, https:\/\/intercityhotelshenzhen.com\/wp-content\/uploads\/2025\/08\/IntercityHotel-Shenzhen-Futian-Huanggang-45-768x513.webp 768w\" sizes=\"(max-width: 1276px) 100vw, 1276px\" \/>\t\t\t\t\t\t\t\t\t\t\t\t\t\t\t<\/div>\n\t\t\t\t\t<\/div>\n\t\t<\/div>\n\t\t\t\t<div class=\"elementor-column elementor-col-50 elementor-top-column elementor-element elementor-element-2dac103\" data-id=\"2dac103\" data-element_type=\"column\" data-e-type=\"column\">\n\t\t\t<div class=\"elementor-widget-wrap elementor-element-populated\">\n\t\t\t\t\t\t<div class=\"elementor-element elementor-element-6f1b8966 elementor-invisible elementor-widget elementor-widget-text-editor\" data-id=\"6f1b8966\" data-element_type=\"widget\" data-e-type=\"widget\" data-settings=\"{&quot;_animation&quot;:&quot;nussFadeInUp&quot;}\" data-widget_type=\"text-editor.default\">\n\t\t\t\t\t\t\t\t\t<p data-spm-anchor-id=\"a2ty_o01.29997173.0.i8.3db3c921mV6PYW\">Gelegen in der <strong>Futian CBD<\/strong>, einem der wichtigsten Handels- und Finanzzentren Shenzhens, bietet das IntercityHotel einen unvergleichlichen Zugang zum Stadtzentrum. Seine erstklassige Lage, nur wenige Schritte von <strong>Hafen Huanggang<\/strong>, macht es zur idealen Wahl f\u00fcr Gesch\u00e4ftsleute, Unternehmer und Reisende, die die Grenze von und nach <strong>Hongkong<\/strong>. Ganz gleich, ob Sie hier sind, um an einem wichtigen Meeting im Finanzviertel der Stadt teilzunehmen, die neuesten Innovationen auf dem Elektronikmarkt Huaqiangbei zu erkunden oder einfach die elektrische Energie einer der zukunftsorientiertesten St\u00e4dte der Welt zu erleben, IntercityHotel ist darauf ausgelegt, Sie nahtlos dorthin zu bringen.<\/p><p>Das Hotel verk\u00f6rpert die <strong>\u201eDeutsche Qualit\u00e4t\u201c<\/strong> die Marke IntercityHotel ist bekannt f\u00fcr Zuverl\u00e4ssigkeit, Funktionalit\u00e4t und Konzentration auf das Wesentliche. Schon bei Ihrer Ankunft werden Sie die <strong>optimierter Check-in-Prozess<\/strong>, Die <strong>schlankes, minimalistisches Design<\/strong>und die <strong>durchdachte Annehmlichkeiten<\/strong> die den Bed\u00fcrfnissen des modernen Reisenden gerecht werden. Jedes Zimmer ist eine Oase des Komforts mit schalldichten Fenstern, die den L\u00e4rm der Stadt ausblenden, Highspeed-WLAN f\u00fcr unterbrechungsfreie Konnektivit\u00e4t, ergonomischen Arbeitsbereichen und einer erfrischenden Regendusche, die Sie auf den bevorstehenden Tag vorbereitet.<\/p>\t\t\t\t\t\t\t\t<\/div>\n\t\t\t\t\t<\/div>\n\t\t<\/div>\n\t\t\t\t\t<\/div>\n\t\t<\/section>\n\t\t\t\t<section class=\"elementor-section elementor-top-section elementor-element elementor-element-5da7f21 elementor-section-height-min-height elementor-section-stretched elementor-section-full_width elementor-section-items-stretch elementor-section-height-default elementor-section-column-vertical-align-stretch\" data-id=\"5da7f21\" data-element_type=\"section\" data-e-type=\"section\" data-settings=\"{&quot;stretch_section&quot;:&quot;section-stretched&quot;}\">\n\t\t\t\t\t\t<div class=\"elementor-container elementor-column-gap-no\">\n\t\t\t\t\t<div class=\"elementor-column elementor-col-50 elementor-top-column elementor-element elementor-element-6a14f55\" data-id=\"6a14f55\" data-element_type=\"column\" data-e-type=\"column\">\n\t\t\t<div class=\"elementor-widget-wrap elementor-element-populated\">\n\t\t\t\t\t\t<div class=\"elementor-element elementor-element-e355255 elementor-invisible elementor-widget elementor-widget-text-editor\" data-id=\"e355255\" data-element_type=\"widget\" data-e-type=\"widget\" data-settings=\"{&quot;_animation&quot;:&quot;nussFadeInUp&quot;}\" data-widget_type=\"text-editor.default\">\n\t\t\t\t\t\t\t\t\t<p data-spm-anchor-id=\"a2ty_o01.29997173.0.i10.3db3c921mV6PYW\">\u00dcber seine Kernfunktionalit\u00e4t hinaus bietet das Hotel <strong>24-Stunden-Rezeption<\/strong> Und <strong>kostenlose Gep\u00e4ckaufbewahrung<\/strong>, um sicherzustellen, dass Ihre An- und Abreise so reibungslos wie m\u00f6glich verl\u00e4uft. Dank der direkten N\u00e4he zur U-Bahn und zu grenz\u00fcberschreitenden Verkehrsverbindungen k\u00f6nnen Sie m\u00fchelos die pulsierenden Viertel von Shenzhen erkunden oder einen kurzen Ausflug nach Hongkong unternehmen.<\/p><p>IntercityHotel Shenzhen Futian Huanggang ist mehr als nur ein Hotel; es ist ein <strong>Drehscheibe der Effizienz<\/strong> in einer Stadt, die niemals schl\u00e4ft. Hier finden Gesch\u00e4ftsreisende die Konzentration, die sie brauchen, Stadtentdecker einen ruhigen R\u00fcckzugsort und jeder Gast entdeckt, dass die besten Erlebnisse oft in Einfachheit, Pr\u00e4zision und perfekter Lage liegen.<\/p><p>Egal, ob Sie einen Tag oder eine Woche in Shenzhen verbringen, beginnen Sie Ihre Reise mit Zuversicht. Im IntercityHotel ist Ihr Aufenthalt nicht nur komfortabel, sondern auch intelligent.<\/p>\t\t\t\t\t\t\t\t<\/div>\n\t\t\t\t\t<\/div>\n\t\t<\/div>\n\t\t\t\t<div class=\"elementor-column elementor-col-50 elementor-top-column elementor-element elementor-element-8b4243a\" data-id=\"8b4243a\" data-element_type=\"column\" data-e-type=\"column\">\n\t\t\t<div class=\"elementor-widget-wrap elementor-element-populated\">\n\t\t\t\t\t\t<div class=\"elementor-element elementor-element-4552a68 elementor-widget__width-initial elementor-widget-mobile__width-inherit elementor-invisible nuss-elementor-loading nuss-slide-in-right elementor-widget elementor-widget-image\" data-id=\"4552a68\" data-element_type=\"widget\" data-e-type=\"widget\" data-settings=\"{&quot;_animation&quot;:&quot;nussSlideInRight&quot;}\" data-widget_type=\"image.default\">\n\t\t\t\t\t\t\t\t\t\t\t\t\t\t\t<img decoding=\"async\" width=\"1127\" height=\"853\" src=\"https:\/\/intercityhotelshenzhen.com\/wp-content\/uploads\/2025\/08\/IntercityHotel-Shenzhen-Futian-Huanggang-22.webp\" class=\"attachment-full size-full wp-image-5552\" alt=\"\" srcset=\"https:\/\/intercityhotelshenzhen.com\/wp-content\/uploads\/2025\/08\/IntercityHotel-Shenzhen-Futian-Huanggang-22.webp 1127w, https:\/\/intercityhotelshenzhen.com\/wp-content\/uploads\/2025\/08\/IntercityHotel-Shenzhen-Futian-Huanggang-22-300x227.webp 300w, https:\/\/intercityhotelshenzhen.com\/wp-content\/uploads\/2025\/08\/IntercityHotel-Shenzhen-Futian-Huanggang-22-1024x775.webp 1024w, https:\/\/intercityhotelshenzhen.com\/wp-content\/uploads\/2025\/08\/IntercityHotel-Shenzhen-Futian-Huanggang-22-768x581.webp 768w\" sizes=\"(max-width: 1127px) 100vw, 1127px\" \/>\t\t\t\t\t\t\t\t\t\t\t\t\t\t\t<\/div>\n\t\t\t\t\t<\/div>\n\t\t<\/div>\n\t\t\t\t\t<\/div>\n\t\t<\/section>\n\t\t\t\t<\/div>","protected":false},"excerpt":{"rendered":"<p>IntercityHotel Shenzhen Futian Huanggang: Your Smart Gateway to Innovation and Connectivity In the pulsating heart of China\u2019s tech capital, where skyscrapers pierce the clouds and the future is being built today, lies a sanctuary of modern efficiency and German-inspired precision: IntercityHotel Shenzhen Futian Huanggang. Located at 28 Fumin Road, Futian District, Shenzhen, Guangdong, 518048, this [&hellip;]<\/p>\n","protected":false},"author":1,"featured_media":0,"parent":0,"menu_order":0,"comment_status":"closed","ping_status":"closed","template":"","meta":{"footnotes":""},"class_list":["post-5266","page","type-page","status-publish","hentry","post-no-thumbnail"],"_links":{"self":[{"href":"https:\/\/intercityhotelshenzhen.com\/de\/wp-json\/wp\/v2\/pages\/5266","targetHints":{"allow":["GET"]}}],"collection":[{"href":"https:\/\/intercityhotelshenzhen.com\/de\/wp-json\/wp\/v2\/pages"}],"about":[{"href":"https:\/\/intercityhotelshenzhen.com\/de\/wp-json\/wp\/v2\/types\/page"}],"author":[{"embeddable":true,"href":"https:\/\/intercityhotelshenzhen.com\/de\/wp-json\/wp\/v2\/users\/1"}],"replies":[{"embeddable":true,"href":"https:\/\/intercityhotelshenzhen.com\/de\/wp-json\/wp\/v2\/comments?post=5266"}],"version-history":[{"count":0,"href":"https:\/\/intercityhotelshenzhen.com\/de\/wp-json\/wp\/v2\/pages\/5266\/revisions"}],"wp:attachment":[{"href":"https:\/\/intercityhotelshenzhen.com\/de\/wp-json\/wp\/v2\/media?parent=5266"}],"curies":[{"name":"wp","href":"https:\/\/api.w.org\/{rel}","templated":true}]}}