{"id":612,"date":"2021-03-26T10:04:13","date_gmt":"2021-03-26T10:04:13","guid":{"rendered":"http:\/\/localhost\/nuss\/?page_id=612"},"modified":"2025-12-06T08:26:05","modified_gmt":"2025-12-06T08:26:05","slug":"restaurant","status":"publish","type":"page","link":"https:\/\/intercityhotelshenzhen.com\/de\/restaurant\/","title":{"rendered":"Restaurant"},"content":{"rendered":"<div data-elementor-type=\"wp-page\" data-elementor-id=\"612\" class=\"elementor elementor-612\">\n\t\t\t\t\t\t<section class=\"elementor-section elementor-top-section elementor-element elementor-element-e2effe8 elementor-section-boxed elementor-section-gap-beside-yes elementor-section-height-default elementor-section-height-default elementor-section-column-vertical-align-stretch\" data-id=\"e2effe8\" data-element_type=\"section\" data-e-type=\"section\">\n\t\t\t\t\t\t<div class=\"elementor-container elementor-column-gap-extended\">\n\t\t\t\t\t<div class=\"elementor-column elementor-col-100 elementor-top-column elementor-element elementor-element-e18f688\" data-id=\"e18f688\" data-element_type=\"column\" data-e-type=\"column\">\n\t\t\t<div class=\"elementor-widget-wrap elementor-element-populated\">\n\t\t\t\t\t\t<div class=\"elementor-element elementor-element-6db146d elementor-widget__width-initial elementor-invisible elementor-widget elementor-widget-text-editor\" data-id=\"6db146d\" data-element_type=\"widget\" data-e-type=\"widget\" data-settings=\"{&quot;_animation&quot;:&quot;nussFadeInUp&quot;}\" data-widget_type=\"text-editor.default\">\n\t\t\t\t\t\t\t\t\t<p><strong data-spm-anchor-id=\"a2ty_o01.29997173.0.i35.3db3c921mV6PYW\">Genie\u00dfen Sie die Essenz der Effizienz: Speisen im IntercityHotel Shenzhen Futian Huanggang<\/strong><\/p>\t\t\t\t\t\t\t\t<\/div>\n\t\t\t\t\t<\/div>\n\t\t<\/div>\n\t\t\t\t\t<\/div>\n\t\t<\/section>\n\t\t<div class=\"elementor-element elementor-element-ffff2a3 e-flex e-con-boxed e-con e-parent\" data-id=\"ffff2a3\" data-element_type=\"container\" data-e-type=\"container\">\n\t\t\t\t\t<div class=\"e-con-inner\">\n\t\t\t\t<div class=\"elementor-element elementor-element-a5d4233 elementor-widget elementor-widget-nuss-image-gallery\" data-id=\"a5d4233\" data-element_type=\"widget\" data-e-type=\"widget\" data-widget_type=\"nuss-image-gallery.default\">\n\t\t\t\t<div class=\"elementor-widget-container\">\n\t\t\t\t\t\t\t<div class=\"nuss-grid-wrapper\" data-grid=\"{&quot;type&quot;:&quot;grid&quot;,&quot;ratio&quot;:null,&quot;columns&quot;:3,&quot;gutter&quot;:30}\">\r\n\t\t\t<div class=\"nuss-grid lazy-grid\">\r\n\t\t\t\t<div class=\"grid-sizer\"><\/div>\r\n\r\n\t\t\t\t\t\t\t\t\t\t\t\t<div class=\"grid-item\">\r\n\t\t\t\t\t\t<div class=\"nuss-box\">\t\t<div class=\"nuss-image image\">\r\n\t\t\t<img decoding=\"async\"  src=\"https:\/\/intercityhotelshenzhen.com\/wp-content\/uploads\/2025\/08\/IntercityHotel-Shenzhen-Futian-Huanggang-70.webp\" alt=\"IntercityHotel Shenzhen Futian Huanggang (70)\" \/>\t\t<\/div>\r\n\t\t\t\t<\/div>\t\t\t\t\t<\/div>\r\n\t\t\t\t\t\t<div class=\"grid-item\">\r\n\t\t\t\t\t\t<div class=\"nuss-box\">\t\t<div class=\"nuss-image image\">\r\n\t\t\t<img decoding=\"async\"  src=\"https:\/\/intercityhotelshenzhen.com\/wp-content\/uploads\/2025\/08\/IntercityHotel-Shenzhen-Futian-Huanggang-80.webp\" alt=\"IntercityHotel Shenzhen Futian Huanggang (80)\" \/>\t\t<\/div>\r\n\t\t\t\t<\/div>\t\t\t\t\t<\/div>\r\n\t\t\t\t\t\t<div class=\"grid-item\">\r\n\t\t\t\t\t\t<div class=\"nuss-box\">\t\t<div class=\"nuss-image image\">\r\n\t\t\t<img decoding=\"async\"  src=\"https:\/\/intercityhotelshenzhen.com\/wp-content\/uploads\/2025\/08\/IntercityHotel-Shenzhen-Futian-Huanggang-73.webp\" alt=\"IntercityHotel Shenzhen Futian Huanggang (73)\" \/>\t\t<\/div>\r\n\t\t\t\t<\/div>\t\t\t\t\t<\/div>\r\n\t\t\t\t\t\t<div class=\"grid-item\">\r\n\t\t\t\t\t\t<div class=\"nuss-box\">\t\t<div class=\"nuss-image image\">\r\n\t\t\t<img decoding=\"async\"  src=\"https:\/\/intercityhotelshenzhen.com\/wp-content\/uploads\/2025\/08\/IntercityHotel-Shenzhen-Futian-Huanggang-74.webp\" alt=\"IntercityHotel Shenzhen Futian Huanggang (74)\" \/>\t\t<\/div>\r\n\t\t\t\t<\/div>\t\t\t\t\t<\/div>\r\n\t\t\t\t\t\t<div class=\"grid-item\">\r\n\t\t\t\t\t\t<div class=\"nuss-box\">\t\t<div class=\"nuss-image image\">\r\n\t\t\t<img decoding=\"async\"  src=\"https:\/\/intercityhotelshenzhen.com\/wp-content\/uploads\/2025\/08\/IntercityHotel-Shenzhen-Futian-Huanggang-87.webp\" alt=\"IntercityHotel Shenzhen Futian Huanggang (87)\" \/>\t\t<\/div>\r\n\t\t\t\t<\/div>\t\t\t\t\t<\/div>\r\n\t\t\t\t\t\t<div class=\"grid-item\">\r\n\t\t\t\t\t\t<div class=\"nuss-box\">\t\t<div class=\"nuss-image image\">\r\n\t\t\t<img decoding=\"async\"  src=\"https:\/\/intercityhotelshenzhen.com\/wp-content\/uploads\/2025\/08\/IntercityHotel-Shenzhen-Futian-Huanggang-7.webp\" alt=\"IntercityHotel Shenzhen Futian Huanggang (7)\" \/>\t\t<\/div>\r\n\t\t\t\t<\/div>\t\t\t\t\t<\/div>\r\n\t\t\t\t\t\t<div class=\"grid-item\">\r\n\t\t\t\t\t\t<div class=\"nuss-box\">\t\t<div class=\"nuss-image image\">\r\n\t\t\t<img decoding=\"async\"  src=\"https:\/\/intercityhotelshenzhen.com\/wp-content\/uploads\/2025\/08\/IntercityHotel-Shenzhen-Futian-Huanggang-93.webp\" alt=\"IntercityHotel Shenzhen Futian Huanggang (93)\" \/>\t\t<\/div>\r\n\t\t\t\t<\/div>\t\t\t\t\t<\/div>\r\n\t\t\t\t\t\t<div class=\"grid-item\">\r\n\t\t\t\t\t\t<div class=\"nuss-box\">\t\t<div class=\"nuss-image image\">\r\n\t\t\t<img decoding=\"async\"  src=\"https:\/\/intercityhotelshenzhen.com\/wp-content\/uploads\/2025\/08\/IntercityHotel-Shenzhen-Futian-Huanggang-6.webp\" alt=\"IntercityHotel Shenzhen Futian Huanggang (6)\" \/>\t\t<\/div>\r\n\t\t\t\t<\/div>\t\t\t\t\t<\/div>\r\n\t\t\t\t\t\t<div class=\"grid-item\">\r\n\t\t\t\t\t\t<div class=\"nuss-box\">\t\t<div class=\"nuss-image image\">\r\n\t\t\t<img decoding=\"async\"  src=\"https:\/\/intercityhotelshenzhen.com\/wp-content\/uploads\/2025\/08\/IntercityHotel-Shenzhen-Futian-Huanggang-91.webp\" alt=\"IntercityHotel Shenzhen Futian Huanggang (91)\" \/>\t\t<\/div>\r\n\t\t\t\t<\/div>\t\t\t\t\t<\/div>\r\n\t\t\t\t\t\t<div class=\"grid-item\">\r\n\t\t\t\t\t\t<div class=\"nuss-box\">\t\t<div class=\"nuss-image image\">\r\n\t\t\t<img decoding=\"async\"  src=\"https:\/\/intercityhotelshenzhen.com\/wp-content\/uploads\/2025\/08\/IntercityHotel-Shenzhen-Futian-Huanggang-79.webp\" alt=\"IntercityHotel Shenzhen Futian Huanggang (79)\" \/>\t\t<\/div>\r\n\t\t\t\t<\/div>\t\t\t\t\t<\/div>\r\n\t\t\t\t\t\t<div class=\"grid-item\">\r\n\t\t\t\t\t\t<div class=\"nuss-box\">\t\t<div class=\"nuss-image image\">\r\n\t\t\t<img decoding=\"async\"  src=\"https:\/\/intercityhotelshenzhen.com\/wp-content\/uploads\/2025\/08\/IntercityHotel-Shenzhen-Futian-Huanggang-77.webp\" alt=\"IntercityHotel Shenzhen Futian Huanggang (77)\" \/>\t\t<\/div>\r\n\t\t\t\t<\/div>\t\t\t\t\t<\/div>\r\n\t\t\t\t\t\t<div class=\"grid-item\">\r\n\t\t\t\t\t\t<div class=\"nuss-box\">\t\t<div class=\"nuss-image image\">\r\n\t\t\t<img decoding=\"async\"  src=\"https:\/\/intercityhotelshenzhen.com\/wp-content\/uploads\/2025\/08\/IntercityHotel-Shenzhen-Futian-Huanggang-72.webp\" alt=\"IntercityHotel Shenzhen Futian Huanggang (72)\" \/>\t\t<\/div>\r\n\t\t\t\t<\/div>\t\t\t\t\t<\/div>\r\n\t\t\t\t\t\t\t\r\n\t\t\t<\/div>\r\n\t\t<\/div>\r\n\t\t\t\t\t\t<\/div>\n\t\t\t\t<\/div>\n\t\t\t\t\t<\/div>\n\t\t\t\t<\/div>\n\t\t<div class=\"elementor-element elementor-element-4122f6f e-flex e-con-boxed e-con e-parent\" data-id=\"4122f6f\" data-element_type=\"container\" data-e-type=\"container\">\n\t\t\t\t\t<div class=\"e-con-inner\">\n\t\t\t\t<div class=\"elementor-element elementor-element-882f2e3 elementor-widget elementor-widget-text-editor\" data-id=\"882f2e3\" data-element_type=\"widget\" data-e-type=\"widget\" data-widget_type=\"text-editor.default\">\n\t\t\t\t\t\t\t\t\t<p>Im schnelllebigen, innovationsgetriebenen Herzen des Futian-Distrikts von Shenzhen, wo jede Minute z\u00e4hlt, <strong>Restaurant im IntercityHotel Shenzhen Futian Huanggang<\/strong> bietet eine erfrischende Philosophie: Das Essen sollte so nahtlos und zufriedenstellend sein wie der Rest Ihres Aufenthalts. Befindet sich bei <strong>28 Fumin Road, Futian District, Shenzhen, 518048<\/strong>, unser kulinarisches Erlebnis vor Ort dreht sich nicht um aufwendige Men\u00fcs oder langwierigen Service, sondern um <strong>Pr\u00e4zision, Qualit\u00e4t und purer Komfort<\/strong>\u2013 eine perfekte Widerspiegelung des deutsch inspirierten Ethos des Hotels.<\/p><p>Wir wissen, dass unsere G\u00e4ste \u2013 Gesch\u00e4ftsleute, Unternehmer und erfahrene Reisende \u2013 einen vollen Terminkalender haben. Ob Sie sich auf ein wichtiges Meeting im CBD vorbereiten, von einem Besuch des gesch\u00e4ftigen Elektronikmarkts Huaqiangbei zur\u00fcckkehren oder nach einer langen Reise einfach eine zuverl\u00e4ssige Mahlzeit ben\u00f6tigen \u2013 unser Restaurant ist darauf ausgerichtet, Ihre Bed\u00fcrfnisse kompromisslos zu erf\u00fcllen.<\/p><h3>Ein Fr\u00fchst\u00fcck f\u00fcr den Erfolg<\/h3><p>Beginnen Sie Ihren Tag voller Zuversicht bei uns <strong>t\u00e4gliches Fr\u00fchst\u00fccksbuffet<\/strong>, in den meisten Zimmerpreisen enthalten. Wir haben ein Men\u00fc zusammengestellt, das ausbalanciert <strong>internationale Favoriten mit authentischen chinesischen Aromen<\/strong>, sodass f\u00fcr jeden Geschmack und jede Vorliebe etwas dabei ist.<\/p><ul><li><strong>Western-Auswahl<\/strong>: Frisch gebackenes Brot, verschiedene M\u00fcslisorten, auf Bestellung zubereitete Eier sowie erstklassiger Kaffee und Tee.<\/li><li><strong>Chinesische Favoriten<\/strong>: Dampfende Sch\u00fcsseln mit Congee, herzhafte Baozi (ged\u00e4mpfte Br\u00f6tchen), Nudeln und eine Auswahl traditioneller warmer und kalter Gerichte.<\/li><li><strong>Gesunde Optionen<\/strong>: Eine Auswahl an frischem Obst, Joghurt und S\u00e4ften, um Ihren Morgen voller Vitalit\u00e4t zu beginnen.<\/li><\/ul><p>Der Fr\u00fchst\u00fccksbereich ist hell, sauber und effizient angelegt, sodass Sie sich eine Mahlzeit holen und mitnehmen oder sich einen Moment Zeit nehmen k\u00f6nnen, um in einer ruhigen, ablenkungsfreien Umgebung Ihren Tag zu planen.<\/p><h3>Einfaches, hochwertiges Essen den ganzen Tag \u00fcber<\/h3><p>\u00dcber das Fr\u00fchst\u00fcck hinaus konzentrieren wir uns weiterhin auf die Bereitstellung <strong>einfaches, hochwertiges Essen<\/strong> zum Mittag- und Abendessen. Obwohl wir m\u00f6glicherweise kein umfangreiches \u00e0 la carte-Men\u00fc haben, bieten wir eine Auswahl an <strong>leichte Mahlzeiten, Sandwiches und lokale Spezialit\u00e4ten<\/strong> die sich perfekt f\u00fcr einen schnellen, s\u00e4ttigenden Happen eignen. Denken Sie an frische Salate, herzhafte Suppen und fachm\u00e4nnisch zubereitete asiatische Gerichte \u2013 alles aus frischen Zutaten und effizient serviert.<\/p><p>F\u00fcr G\u00e4ste, die ein umfassenderes kulinarisches Erlebnis suchen, ist die erstklassige Lage des Hotels ein gro\u00dfer Vorteil. Im Umkreis von 5 bis 10 Gehminuten finden Sie eine gro\u00dfe Auswahl an Restaurants, vom gehobenen Gesch\u00e4ftsessen bis hin zu lokalen Imbissst\u00e4nden, die alles von kantonesischem Dim Sum bis hin zu Sichuan-Hot Pot anbieten.<\/p><h3>Die Speisephilosophie des IntercityHotels<\/h3><p>Unser Restaurant verk\u00f6rpert die Kernwerte der Marke IntercityHotel: <strong>Zuverl\u00e4ssigkeit, Funktionalit\u00e4t und Wert<\/strong>Wir glauben, dass ein gutes Essen nicht kompliziert sein muss. Es sollte sein:<\/p><ul><li><strong>Effizient<\/strong>: Schneller Service und ein optimiertes Layout bedeuten, dass Sie weniger Zeit mit Warten und mehr Zeit mit Tun verbringen.<\/li><li><strong>Konsistent<\/strong>: Sie k\u00f6nnen jedes Mal den gleichen hohen Standard an Qualit\u00e4t und Sauberkeit erwarten.<\/li><li><strong>Unterst\u00fctzend<\/strong>: Wir sind hier, um Sie auf Ihrem Weg zu unterst\u00fctzen, sei es eine warme Mahlzeit um 6 Uhr morgens oder eine ruhige Ecke zum Arbeiten bei einer Tasse Kaffee.<\/li><\/ul><div class=\"py-2 my-3\"><hr \/><\/div><p><strong>Erleben Sie den Unterschied von Smart Dining<\/strong><\/p><p>Im IntercityHotel Shenzhen Futian Huanggang ist unser Restaurant mehr als nur ein Ort zum Essen; es ist ein wesentlicher Bestandteil Ihres produktiven und komfortablen Aufenthalts. Wir wollen nicht die Extravagantesten sein, sondern die Verl\u00e4sslichen.<\/p><p>Egal, ob Sie f\u00fcr einen Tag voller Innovationen Kraft tanken oder nach einem erfolgreichen Meeting entspannen m\u00f6chten, Sie werden ein kulinarisches Erlebnis vorfinden, das so effizient und gut umgesetzt ist wie die Stadt selbst.<\/p><div class=\"py-2 my-3\"><hr \/><\/div><p><strong>Planen Sie Ihren Aufenthalt im IntercityHotel Shenzhen Futian Huanggang<\/strong><\/p><p>\ud83d\udccd <strong>Adresse<\/strong>: 28 Fumin Road, Futian District, Shenzhen, Guangdong, 518048, China \ud83d\udcde <strong>Telefon<\/strong>: +86 755 8280 8888 | \ud83c\udf10 <strong>Webseite<\/strong>: <a href=\"https:\/\/intercityhotelshenzhen.com\/de\/\" target=\"_blank\" rel=\"nofollow noopener\">www.intercityhotelshenzhen.com<\/a><\/p><p data-spm-anchor-id=\"a2ty_o01.29997173.0.i34.3db3c921mV6PYW\"><em>Ihr effizienter Aufenthalt in Shenzhen beginnt hier.<\/em> \ud83c\udf73\u2615\ud83c\udfd9\ufe0f<\/p>\t\t\t\t\t\t\t\t<\/div>\n\t\t\t\t\t<\/div>\n\t\t\t\t<\/div>\n\t\t\t\t<\/div>","protected":false},"excerpt":{"rendered":"<p>Savor the Essence of Efficiency: Dining at IntercityHotel Shenzhen Futian Huanggang In the fast-paced, innovation-driven heart of Shenzhen\u2019s Futian District, where every minute counts, the restaurant at IntercityHotel Shenzhen Futian Huanggang offers a refreshing philosophy: dining should be as seamless and satisfying as the rest of your stay. Located at 28 Fumin Road, Futian District, [&hellip;]<\/p>\n","protected":false},"author":1,"featured_media":0,"parent":0,"menu_order":0,"comment_status":"closed","ping_status":"closed","template":"","meta":{"footnotes":""},"class_list":["post-612","page","type-page","status-publish","hentry","post-no-thumbnail"],"_links":{"self":[{"href":"https:\/\/intercityhotelshenzhen.com\/de\/wp-json\/wp\/v2\/pages\/612","targetHints":{"allow":["GET"]}}],"collection":[{"href":"https:\/\/intercityhotelshenzhen.com\/de\/wp-json\/wp\/v2\/pages"}],"about":[{"href":"https:\/\/intercityhotelshenzhen.com\/de\/wp-json\/wp\/v2\/types\/page"}],"author":[{"embeddable":true,"href":"https:\/\/intercityhotelshenzhen.com\/de\/wp-json\/wp\/v2\/users\/1"}],"replies":[{"embeddable":true,"href":"https:\/\/intercityhotelshenzhen.com\/de\/wp-json\/wp\/v2\/comments?post=612"}],"version-history":[{"count":0,"href":"https:\/\/intercityhotelshenzhen.com\/de\/wp-json\/wp\/v2\/pages\/612\/revisions"}],"wp:attachment":[{"href":"https:\/\/intercityhotelshenzhen.com\/de\/wp-json\/wp\/v2\/media?parent=612"}],"curies":[{"name":"wp","href":"https:\/\/api.w.org\/{rel}","templated":true}]}}