{"id":647,"date":"2021-03-29T02:13:52","date_gmt":"2021-03-29T02:13:52","guid":{"rendered":"http:\/\/localhost\/nuss\/?page_id=647"},"modified":"2025-12-06T08:26:11","modified_gmt":"2025-12-06T08:26:11","slug":"dienstleistungen","status":"publish","type":"page","link":"https:\/\/intercityhotelshenzhen.com\/de\/dienstleistungen\/","title":{"rendered":"Leistungen"},"content":{"rendered":"<div data-elementor-type=\"wp-page\" data-elementor-id=\"647\" class=\"elementor elementor-647\">\n\t\t\t\t\t\t<section class=\"elementor-section elementor-top-section elementor-element elementor-element-3353bc8 elementor-section-boxed elementor-section-gap-beside-yes elementor-section-height-default elementor-section-height-default elementor-section-column-vertical-align-stretch\" data-id=\"3353bc8\" data-element_type=\"section\" data-e-type=\"section\">\n\t\t\t\t\t\t<div class=\"elementor-container elementor-column-gap-extended\">\n\t\t\t\t\t<div class=\"elementor-column elementor-col-100 elementor-top-column elementor-element elementor-element-0a2bc64\" data-id=\"0a2bc64\" data-element_type=\"column\" data-e-type=\"column\">\n\t\t\t<div class=\"elementor-widget-wrap elementor-element-populated\">\n\t\t\t\t\t\t<div class=\"elementor-element elementor-element-447e3ef elementor-widget__width-initial elementor-invisible elementor-widget elementor-widget-text-editor\" data-id=\"447e3ef\" data-element_type=\"widget\" data-e-type=\"widget\" data-settings=\"{&quot;_animation&quot;:&quot;nussFadeInUp&quot;}\" data-widget_type=\"text-editor.default\">\n\t\t\t\t\t\t\t\t\t<p><strong data-spm-anchor-id=\"a2ty_o01.29997173.0.i44.3db3c921mV6PYW\">Au\u00dfergew\u00f6hnliche Services, entwickelt f\u00fcr den modernen Reisenden: Ihr Erlebnis im IntercityHotel Shenzhen Futian Huanggang<\/strong><\/p>\t\t\t\t\t\t\t\t<\/div>\n\t\t\t\t\t<\/div>\n\t\t<\/div>\n\t\t\t\t\t<\/div>\n\t\t<\/section>\n\t\t<div class=\"elementor-element elementor-element-7f2509d e-flex e-con-boxed e-con e-parent\" data-id=\"7f2509d\" data-element_type=\"container\" data-e-type=\"container\">\n\t\t\t\t\t<div class=\"e-con-inner\">\n\t\t\t\t<div class=\"elementor-element elementor-element-0c81d71 elementor-widget elementor-widget-text-editor\" data-id=\"0c81d71\" data-element_type=\"widget\" data-e-type=\"widget\" data-widget_type=\"text-editor.default\">\n\t\t\t\t\t\t\t\t\t<p>Bei <strong>IntercityHotel Shenzhen Futian Huanggang<\/strong>, gelegen in <strong>28 Fumin Road, Futian District, Shenzhen, 518048<\/strong>Wir sind \u00fcberzeugt, dass das Kennzeichen eines wirklich gro\u00dfartigen Hotels nicht Extravaganz, sondern die perfekte Umsetzung des Wesentlichen ist. Unsere Dienstleistungen sind sorgf\u00e4ltig auf den anspruchsvollen Reisenden zugeschnitten \u2013 egal, ob Sie als Gesch\u00e4ftsreisender die dynamische Greater Bay Area erkunden oder als Tourist einen komfortablen Ausgangspunkt in Chinas innovativster Stadt suchen. Basierend auf dem renommierten deutschen Erbe der Marke IntercityHotel liegt unser Fokus auf <strong>Effizienz, Zuverl\u00e4ssigkeit und intelligentes Design<\/strong>, um sicherzustellen, dass jeder Aspekt Ihres Aufenthalts reibungslos, produktiv und stressfrei verl\u00e4uft.<\/p><h3>24-Stunden-Rezeption und pers\u00f6nlicher G\u00e4stesupport<\/h3><p>Das Herzst\u00fcck unseres Services ist unsere <strong>24-Stunden-Rezeption<\/strong>, besetzt mit einem mehrsprachigen Team, das flie\u00dfend spricht <strong>Mandarin und Englisch<\/strong>, auf Anfrage unterst\u00fctzen wir Sie gerne in Grundkenntnissen in Franz\u00f6sisch, Deutsch und Japanisch. Wir sind rund um die Uhr f\u00fcr Sie da, egal ob Sie sp\u00e4t abends von einem Flug nach Hongkong ankommen oder im Morgengrauen zu einem fr\u00fchen Meeting aufbrechen m\u00fcssen. Unser Team bietet Ihnen individuelle Unterst\u00fctzung, darunter:<\/p><ul><li><strong>Detaillierte lokale Empfehlungen<\/strong> f\u00fcr authentisches Essen, Einkaufen in Huaqiangbei oder einen Besuch des Shenzhen Museums.<\/li><li><strong>Transportvereinbarungen<\/strong> f\u00fcr Taxis, Didi (Chinas Uber) oder Anleitungen zur Nutzung der U-Bahn- und Bussysteme.<\/li><li><strong>Hilfe beim Drucken, Versenden von Nachrichten und Weckrufen<\/strong> um Ihren Zeitplan zu unterst\u00fctzen.<\/li><li><strong>Unterst\u00fctzung bei der Buchung von Touren<\/strong> oder Eintrittskarten f\u00fcr lokale Sehensw\u00fcrdigkeiten.<\/li><\/ul><p>Wir sind nicht nur eine Servicestelle; wir sind Ihr vertrauensw\u00fcrdiger Partner bei der Navigation durch Shenzhen.<\/p><h3>Reibungslose Ankunft und Abreise<\/h3><p>Das Reisen durch einen der verkehrsreichsten Grenz\u00fcberg\u00e4nge Asiens wird durch unsere strategische Lage erleichtert, nur <strong>500 Meter vom Hafen Huanggang entfernt<\/strong>F\u00fcr G\u00e4ste, die aus Hongkong anreisen, ist der kurze 5-7-min\u00fctige Spaziergang zum Hotel ein gro\u00dfer Vorteil. Wir bieten zwar keinen direkten privaten Flughafentransfer an, k\u00f6nnen aber <strong>Hilfe bei der Organisation eines zuverl\u00e4ssigen Taxis<\/strong> vom internationalen Flughafen Shenzhen Bao&#039;an (SZX) oder vom internationalen Flughafen Hongkong (HKG). F\u00fcr Ihre Abreise helfen wir Ihnen gerne bei der Buchung Ihrer n\u00e4chsten Fahrt und sorgen so f\u00fcr einen p\u00fcnktlichen und reibungslosen \u00dcbergang.<\/p><p>Wir bieten auch <strong>kostenlose Gep\u00e4ckaufbewahrung<\/strong> vor dem Check-in und nach dem Check-out, sodass Sie die Stadt frei erkunden k\u00f6nnen, egal ob Sie das Grand Shenzhen Theatre besuchen oder eine Mahlzeit im Futian CBD genie\u00dfen.<\/p><h3>Komfort und Bequemlichkeit in jedem Detail<\/h3><p>Ihr Komfort ist unsere Priorit\u00e4t. Jedes Zimmer im IntercityHotel ist ausgestattet mit <strong>kostenloses Highspeed-WLAN<\/strong>, damit Sie bei der Arbeit oder in der Freizeit immer in Verbindung bleiben. Wir wissen, wie wichtig eine gute Nachtruhe ist. Deshalb verf\u00fcgen alle Zimmer \u00fcber <strong>klimatisierte Klimaanlage<\/strong>, hochwertige Bettw\u00e4sche und <strong>Schallschutzfenster<\/strong> um die Energie der Stadt in Schach zu halten.<\/p><p>Wir bieten <strong>t\u00e4gliche Zimmerreinigung<\/strong> um Ihren Raum frisch und einladend zu halten, zusammen mit <strong>Premium-Toilettenartikel, weiche Badem\u00e4ntel und Qualit\u00e4tshandt\u00fccher<\/strong>Jedes Zimmer verf\u00fcgt \u00fcber ein <strong>privates Badezimmer<\/strong> mit hei\u00dfem Wasser und sorgt so f\u00fcr einen erfrischenden Start und Abschluss Ihres Tages.<\/p><h3>N\u00e4hrende kulinarische Erlebnisse<\/h3><p>Beginnen Sie Ihren Morgen in unserem hellen, modernen Speisesaal mit einem k\u00f6stlichen <strong>hausgemachtes Fr\u00fchst\u00fcck<\/strong>, in den meisten Zimmerpreisen inbegriffen. Unser Fr\u00fchst\u00fccksmen\u00fc vereint <strong>traditionelle chinesische Aromen<\/strong>\u2013 wie Congee und Baozi \u2013 mit internationalen Spezialit\u00e4ten wie Eiern, Toast und Kaffee. Es ist die perfekte M\u00f6glichkeit, Energie zu tanken, bevor Sie die nahegelegenen Sehensw\u00fcrdigkeiten erkunden.<\/p><p>Obwohl wir kein Restaurant mit vollem Serviceangebot haben, empfehlen und organisieren wir gerne f\u00fcr Sie zum Mittag- und Abendessen einige der authentischsten Lokale Shenzhens oder helfen Ihnen bei der Auswahl von Speisen auf dem Zimmer.<\/p><h3>Ein Bekenntnis zu Authentizit\u00e4t und Sorgfalt<\/h3><p>Im IntercityHotel Shenzhen Futian Huanggang wollen wir nicht das gr\u00f6\u00dfte Hotel sein, sondern das bedeutendste. Unsere Dienstleistungen spiegeln unsere Werte wider: <strong>Frieden, Authentizit\u00e4t und herzliche Verbundenheit<\/strong>Wir sind stolz darauf, ein <strong>Boutique-Hotel<\/strong> bei dem Qualit\u00e4t vor Quantit\u00e4t steht und jeder Gast wie ein Familienmitglied behandelt wird.<\/p><p>Bitte beachten Sie, dass das Hotel aufgrund unserer modernen Geb\u00e4udekonstruktion mit Aufz\u00fcgen <strong>Rollstuhlgerecht<\/strong>Um Ihren Aufenthalt so angenehm wie m\u00f6glich zu gestalten, besprechen wir gerne im Voraus Sondervereinbarungen.<\/p><div class=\"py-2 my-3\"><hr \/><\/div><div class=\"my-2\">\u00a0<\/div><p><strong>Erleben Sie den Unterschied echter deutscher Effizienz<\/strong><br \/>\ud83d\udccd <strong>IntercityHotel Shenzhen Futian Huanggang<\/strong><br \/>28 Fumin Road, Futian District, Shenzhen, Guangdong, 518048, China<br \/>\ud83d\udcde +86 755 8280 8888 | \ud83c\udf10 <a href=\"https:\/\/intercityhotelshenzhen.com\/de\/\" target=\"_blank\" rel=\"nofollow noopener\">www.intercityhotelshenzhen.com <\/a><\/p><div class=\"my-2\">\u00a0<\/div><p><em>Ihr effizienter Aufenthalt in Shenzhen beginnt hier.<\/em> \ud83d\ude89\ud83d\udcbc\ud83c\udfd9\ufe0f<\/p>\t\t\t\t\t\t\t\t<\/div>\n\t\t\t\t\t<\/div>\n\t\t\t\t<\/div>\n\t\t\t\t<\/div>","protected":false},"excerpt":{"rendered":"<p>Exceptional Services, Engineered for the Modern Traveler: Your Experience at IntercityHotel Shenzhen Futian Huanggang At IntercityHotel Shenzhen Futian Huanggang, located at 28 Fumin Road, Futian District, Shenzhen, 518048, we believe that the hallmark of a truly great hotel is not found in extravagance, but in the flawless execution of the essentials. Our services are meticulously [&hellip;]<\/p>\n","protected":false},"author":1,"featured_media":0,"parent":0,"menu_order":0,"comment_status":"closed","ping_status":"closed","template":"","meta":{"footnotes":""},"class_list":["post-647","page","type-page","status-publish","hentry","post-no-thumbnail"],"_links":{"self":[{"href":"https:\/\/intercityhotelshenzhen.com\/de\/wp-json\/wp\/v2\/pages\/647","targetHints":{"allow":["GET"]}}],"collection":[{"href":"https:\/\/intercityhotelshenzhen.com\/de\/wp-json\/wp\/v2\/pages"}],"about":[{"href":"https:\/\/intercityhotelshenzhen.com\/de\/wp-json\/wp\/v2\/types\/page"}],"author":[{"embeddable":true,"href":"https:\/\/intercityhotelshenzhen.com\/de\/wp-json\/wp\/v2\/users\/1"}],"replies":[{"embeddable":true,"href":"https:\/\/intercityhotelshenzhen.com\/de\/wp-json\/wp\/v2\/comments?post=647"}],"version-history":[{"count":0,"href":"https:\/\/intercityhotelshenzhen.com\/de\/wp-json\/wp\/v2\/pages\/647\/revisions"}],"wp:attachment":[{"href":"https:\/\/intercityhotelshenzhen.com\/de\/wp-json\/wp\/v2\/media?parent=647"}],"curies":[{"name":"wp","href":"https:\/\/api.w.org\/{rel}","templated":true}]}}