{"id":2104,"date":"2021-03-23T09:33:48","date_gmt":"2021-03-23T09:33:48","guid":{"rendered":"http:\/\/localhost\/nuss\/?page_id=167"},"modified":"2025-12-06T08:25:59","modified_gmt":"2025-12-06T08:25:59","slug":"nuestra-historia","status":"publish","type":"page","link":"https:\/\/intercityhotelshenzhen.com\/es\/nuestra-historia\/","title":{"rendered":"Nuestra historia"},"content":{"rendered":"<div data-elementor-type=\"wp-page\" data-elementor-id=\"2104\" class=\"elementor elementor-2104\">\n\t\t\t\t\t\t<section class=\"elementor-section elementor-top-section elementor-element elementor-element-8f5bb9d elementor-section-boxed elementor-section-gap-beside-yes elementor-section-height-default elementor-section-height-default elementor-section-column-vertical-align-stretch\" data-id=\"8f5bb9d\" data-element_type=\"section\" data-e-type=\"section\">\n\t\t\t\t\t\t<div class=\"elementor-container elementor-column-gap-extended\">\n\t\t\t\t\t<div class=\"elementor-column elementor-col-100 elementor-top-column elementor-element elementor-element-7ec4215\" data-id=\"7ec4215\" data-element_type=\"column\" data-e-type=\"column\">\n\t\t\t<div class=\"elementor-widget-wrap elementor-element-populated\">\n\t\t\t\t\t\t<div class=\"elementor-element elementor-element-edd9d03 elementor-widget__width-initial elementor-invisible elementor-widget elementor-widget-text-editor\" data-id=\"edd9d03\" data-element_type=\"widget\" data-e-type=\"widget\" data-settings=\"{&quot;_animation&quot;:&quot;nussFadeInUp&quot;}\" data-widget_type=\"text-editor.default\">\n\t\t\t\t\t\t\t\t\t<p><strong data-spm-anchor-id=\"a2ty_o01.29997173.0.i30.3db3c921mV6PYW\">El IntercityHotel Shenzhen Futian Huanggang: donde la precisi\u00f3n alemana se fusiona con el pulso de Shenzhen<\/strong><\/p>\t\t\t\t\t\t\t\t<\/div>\n\t\t\t\t\t<\/div>\n\t\t<\/div>\n\t\t\t\t\t<\/div>\n\t\t<\/section>\n\t\t<div class=\"elementor-element elementor-element-e3b616a e-flex e-con-boxed e-con e-parent\" data-id=\"e3b616a\" data-element_type=\"container\" data-e-type=\"container\">\n\t\t\t\t\t<div class=\"e-con-inner\">\n\t\t\t\t<div class=\"elementor-element elementor-element-1cf078a elementor-widget elementor-widget-text-editor\" data-id=\"1cf078a\" data-element_type=\"widget\" data-e-type=\"widget\" data-widget_type=\"text-editor.default\">\n\t\t\t\t\t\t\t\t\t<p>En el coraz\u00f3n de Shenzhen, una ciudad que encarna el ritmo incesante de la innovaci\u00f3n y el futuro de la China moderna, ha echado ra\u00edces un nuevo tipo de hospitalidad. En <strong>28 Fumin Road, distrito de Futian, Shenzhen, 518048<\/strong>, el <strong>IntercityHotel Shenzhen Futian Huanggang<\/strong> es m\u00e1s que un lugar donde descansar la cabeza; es una filosof\u00eda en acci\u00f3n, un puente entre dos mundos.<\/p><p>Nuestra historia comienza con una pregunta sencilla: <em>\u00bfQu\u00e9 necesita realmente el viajero moderno?<\/em> En una era de conectividad constante, horarios ajustados y negocios sin fronteras, nos dimos cuenta de que la respuesta no se encontraba en vest\u00edbulos opulentos ni en comodidades extravagantes, sino en <strong>eficiencia, confiabilidad y dise\u00f1o inteligente<\/strong>Este es el n\u00facleo de la <strong>Hotel Intercity<\/strong> marca, un legado construido sobre los valores alemanes de precisi\u00f3n, funcionalidad y excelencia silenciosa.<\/p><p>La elecci\u00f3n de Shenzhen como nuestra ubicaci\u00f3n fue deliberada. Esta no es una ciudad para los d\u00e9biles de coraz\u00f3n. Es una metr\u00f3polis que se ha transformado de un pueblo pesquero a una potencia tecnol\u00f3gica global en tan solo unas d\u00e9cadas. Es una ciudad de constructores, so\u00f1adores y emprendedores. Y en su misma puerta de entrada a Hong Kong, <strong>Puerto de Huanggang<\/strong>La necesidad de una experiencia fluida y sin estr\u00e9s es primordial. Aqu\u00ed es donde se concibi\u00f3 nuestro hotel: no como una gran declaraci\u00f3n, sino como un... <strong>soluci\u00f3n necesaria<\/strong>.<\/p><p>El <strong>IntercityHotel Shenzhen Futian Huanggang<\/strong> Fue dise\u00f1ado desde cero para ser la opci\u00f3n m\u00e1s pr\u00e1ctica. Eliminamos lo innecesario y nos centramos en lo esencial. Cada elemento, desde las ventanas insonorizadas que a\u00edslan del bullicio de la ciudad hasta el wifi de alta velocidad que garantiza que siempre est\u00e9s conectado, ha sido cuidadosamente seleccionado para que disfrutes de tu viaje. El dise\u00f1o minimalista y de l\u00edneas limpias no es solo una cuesti\u00f3n est\u00e9tica; es un compromiso con una mente despejada y una estancia centrada.<\/p><p>Nuestra ubicaci\u00f3n es nuestra promesa. Estar a solo cinco minutos a pie del puerto de Huanggang significa que entendemos al viajero en tr\u00e1nsito, que necesita cruzar una frontera, cerrar un trato o tomar un vuelo sin margen de error. Estamos aqu\u00ed para que todo esto suceda sin problemas. Nuestra recepci\u00f3n 24 horas, consigna de equipaje gratuita y personal multiling\u00fce no son solo servicios; son una extensi\u00f3n de nuestro compromiso con su tiempo y tranquilidad.<\/p><p>No pretendemos ser el hotel m\u00e1s ostentoso de la zona. Estamos aqu\u00ed para ser el... <strong>La opci\u00f3n m\u00e1s inteligente y confiable<\/strong>Nuestra historia es la de una confianza serena, la de una marca que cree que las mejores experiencias suelen ser las m\u00e1s sencillas. Se trata del viajero que se registra, encuentra todo en su lugar y sabe, sin lugar a dudas, que su estancia ser\u00e1 exactamente como debe ser: c\u00f3moda, eficiente y totalmente confiable.<\/p><p>Esta es nuestra historia. La historia de un hotel construido para el futuro, en una ciudad que lo est\u00e1 construyendo. La historia de la ingenier\u00eda alemana que se fusiona con el esp\u00edritu de Shenzhen. La historia de un lugar donde tu \u00fanica preocupaci\u00f3n es concentrarte en el futuro, porque nosotros ya nos encargamos del resto.<\/p><p>Bienvenido al IntercityHotel Shenzhen Futian Huanggang. Bienvenido al futuro de la hospitalidad eficiente.<\/p>\t\t\t\t\t\t\t\t<\/div>\n\t\t\t\t\t<\/div>\n\t\t\t\t<\/div>\n\t\t\t\t<\/div>","protected":false},"excerpt":{"rendered":"<p>The IntercityHotel Shenzhen Futian Huanggang \u2013 Where German Precision Meets Shenzhen\u2019s Pulse In the heart of Shenzhen, a city that embodies the relentless pace of innovation and the future of modern China, a new kind of hospitality has taken root. At 28 Fumin Road, Futian District, Shenzhen, 518048, the IntercityHotel Shenzhen Futian Huanggang is more [&hellip;]<\/p>\n","protected":false},"author":1,"featured_media":0,"parent":0,"menu_order":0,"comment_status":"closed","ping_status":"closed","template":"","meta":{"footnotes":""},"class_list":["post-2104","page","type-page","status-publish","hentry","post-no-thumbnail"],"_links":{"self":[{"href":"https:\/\/intercityhotelshenzhen.com\/es\/wp-json\/wp\/v2\/pages\/2104","targetHints":{"allow":["GET"]}}],"collection":[{"href":"https:\/\/intercityhotelshenzhen.com\/es\/wp-json\/wp\/v2\/pages"}],"about":[{"href":"https:\/\/intercityhotelshenzhen.com\/es\/wp-json\/wp\/v2\/types\/page"}],"author":[{"embeddable":true,"href":"https:\/\/intercityhotelshenzhen.com\/es\/wp-json\/wp\/v2\/users\/1"}],"replies":[{"embeddable":true,"href":"https:\/\/intercityhotelshenzhen.com\/es\/wp-json\/wp\/v2\/comments?post=2104"}],"version-history":[{"count":0,"href":"https:\/\/intercityhotelshenzhen.com\/es\/wp-json\/wp\/v2\/pages\/2104\/revisions"}],"wp:attachment":[{"href":"https:\/\/intercityhotelshenzhen.com\/es\/wp-json\/wp\/v2\/media?parent=2104"}],"curies":[{"name":"wp","href":"https:\/\/api.w.org\/{rel}","templated":true}]}}