{"id":2105,"date":"2021-03-24T07:25:45","date_gmt":"2021-03-24T07:25:45","guid":{"rendered":"http:\/\/localhost\/nuss\/?page_id=235"},"modified":"2025-12-06T08:25:55","modified_gmt":"2025-12-06T08:25:55","slug":"preguntas-frecuentes","status":"publish","type":"page","link":"https:\/\/intercityhotelshenzhen.com\/es\/preguntas-frecuentes\/","title":{"rendered":"Preguntas frecuentes"},"content":{"rendered":"<div data-elementor-type=\"wp-page\" data-elementor-id=\"2105\" class=\"elementor elementor-2105\">\n\t\t\t\t\t\t<section class=\"elementor-section elementor-top-section elementor-element elementor-element-2a96a73 elementor-section-boxed elementor-section-gap-beside-yes elementor-section-height-default elementor-section-height-default elementor-section-column-vertical-align-stretch\" data-id=\"2a96a73\" data-element_type=\"section\" data-e-type=\"section\">\n\t\t\t\t\t\t<div class=\"elementor-container elementor-column-gap-extended\">\n\t\t\t\t\t<div class=\"elementor-column elementor-col-100 elementor-top-column elementor-element elementor-element-98ef20c\" data-id=\"98ef20c\" data-element_type=\"column\" data-e-type=\"column\">\n\t\t\t<div class=\"elementor-widget-wrap elementor-element-populated\">\n\t\t\t\t\t\t<div class=\"elementor-element elementor-element-97088c0 elementor-widget__width-initial elementor-invisible elementor-widget elementor-widget-text-editor\" data-id=\"97088c0\" data-element_type=\"widget\" data-e-type=\"widget\" data-settings=\"{&quot;_animation&quot;:&quot;nussFadeInUp&quot;}\" data-widget_type=\"text-editor.default\">\n\t\t\t\t\t\t\t\t\t<p>A continuaci\u00f3n encontrar\u00e1 una lista de las preguntas m\u00e1s frecuentes que nos realizan nuestros hu\u00e9spedes.<\/p>\t\t\t\t\t\t\t\t<\/div>\n\t\t\t\t\t<\/div>\n\t\t<\/div>\n\t\t\t\t\t<\/div>\n\t\t<\/section>\n\t\t\t\t<section class=\"elementor-section elementor-top-section elementor-element elementor-element-b184647 elementor-section-gap-beside-no elementor-section-boxed elementor-section-height-default elementor-section-height-default elementor-section-column-vertical-align-stretch\" data-id=\"b184647\" data-element_type=\"section\" data-e-type=\"section\">\n\t\t\t\t\t\t<div class=\"elementor-container elementor-column-gap-extended\">\n\t\t\t\t\t<div class=\"elementor-column elementor-col-100 elementor-top-column elementor-element elementor-element-1d49749\" data-id=\"1d49749\" data-element_type=\"column\" data-e-type=\"column\">\n\t\t\t<div class=\"elementor-widget-wrap elementor-element-populated\">\n\t\t\t\t\t\t<div class=\"elementor-element elementor-element-b986a9e elementor-invisible elementor-widget elementor-widget-nuss-heading\" data-id=\"b986a9e\" data-element_type=\"widget\" data-e-type=\"widget\" data-settings=\"{&quot;_animation&quot;:&quot;nussFadeInUp&quot;}\" data-widget_type=\"nuss-heading.default\">\n\t\t\t\t<div class=\"elementor-widget-container\">\n\t\t\t\t\t\t\t<div class=\"nuss-modern-heading\">\r\n\t\t\t\r\n\t\t\t\t\t\t<div class=\"heading-primary-wrap\">\r\n\t\t\t\t<h4 class=\"heading-primary elementor-heading-title\">Preguntas frecuentes<\/h4>\t\t\t<\/div>\r\n\t\t\r\n\t\t\t\t\t\t<div class=\"heading-divider-wrap\">\r\n\t\t\t\t<div class=\"heading-divider\" style=\"left: 0px;top: 6px\"><\/div>\r\n\t\t\t<\/div>\r\n\t\r\n\t\t\t\t\t<\/div>\r\n\t\t\t\t\t<\/div>\n\t\t\t\t<\/div>\n\t\t\t\t<div class=\"elementor-element elementor-element-50f0733 elementor-invisible elementor-widget elementor-widget-heading\" data-id=\"50f0733\" data-element_type=\"widget\" data-e-type=\"widget\" data-settings=\"{&quot;_animation&quot;:&quot;nussFadeInUp&quot;}\" data-widget_type=\"heading.default\">\n\t\t\t\t\t<h2 class=\"elementor-heading-title elementor-size-default\">Preguntas y respuestas<\/h2>\t\t\t\t<\/div>\n\t\t\t\t<div class=\"elementor-element elementor-element-acb3cfe elementor-widget elementor-widget-text-editor\" data-id=\"acb3cfe\" data-element_type=\"widget\" data-e-type=\"widget\" data-widget_type=\"text-editor.default\">\n\t\t\t\t\t\t\t\t\t<ol start=\"1\" data-spm-anchor-id=\"a2ty_o01.29997173.0.i25.3db3c921mV6PYW\"><li><p><strong>\u00bfD\u00f3nde est\u00e1 ubicado IntercityHotel Shenzhen Futian Huanggang?<\/strong> El hotel est\u00e1 situado en <strong>28 Fumin Road, distrito de Futian, Shenzhen, Guangdong, 518048<\/strong>, en el coraz\u00f3n del distrito comercial central de Shenzhen, a pocos pasos del puerto de Huanggang.<\/p><\/li><li><p><strong>\u00bfQu\u00e9 tan cerca est\u00e1 el hotel del puerto de Huanggang?<\/strong> Es aproximadamente <strong>A 500 metros de distancia<\/strong>, que trata de un <strong>Caminata de 5 a 7 minutos<\/strong>Esto lo convierte en uno de los hoteles m\u00e1s convenientes para los viajeros que cruzan la frontera hacia Hong Kong.<\/p><\/li><li><p><strong>\u00bfEs el \u00e1rea segura y f\u00e1cil de recorrer?<\/strong> S\u00ed, el distrito financiero de Futian es una zona moderna, bien iluminada y segura. Es muy tur\u00edstica, con una se\u00f1alizaci\u00f3n clara y f\u00e1cil acceso al transporte p\u00fablico.<\/p><\/li><li><p><strong>\u00bfC\u00f3mo llego al hotel desde el Aeropuerto Internacional de Shenzhen Bao&#039;an (SZX)?<\/strong> La mejor manera es tomar la <strong>L\u00ednea 11 del metro<\/strong> a <strong>Estaci\u00f3n de Chegongmiao<\/strong>, luego transferir a <strong>L\u00ednea 1<\/strong> y bajarse en <strong>Huochezhan (estaci\u00f3n de tren de Shenzhen)<\/strong>Desde all\u00ed, tome un taxi o camine hasta el hotel. Como alternativa, un taxi desde el aeropuerto tarda entre 40 y 50 minutos.<\/p><\/li><li><p><strong>\u00bfOfrecen traslados al aeropuerto?<\/strong> Podemos ayudarle a conseguir un taxi, pero actualmente no ofrecemos servicio de traslado privado directo al aeropuerto. En recepci\u00f3n le ayudaremos a reservar un coche de confianza.<\/p><\/li><li><p><strong>\u00bfHay wifi gratis?<\/strong> S\u00ed, <strong>Wi-Fi de alta velocidad gratuito<\/strong> Est\u00e1 disponible en todo el hotel, en todas las habitaciones y \u00e1reas p\u00fablicas.<\/p><\/li><li><p><strong>\u00bfQu\u00e9 idiomas habla el personal?<\/strong> Nuestro personal de recepci\u00f3n habla <strong>Mandar\u00edn e ingl\u00e9s fluidos<\/strong>Podemos proporcionar asistencia b\u00e1sica en otros idiomas si se lo solicita.<\/p><\/li><li><p><strong>\u00bfLas habitaciones son tranquilas?<\/strong> S\u00ed, las habitaciones est\u00e1n equipadas con <strong>ventanas insonorizadas<\/strong> para bloquear eficazmente el ruido de la ciudad, garantizando una estancia tranquila y reparadora.<\/p><\/li><\/ol><div class=\"my-2\">\u00a0<\/div><ol start=\"9\"><li><strong>\u00bfTodas las habitaciones tienen ba\u00f1o privado?<\/strong> S\u00ed, cada habitaci\u00f3n cuenta con un <strong>ba\u00f1o privado en suite<\/strong> con una potente ducha de lluvia, agua caliente y art\u00edculos de tocador esenciales.<\/li><\/ol><div class=\"my-2\">\u00a0<\/div><ol start=\"10\"><li><p><strong>\u00bfHay aire acondicionado en las habitaciones?<\/strong> S\u00ed, todas las habitaciones est\u00e1n equipadas con instalaciones modernas y eficientes. <strong>aire acondicionado<\/strong> para mantenerte c\u00f3modo en el clima h\u00famedo de Shenzhen.<\/p><\/li><li><p><strong>\u00bfCu\u00e1les son los horarios de check-in y check-out?<\/strong><\/p><ul><li><strong>Hora de check-in<\/strong>: 2:00 p.m.<\/li><li><strong>Hora de salida<\/strong>:12:00 PM (mediod\u00eda) El check-in temprano o el check-out tard\u00edo est\u00e1n sujetos a disponibilidad.<\/li><\/ul><\/li><\/ol><div class=\"my-2\">\u00a0<\/div><ol start=\"12\"><li><p><strong>\u00bfPuedo guardar mi equipaje antes del check-in o despu\u00e9s del check-out?<\/strong> S\u00ed, ofrecemos <strong>almacenamiento de equipaje gratuito<\/strong> en la recepci\u00f3n abierta las 24 horas.<\/p><\/li><li><p><strong>\u00bfHay restaurantes cerca del hotel?<\/strong> S\u00ed, el distrito financiero de Futian est\u00e1 repleto de opciones gastron\u00f3micas. Encontrar\u00e1 una amplia variedad de restaurantes a 5-10 minutos a pie, que incluyen cocina china, occidental e internacional.<\/p><\/li><\/ol><div class=\"my-2\">\u00a0<\/div><ol start=\"14\"><li><p><strong>\u00bfEl desayuno est\u00e1 incluido en el precio de la habitaci\u00f3n?<\/strong> El desayuno es <strong>Incluido para la mayor\u00eda de las categor\u00edas de habitaciones<\/strong>Ofrecemos un desayuno buffet con opciones chinas e internacionales.<\/p><\/li><li><p><strong>\u00bfEl hotel es adecuado para viajeros de negocios?<\/strong> Por supuesto. Nuestra ubicaci\u00f3n cerca del centro de la ciudad y del puerto de Huanggang, junto con wifi de alta velocidad, espacios de trabajo ergon\u00f3micos en cada habitaci\u00f3n y servicio las 24 horas, lo hacen ideal para viajes de negocios.<\/p><\/li><li><p><strong>\u00bfPuedo reservar una habitaci\u00f3n online?<\/strong> S\u00ed. Las habitaciones se pueden reservar a trav\u00e9s de nuestro <strong>sitio web oficial<\/strong>, <strong>Booking.com<\/strong>, <strong>Agoda<\/strong>, o <strong>Ctrip<\/strong>.<\/p><\/li><li><p><strong>\u00bfAceptan tarjetas de cr\u00e9dito?<\/strong> S\u00ed, aceptamos <strong>Visa, Mastercard, UnionPay, Alipay y WeChat Pay<\/strong>.<\/p><\/li><li><p><strong>\u00bfEl hotel es accesible para sillas de ruedas?<\/strong> Debido al dise\u00f1o del edificio, tenemos accesibilidad limitada. Por favor, cont\u00e1ctenos directamente con antelaci\u00f3n para hablar sobre sus necesidades espec\u00edficas.<\/p><\/li><li><p><strong>\u00bfA qu\u00e9 distancia est\u00e1 el hotel del metro de Shenzhen?<\/strong> La estaci\u00f3n de metro m\u00e1s cercana es <strong>Huochezhan (estaci\u00f3n de tren de Shenzhen)<\/strong> en la l\u00ednea 1, que est\u00e1 a unos 10 minutos a pie o un corto viaje en taxi.<\/p><\/li><li data-spm-anchor-id=\"a2ty_o01.29997173.0.i26.3db3c921mV6PYW\"><p><strong>\u00bfHay zonas culturales o comerciales cerca?<\/strong> \u00a1S\u00ed! <strong>Mercado de electr\u00f3nica de Huaqiangbei<\/strong> (el mercado de electr\u00f3nica m\u00e1s grande del mundo) est\u00e1 a unos 20 minutos en taxi. <strong>Parque Coco<\/strong> y <strong>Centro comercial MixC<\/strong> Tambi\u00e9n hay tiendas y restaurantes cerca.<\/p><\/li><\/ol>\t\t\t\t\t\t\t\t<\/div>\n\t\t\t\t\t<\/div>\n\t\t<\/div>\n\t\t\t\t\t<\/div>\n\t\t<\/section>\n\t\t\t\t<\/div>","protected":false},"excerpt":{"rendered":"<p>Below, you will find a list of the questions most frequently asked by our guests. FAQ&#8217;S Questions &amp; Answers Where is IntercityHotel Shenzhen Futian Huanggang located? The hotel is located at 28 Fumin Road, Futian District, Shenzhen, Guangdong, 518048, in the heart of Shenzhen&#8217;s central business district, just a short walk from Huanggang Port. How [&hellip;]<\/p>\n","protected":false},"author":1,"featured_media":0,"parent":0,"menu_order":0,"comment_status":"closed","ping_status":"closed","template":"","meta":{"footnotes":""},"class_list":["post-2105","page","type-page","status-publish","hentry","post-no-thumbnail"],"_links":{"self":[{"href":"https:\/\/intercityhotelshenzhen.com\/es\/wp-json\/wp\/v2\/pages\/2105","targetHints":{"allow":["GET"]}}],"collection":[{"href":"https:\/\/intercityhotelshenzhen.com\/es\/wp-json\/wp\/v2\/pages"}],"about":[{"href":"https:\/\/intercityhotelshenzhen.com\/es\/wp-json\/wp\/v2\/types\/page"}],"author":[{"embeddable":true,"href":"https:\/\/intercityhotelshenzhen.com\/es\/wp-json\/wp\/v2\/users\/1"}],"replies":[{"embeddable":true,"href":"https:\/\/intercityhotelshenzhen.com\/es\/wp-json\/wp\/v2\/comments?post=2105"}],"version-history":[{"count":0,"href":"https:\/\/intercityhotelshenzhen.com\/es\/wp-json\/wp\/v2\/pages\/2105\/revisions"}],"wp:attachment":[{"href":"https:\/\/intercityhotelshenzhen.com\/es\/wp-json\/wp\/v2\/media?parent=2105"}],"curies":[{"name":"wp","href":"https:\/\/api.w.org\/{rel}","templated":true}]}}