{"id":2109,"date":"2021-03-26T08:35:58","date_gmt":"2021-03-26T08:35:58","guid":{"rendered":"http:\/\/localhost\/nuss\/?page_id=536"},"modified":"2025-12-06T08:25:36","modified_gmt":"2025-12-06T08:25:36","slug":"instalaciones-comerciales","status":"publish","type":"page","link":"https:\/\/intercityhotelshenzhen.com\/es\/instalaciones-comerciales\/","title":{"rendered":"Instalaciones comerciales"},"content":{"rendered":"<div data-elementor-type=\"wp-page\" data-elementor-id=\"2109\" class=\"elementor elementor-2109\">\n\t\t\t\t\t\t<section class=\"elementor-section elementor-top-section elementor-element elementor-element-bb2901b elementor-section-boxed elementor-section-gap-beside-yes elementor-section-height-default elementor-section-height-default elementor-section-column-vertical-align-stretch\" data-id=\"bb2901b\" data-element_type=\"section\" data-e-type=\"section\">\n\t\t\t\t\t\t<div class=\"elementor-container elementor-column-gap-extended\">\n\t\t\t\t\t<div class=\"elementor-column elementor-col-100 elementor-top-column elementor-element elementor-element-1919db9\" data-id=\"1919db9\" data-element_type=\"column\" data-e-type=\"column\">\n\t\t\t<div class=\"elementor-widget-wrap elementor-element-populated\">\n\t\t\t\t\t\t<div class=\"elementor-element elementor-element-41a7b9c elementor-widget__width-initial elementor-invisible elementor-widget elementor-widget-text-editor\" data-id=\"41a7b9c\" data-element_type=\"widget\" data-e-type=\"widget\" data-settings=\"{&quot;_animation&quot;:&quot;nussFadeInUp&quot;}\" data-widget_type=\"text-editor.default\">\n\t\t\t\t\t\t\t\t\t<p><strong data-spm-anchor-id=\"a2ty_o01.29997173.0.i14.3db3c921mV6PYW\">Instalaciones de negocios en el IntercityHotel Shenzhen Futian Huanggang<\/strong><\/p>\t\t\t\t\t\t\t\t<\/div>\n\t\t\t\t\t<\/div>\n\t\t<\/div>\n\t\t\t\t\t<\/div>\n\t\t<\/section>\n\t\t<div class=\"elementor-element elementor-element-bfd6e14 e-flex e-con-boxed e-con e-parent\" data-id=\"bfd6e14\" data-element_type=\"container\" data-e-type=\"container\">\n\t\t\t\t\t<div class=\"e-con-inner\">\n\t\t\t\t<div class=\"elementor-element elementor-element-15ff453 elementor-widget elementor-widget-nuss-image-gallery\" data-id=\"15ff453\" data-element_type=\"widget\" data-e-type=\"widget\" data-widget_type=\"nuss-image-gallery.default\">\n\t\t\t\t<div class=\"elementor-widget-container\">\n\t\t\t\t\t\t\t<div class=\"nuss-grid-wrapper\" data-grid=\"{&quot;type&quot;:&quot;grid&quot;,&quot;ratio&quot;:null,&quot;columns&quot;:3,&quot;gutter&quot;:30}\">\r\n\t\t\t<div class=\"nuss-grid lazy-grid\">\r\n\t\t\t\t<div class=\"grid-sizer\"><\/div>\r\n\r\n\t\t\t\t\t\t\t\t\t\t\t\t<div class=\"grid-item\">\r\n\t\t\t\t\t\t<div class=\"nuss-box\">\t\t<div class=\"nuss-image image\">\r\n\t\t\t<img decoding=\"async\"  src=\"https:\/\/intercityhotelshenzhen.com\/wp-content\/uploads\/2025\/08\/IntercityHotel-Shenzhen-Futian-Huanggang-11.webp\" alt=\"IntercityHotel Shenzhen Futian Huanggang (11)\" \/>\t\t<\/div>\r\n\t\t\t\t<\/div>\t\t\t\t\t<\/div>\r\n\t\t\t\t\t\t<div class=\"grid-item\">\r\n\t\t\t\t\t\t<div class=\"nuss-box\">\t\t<div class=\"nuss-image image\">\r\n\t\t\t<img decoding=\"async\"  src=\"https:\/\/intercityhotelshenzhen.com\/wp-content\/uploads\/2025\/08\/IntercityHotel-Shenzhen-Futian-Huanggang-20.webp\" alt=\"IntercityHotel Shenzhen Futian Huanggang (20)\" \/>\t\t<\/div>\r\n\t\t\t\t<\/div>\t\t\t\t\t<\/div>\r\n\t\t\t\t\t\t<div class=\"grid-item\">\r\n\t\t\t\t\t\t<div class=\"nuss-box\">\t\t<div class=\"nuss-image image\">\r\n\t\t\t<img decoding=\"async\"  src=\"https:\/\/intercityhotelshenzhen.com\/wp-content\/uploads\/2025\/08\/IntercityHotel-Shenzhen-Futian-Huanggang-18.webp\" alt=\"IntercityHotel Shenzhen Futian Huanggang (18)\" \/>\t\t<\/div>\r\n\t\t\t\t<\/div>\t\t\t\t\t<\/div>\r\n\t\t\t\t\t\t<div class=\"grid-item\">\r\n\t\t\t\t\t\t<div class=\"nuss-box\">\t\t<div class=\"nuss-image image\">\r\n\t\t\t<img decoding=\"async\"  src=\"https:\/\/intercityhotelshenzhen.com\/wp-content\/uploads\/2025\/08\/IntercityHotel-Shenzhen-Futian-Huanggang-16.webp\" alt=\"IntercityHotel Shenzhen Futian Huanggang (16)\" \/>\t\t<\/div>\r\n\t\t\t\t<\/div>\t\t\t\t\t<\/div>\r\n\t\t\t\t\t\t<div class=\"grid-item\">\r\n\t\t\t\t\t\t<div class=\"nuss-box\">\t\t<div class=\"nuss-image image\">\r\n\t\t\t<img decoding=\"async\"  src=\"https:\/\/intercityhotelshenzhen.com\/wp-content\/uploads\/2025\/08\/IntercityHotel-Shenzhen-Futian-Huanggang-17.webp\" alt=\"IntercityHotel Shenzhen Futian Huanggang (17)\" \/>\t\t<\/div>\r\n\t\t\t\t<\/div>\t\t\t\t\t<\/div>\r\n\t\t\t\t\t\t<div class=\"grid-item\">\r\n\t\t\t\t\t\t<div class=\"nuss-box\">\t\t<div class=\"nuss-image image\">\r\n\t\t\t<img decoding=\"async\"  src=\"https:\/\/intercityhotelshenzhen.com\/wp-content\/uploads\/2025\/08\/IntercityHotel-Shenzhen-Futian-Huanggang-13.webp\" alt=\"IntercityHotel Shenzhen Futian Huanggang (13)\" \/>\t\t<\/div>\r\n\t\t\t\t<\/div>\t\t\t\t\t<\/div>\r\n\t\t\t\t\t\t\t\r\n\t\t\t<\/div>\r\n\t\t<\/div>\r\n\t\t\t\t\t\t<\/div>\n\t\t\t\t<\/div>\n\t\t\t\t\t<\/div>\n\t\t\t\t<\/div>\n\t\t<div class=\"elementor-element elementor-element-984338c e-flex e-con-boxed e-con e-parent\" data-id=\"984338c\" data-element_type=\"container\" data-e-type=\"container\">\n\t\t\t\t\t<div class=\"e-con-inner\">\n\t\t\t\t<div class=\"elementor-element elementor-element-9f20617 elementor-widget elementor-widget-text-editor\" data-id=\"9f20617\" data-element_type=\"widget\" data-e-type=\"widget\" data-widget_type=\"text-editor.default\">\n\t\t\t\t\t\t\t\t\t<p data-spm-anchor-id=\"a2ty_o01.29997173.0.i17.3db3c921mV6PYW\">En el coraz\u00f3n din\u00e1mico de la ciudad m\u00e1s futurista de China, <strong>IntercityHotel Shenzhen Futian Huanggang<\/strong> se erige como un referente de productividad optimizada y conveniencia moderna. Ubicado en <strong>28 Fumin Road, distrito de Futian, Shenzhen, 518048<\/strong>El hotel est\u00e1 estrat\u00e9gicamente ubicado en el distrito comercial central de la ciudad, a solo unos pasos de <strong>Puerto de Huanggang<\/strong>\u2014una importante puerta de entrada a Hong Kong y al \u00c1rea de la Gran Bah\u00eda. Para el viajero de negocios, esta ubicaci\u00f3n no solo es conveniente, sino tambi\u00e9n transformadora.<\/p><p>Las instalaciones de negocios del hotel est\u00e1n dise\u00f1adas con una filosof\u00eda singular: <strong>Eficiencia de inspiraci\u00f3n alemana<\/strong>Esto significa que cada servicio y comodidad est\u00e1 cuidadosamente dise\u00f1ado para eliminar la fricci\u00f3n, maximizar la concentraci\u00f3n y apoyar el din\u00e1mico y exigente mundo del comercio moderno. A diferencia de los hoteles tradicionales, sobrecargados de una grandiosidad innecesaria, IntercityHotel prioriza lo que realmente importa: conectividad fluida, productividad silenciosa y un servicio confiable.<\/p><h3>Conectividad de alta velocidad y espacios de trabajo modernos<\/h3><p>La clave del \u00e9xito de cualquier viaje de negocios reside en la tecnolog\u00eda confiable. IntercityHotel cumple con... <strong>Wi-Fi gratuito de alta velocidad<\/strong> En toda la propiedad, podr\u00e1 realizar videoconferencias, transferir archivos grandes y mantenerse conectado a los mercados globales sin interrupciones. La se\u00f1al es fuerte y estable en todas las habitaciones y \u00e1reas p\u00fablicas, una caracter\u00edstica esencial para los profesionales que gestionan carteras internacionales.<\/p><p>Para aquellos que prefieren un espacio de trabajo dedicado, el hotel ofrece <strong>estaciones de trabajo ergon\u00f3micas<\/strong> En cada habitaci\u00f3n. No se trata de simples escritorios, sino de entornos cuidadosamente dise\u00f1ados con amplia iluminaci\u00f3n, m\u00faltiples tomas de corriente y f\u00e1cil acceso a puertos de carga, lo que le permite pasar f\u00e1cilmente del viaje al trabajo.<\/p><h3>Un lugar creado para los negocios<\/h3><p>La direcci\u00f3n del hotel en <strong>Distrito de Futian<\/strong> Es su mayor activo. Este es el epicentro financiero y tecnol\u00f3gico de Shenzhen, sede de empresas de la lista Fortune 500, centros de innovaci\u00f3n e instituciones gubernamentales. Desde su habitaci\u00f3n, estar\u00e1 a pocos minutos de:<\/p><ul><li><strong>La Bolsa de Valores de Shenzhen<\/strong><\/li><li><strong>Mercado de electr\u00f3nica de Huaqiangbei<\/strong> \u2013 el centro de electr\u00f3nica m\u00e1s grande del mundo<\/li><li><strong>Centro de Convenciones y Exposiciones de Shenzhen<\/strong><\/li><li><strong>Sedes corporativas importantes<\/strong> en el CDB<\/li><\/ul><p>Su proximidad a <strong>Puerto de Huanggang<\/strong> Lo convierte en la base ideal para negocios transfronterizos, ya sea para reunirse con clientes en Hong Kong o asistir a una feria comercial en la regi\u00f3n. El hotel tambi\u00e9n est\u00e1 a un corto trayecto en metro de <strong>Estaci\u00f3n de Futian<\/strong>, un centro ferroviario de alta velocidad que conecta Shenzhen con Guangzhou, Shanghai y Beijing.<\/p><h3>Servicios de apoyo para el viajero profesional<\/h3><p>IntercityHotel comprende las exigencias del mundo empresarial. Nuestra recepci\u00f3n, abierta las 24 horas, cuenta con profesionales multiling\u00fces listos para ayudarle con:<\/p><ul><li><strong>Impresi\u00f3n y manejo de documentos<\/strong><\/li><li><strong>Servicio de despertador y mensajes<\/strong><\/li><li><strong>Arreglos de taxi y transporte<\/strong> (incluidos traslados al aeropuerto bajo petici\u00f3n)<\/li><li><strong>Recomendaciones locales<\/strong> Para cenas de negocios y lugares de networking<\/li><\/ul><p>Tambi\u00e9n ofrecemos <strong>almacenamiento de equipaje gratuito<\/strong>, permiti\u00e9ndole llegar temprano o salir tarde sin la carga de llevar su equipaje, un peque\u00f1o pero significativo detalle que mejora su eficiencia general.<\/p><h3>Un refugio tranquilo para trabajar concentrado y descansar<\/h3><p>Despu\u00e9s de un d\u00eda exigente de reuniones y negociaciones, el hotel ofrece un <strong>ambiente tranquilo<\/strong> Para recargar energ\u00edas. Las habitaciones est\u00e1n insonorizadas para aislarse de la energ\u00eda de la ciudad, garantizando un sue\u00f1o reparador. El dise\u00f1o minimalista y ordenado promueve la claridad mental, mientras que la ropa de cama de alta calidad garantiza comodidad. Este equilibrio entre productividad y descanso es esencial para un rendimiento sostenido.<\/p><p>Para refrescarse r\u00e1pidamente, los modernos ba\u00f1os cuentan con potentes duchas de lluvia y el hotel <strong>gimnasio<\/strong> Est\u00e1 disponible para hacer ejercicio para despejar tu mente.<\/p><div class=\"py-2 my-3\"><hr \/><\/div><p><strong>IntercityHotel Shenzhen Futian Huanggang<\/strong> Redefine la estancia de negocios. No es un lugar de excesos, sino de excelencia esencial. Aqu\u00ed, cada detalle, desde el wifi confiable hasta la ubicaci\u00f3n estrat\u00e9gica, se integra armoniosamente para impulsar su \u00e9xito. Ya sea que se encuentre aqu\u00ed para una reuni\u00f3n de un d\u00eda o para un proyecto extenso, encontrar\u00e1 un aliado en eficiencia, un remanso de paz y una plataforma para su pr\u00f3xima gran oportunidad.<\/p><p data-spm-anchor-id=\"a2ty_o01.29997173.0.i18.3db3c921mV6PYW\"><em>Trabaja con m\u00e1s inteligencia. Mantente concentrado. Triunfa en Shenzhen.<\/em><\/p>\t\t\t\t\t\t\t\t<\/div>\n\t\t\t\t\t<\/div>\n\t\t\t\t<\/div>\n\t\t\t\t<\/div>","protected":false},"excerpt":{"rendered":"<p>Business Facilities at IntercityHotel Shenzhen Futian Huanggang In the dynamic heart of China\u2019s most futuristic city, IntercityHotel Shenzhen Futian Huanggang stands as a beacon of streamlined productivity and modern convenience. Located at 28 Fumin Road, Futian District, Shenzhen, 518048, the hotel is strategically positioned in the city\u2019s central business district, just steps from Huanggang Port\u2014a [&hellip;]<\/p>\n","protected":false},"author":1,"featured_media":0,"parent":0,"menu_order":0,"comment_status":"closed","ping_status":"closed","template":"","meta":{"footnotes":""},"class_list":["post-2109","page","type-page","status-publish","hentry","post-no-thumbnail"],"_links":{"self":[{"href":"https:\/\/intercityhotelshenzhen.com\/es\/wp-json\/wp\/v2\/pages\/2109","targetHints":{"allow":["GET"]}}],"collection":[{"href":"https:\/\/intercityhotelshenzhen.com\/es\/wp-json\/wp\/v2\/pages"}],"about":[{"href":"https:\/\/intercityhotelshenzhen.com\/es\/wp-json\/wp\/v2\/types\/page"}],"author":[{"embeddable":true,"href":"https:\/\/intercityhotelshenzhen.com\/es\/wp-json\/wp\/v2\/users\/1"}],"replies":[{"embeddable":true,"href":"https:\/\/intercityhotelshenzhen.com\/es\/wp-json\/wp\/v2\/comments?post=2109"}],"version-history":[{"count":0,"href":"https:\/\/intercityhotelshenzhen.com\/es\/wp-json\/wp\/v2\/pages\/2109\/revisions"}],"wp:attachment":[{"href":"https:\/\/intercityhotelshenzhen.com\/es\/wp-json\/wp\/v2\/media?parent=2109"}],"curies":[{"name":"wp","href":"https:\/\/api.w.org\/{rel}","templated":true}]}}