{"id":612,"date":"2021-03-26T10:04:13","date_gmt":"2021-03-26T10:04:13","guid":{"rendered":"http:\/\/localhost\/nuss\/?page_id=612"},"modified":"2025-12-06T08:26:05","modified_gmt":"2025-12-06T08:26:05","slug":"restaurante","status":"publish","type":"page","link":"https:\/\/intercityhotelshenzhen.com\/es\/restaurante\/","title":{"rendered":"Restaurante"},"content":{"rendered":"<div data-elementor-type=\"wp-page\" data-elementor-id=\"612\" class=\"elementor elementor-612\">\n\t\t\t\t\t\t<section class=\"elementor-section elementor-top-section elementor-element elementor-element-e2effe8 elementor-section-boxed elementor-section-gap-beside-yes elementor-section-height-default elementor-section-height-default elementor-section-column-vertical-align-stretch\" data-id=\"e2effe8\" data-element_type=\"section\" data-e-type=\"section\">\n\t\t\t\t\t\t<div class=\"elementor-container elementor-column-gap-extended\">\n\t\t\t\t\t<div class=\"elementor-column elementor-col-100 elementor-top-column elementor-element elementor-element-e18f688\" data-id=\"e18f688\" data-element_type=\"column\" data-e-type=\"column\">\n\t\t\t<div class=\"elementor-widget-wrap elementor-element-populated\">\n\t\t\t\t\t\t<div class=\"elementor-element elementor-element-6db146d elementor-widget__width-initial elementor-invisible elementor-widget elementor-widget-text-editor\" data-id=\"6db146d\" data-element_type=\"widget\" data-e-type=\"widget\" data-settings=\"{&quot;_animation&quot;:&quot;nussFadeInUp&quot;}\" data-widget_type=\"text-editor.default\">\n\t\t\t\t\t\t\t\t\t<p><strong data-spm-anchor-id=\"a2ty_o01.29997173.0.i35.3db3c921mV6PYW\">Disfrute de la esencia de la eficiencia: cenando en el IntercityHotel Shenzhen Futian Huanggang<\/strong><\/p>\t\t\t\t\t\t\t\t<\/div>\n\t\t\t\t\t<\/div>\n\t\t<\/div>\n\t\t\t\t\t<\/div>\n\t\t<\/section>\n\t\t<div class=\"elementor-element elementor-element-ffff2a3 e-flex e-con-boxed e-con e-parent\" data-id=\"ffff2a3\" data-element_type=\"container\" data-e-type=\"container\">\n\t\t\t\t\t<div class=\"e-con-inner\">\n\t\t\t\t<div class=\"elementor-element elementor-element-a5d4233 elementor-widget elementor-widget-nuss-image-gallery\" data-id=\"a5d4233\" data-element_type=\"widget\" data-e-type=\"widget\" data-widget_type=\"nuss-image-gallery.default\">\n\t\t\t\t<div class=\"elementor-widget-container\">\n\t\t\t\t\t\t\t<div class=\"nuss-grid-wrapper\" data-grid=\"{&quot;type&quot;:&quot;grid&quot;,&quot;ratio&quot;:null,&quot;columns&quot;:3,&quot;gutter&quot;:30}\">\r\n\t\t\t<div class=\"nuss-grid lazy-grid\">\r\n\t\t\t\t<div class=\"grid-sizer\"><\/div>\r\n\r\n\t\t\t\t\t\t\t\t\t\t\t\t<div class=\"grid-item\">\r\n\t\t\t\t\t\t<div class=\"nuss-box\">\t\t<div class=\"nuss-image image\">\r\n\t\t\t<img decoding=\"async\"  src=\"https:\/\/intercityhotelshenzhen.com\/wp-content\/uploads\/2025\/08\/IntercityHotel-Shenzhen-Futian-Huanggang-70.webp\" alt=\"IntercityHotel Shenzhen Futian Huanggang (70)\" \/>\t\t<\/div>\r\n\t\t\t\t<\/div>\t\t\t\t\t<\/div>\r\n\t\t\t\t\t\t<div class=\"grid-item\">\r\n\t\t\t\t\t\t<div class=\"nuss-box\">\t\t<div class=\"nuss-image image\">\r\n\t\t\t<img decoding=\"async\"  src=\"https:\/\/intercityhotelshenzhen.com\/wp-content\/uploads\/2025\/08\/IntercityHotel-Shenzhen-Futian-Huanggang-80.webp\" alt=\"IntercityHotel Shenzhen Futian Huanggang (80)\" \/>\t\t<\/div>\r\n\t\t\t\t<\/div>\t\t\t\t\t<\/div>\r\n\t\t\t\t\t\t<div class=\"grid-item\">\r\n\t\t\t\t\t\t<div class=\"nuss-box\">\t\t<div class=\"nuss-image image\">\r\n\t\t\t<img decoding=\"async\"  src=\"https:\/\/intercityhotelshenzhen.com\/wp-content\/uploads\/2025\/08\/IntercityHotel-Shenzhen-Futian-Huanggang-73.webp\" alt=\"IntercityHotel Shenzhen Futian Huanggang (73)\" \/>\t\t<\/div>\r\n\t\t\t\t<\/div>\t\t\t\t\t<\/div>\r\n\t\t\t\t\t\t<div class=\"grid-item\">\r\n\t\t\t\t\t\t<div class=\"nuss-box\">\t\t<div class=\"nuss-image image\">\r\n\t\t\t<img decoding=\"async\"  src=\"https:\/\/intercityhotelshenzhen.com\/wp-content\/uploads\/2025\/08\/IntercityHotel-Shenzhen-Futian-Huanggang-74.webp\" alt=\"IntercityHotel Shenzhen Futian Huanggang (74)\" \/>\t\t<\/div>\r\n\t\t\t\t<\/div>\t\t\t\t\t<\/div>\r\n\t\t\t\t\t\t<div class=\"grid-item\">\r\n\t\t\t\t\t\t<div class=\"nuss-box\">\t\t<div class=\"nuss-image image\">\r\n\t\t\t<img decoding=\"async\"  src=\"https:\/\/intercityhotelshenzhen.com\/wp-content\/uploads\/2025\/08\/IntercityHotel-Shenzhen-Futian-Huanggang-87.webp\" alt=\"IntercityHotel Shenzhen Futian Huanggang (87)\" \/>\t\t<\/div>\r\n\t\t\t\t<\/div>\t\t\t\t\t<\/div>\r\n\t\t\t\t\t\t<div class=\"grid-item\">\r\n\t\t\t\t\t\t<div class=\"nuss-box\">\t\t<div class=\"nuss-image image\">\r\n\t\t\t<img decoding=\"async\"  src=\"https:\/\/intercityhotelshenzhen.com\/wp-content\/uploads\/2025\/08\/IntercityHotel-Shenzhen-Futian-Huanggang-7.webp\" alt=\"IntercityHotel Shenzhen Futian Huanggang (7)\" \/>\t\t<\/div>\r\n\t\t\t\t<\/div>\t\t\t\t\t<\/div>\r\n\t\t\t\t\t\t<div class=\"grid-item\">\r\n\t\t\t\t\t\t<div class=\"nuss-box\">\t\t<div class=\"nuss-image image\">\r\n\t\t\t<img decoding=\"async\"  src=\"https:\/\/intercityhotelshenzhen.com\/wp-content\/uploads\/2025\/08\/IntercityHotel-Shenzhen-Futian-Huanggang-93.webp\" alt=\"IntercityHotel Shenzhen Futian Huanggang (93)\" \/>\t\t<\/div>\r\n\t\t\t\t<\/div>\t\t\t\t\t<\/div>\r\n\t\t\t\t\t\t<div class=\"grid-item\">\r\n\t\t\t\t\t\t<div class=\"nuss-box\">\t\t<div class=\"nuss-image image\">\r\n\t\t\t<img decoding=\"async\"  src=\"https:\/\/intercityhotelshenzhen.com\/wp-content\/uploads\/2025\/08\/IntercityHotel-Shenzhen-Futian-Huanggang-6.webp\" alt=\"IntercityHotel Shenzhen Futian Huanggang (6)\" \/>\t\t<\/div>\r\n\t\t\t\t<\/div>\t\t\t\t\t<\/div>\r\n\t\t\t\t\t\t<div class=\"grid-item\">\r\n\t\t\t\t\t\t<div class=\"nuss-box\">\t\t<div class=\"nuss-image image\">\r\n\t\t\t<img decoding=\"async\"  src=\"https:\/\/intercityhotelshenzhen.com\/wp-content\/uploads\/2025\/08\/IntercityHotel-Shenzhen-Futian-Huanggang-91.webp\" alt=\"IntercityHotel Shenzhen Futian Huanggang (91)\" \/>\t\t<\/div>\r\n\t\t\t\t<\/div>\t\t\t\t\t<\/div>\r\n\t\t\t\t\t\t<div class=\"grid-item\">\r\n\t\t\t\t\t\t<div class=\"nuss-box\">\t\t<div class=\"nuss-image image\">\r\n\t\t\t<img decoding=\"async\"  src=\"https:\/\/intercityhotelshenzhen.com\/wp-content\/uploads\/2025\/08\/IntercityHotel-Shenzhen-Futian-Huanggang-79.webp\" alt=\"IntercityHotel Shenzhen Futian Huanggang (79)\" \/>\t\t<\/div>\r\n\t\t\t\t<\/div>\t\t\t\t\t<\/div>\r\n\t\t\t\t\t\t<div class=\"grid-item\">\r\n\t\t\t\t\t\t<div class=\"nuss-box\">\t\t<div class=\"nuss-image image\">\r\n\t\t\t<img decoding=\"async\"  src=\"https:\/\/intercityhotelshenzhen.com\/wp-content\/uploads\/2025\/08\/IntercityHotel-Shenzhen-Futian-Huanggang-77.webp\" alt=\"IntercityHotel Shenzhen Futian Huanggang (77)\" \/>\t\t<\/div>\r\n\t\t\t\t<\/div>\t\t\t\t\t<\/div>\r\n\t\t\t\t\t\t<div class=\"grid-item\">\r\n\t\t\t\t\t\t<div class=\"nuss-box\">\t\t<div class=\"nuss-image image\">\r\n\t\t\t<img decoding=\"async\"  src=\"https:\/\/intercityhotelshenzhen.com\/wp-content\/uploads\/2025\/08\/IntercityHotel-Shenzhen-Futian-Huanggang-72.webp\" alt=\"IntercityHotel Shenzhen Futian Huanggang (72)\" \/>\t\t<\/div>\r\n\t\t\t\t<\/div>\t\t\t\t\t<\/div>\r\n\t\t\t\t\t\t\t\r\n\t\t\t<\/div>\r\n\t\t<\/div>\r\n\t\t\t\t\t\t<\/div>\n\t\t\t\t<\/div>\n\t\t\t\t\t<\/div>\n\t\t\t\t<\/div>\n\t\t<div class=\"elementor-element elementor-element-4122f6f e-flex e-con-boxed e-con e-parent\" data-id=\"4122f6f\" data-element_type=\"container\" data-e-type=\"container\">\n\t\t\t\t\t<div class=\"e-con-inner\">\n\t\t\t\t<div class=\"elementor-element elementor-element-882f2e3 elementor-widget elementor-widget-text-editor\" data-id=\"882f2e3\" data-element_type=\"widget\" data-e-type=\"widget\" data-widget_type=\"text-editor.default\">\n\t\t\t\t\t\t\t\t\t<p>En el coraz\u00f3n din\u00e1mico e innovador del distrito Futian de Shenzhen, donde cada minuto cuenta, <strong>Restaurante en el IntercityHotel Shenzhen Futian Huanggang<\/strong> ofrece una filosof\u00eda refrescante: cenar debe ser tan fluido y satisfactorio como el resto de su estancia. Ubicado en <strong>28 Fumin Road, distrito de Futian, Shenzhen, 518048<\/strong>Nuestra experiencia gastron\u00f3mica en el lugar no se trata de men\u00fas elaborados ni de un servicio prolongado, sino de <strong>Precisi\u00f3n, calidad y pura conveniencia<\/strong>\u2014un reflejo perfecto del esp\u00edritu de inspiraci\u00f3n alemana del hotel.<\/p><p>Entendemos que nuestros hu\u00e9spedes \u2014profesionales de negocios, emprendedores y viajeros con experiencia\u2014 tienen agendas apretadas. Ya sea que se est\u00e9 preparando para una reuni\u00f3n importante en el centro de la ciudad, regresando de una visita al concurrido mercado de electr\u00f3nica de Huaqiangbei o simplemente necesite una comida de confianza despu\u00e9s de un largo viaje, nuestro restaurante est\u00e1 dise\u00f1ado para satisfacer sus necesidades sin compromisos.<\/p><h3>Un desayuno dise\u00f1ado para el \u00e9xito<\/h3><p>Empieza tu d\u00eda con confianza en nuestro <strong>desayuno buffet diario<\/strong>, incluido en la mayor\u00eda de las tarifas de las habitaciones. Hemos preparado un men\u00fa que equilibra <strong>Favoritos internacionales con aut\u00e9nticos sabores chinos<\/strong>, garantizando que haya algo para satisfacer todos los paladares y preferencias.<\/p><ul><li><strong>Selecciones occidentales<\/strong>:Panes reci\u00e9n horneados, variedad de cereales, huevos preparados a pedido y caf\u00e9 y t\u00e9 de primera calidad.<\/li><li><strong>Favoritos chinos<\/strong>:Tazones humeantes de congee, baozi salados (bollos al vapor), fideos y una variedad de platos tradicionales fr\u00edos y calientes.<\/li><li><strong>Opciones saludables<\/strong>:Una selecci\u00f3n de frutas frescas, yogures y zumos para empezar tu ma\u00f1ana con vitalidad.<\/li><\/ul><p>El \u00e1rea de desayuno es luminosa, limpia y est\u00e1 distribuida de manera eficiente, lo que le permite tomar una comida y llevar, o tomarse un momento para sentarse y planificar su d\u00eda en un entorno tranquilo y sin distracciones.<\/p><h3>Comidas sencillas y de alta calidad durante todo el d\u00eda.<\/h3><p>M\u00e1s all\u00e1 del desayuno, nuestro enfoque sigue siendo brindar <strong>comida sencilla y de alta calidad<\/strong> para el almuerzo y la cena. Si bien no tenemos un men\u00fa a la carta extenso, ofrecemos una selecci\u00f3n de <strong>Comidas ligeras, s\u00e1ndwiches y especialidades locales.<\/strong> Perfectos para un bocado r\u00e1pido y satisfactorio. Piense en ensaladas frescas, sopas contundentes y platos asi\u00e1ticos preparados por expertos, todos elaborados con ingredientes frescos y servidos con eficiencia.<\/p><p>Para los hu\u00e9spedes que buscan una experiencia culinaria m\u00e1s completa, la ubicaci\u00f3n privilegiada del hotel es una gran ventaja. A 5-10 minutos a pie, encontrar\u00e1 una amplia variedad de restaurantes, desde restaurantes de negocios de alta gama hasta puestos de comida callejera local, que ofrecen desde dim sum canton\u00e9s hasta hot pot de Sichuan.<\/p><h3>La filosof\u00eda gastron\u00f3mica del IntercityHotel<\/h3><p>Nuestro restaurante encarna los valores fundamentales de la marca IntercityHotel: <strong>confiabilidad, funcionalidad y valor<\/strong>Creemos que una buena comida no tiene por qu\u00e9 ser complicada. Debe ser:<\/p><ul><li><strong>Eficiente<\/strong>Un servicio r\u00e1pido y un dise\u00f1o optimizado significan que pasar\u00e1 menos tiempo esperando y m\u00e1s tiempo haciendo.<\/li><li><strong>Coherente<\/strong>Puede esperar el mismo alto est\u00e1ndar de calidad y limpieza en todo momento.<\/li><li><strong>De apoyo<\/strong>Estamos aqu\u00ed para apoyarte en tu viaje, ya sea con una comida caliente a las 6 a. m. o con un rinc\u00f3n tranquilo para trabajar con una taza de caf\u00e9.<\/li><\/ul><div class=\"py-2 my-3\"><hr \/><\/div><p><strong>Experimente la diferencia de una comida inteligente<\/strong><\/p><p>En el IntercityHotel Shenzhen Futian Huanggang, nuestro restaurante es m\u00e1s que un simple lugar para comer; es parte integral de su estancia productiva y c\u00f3moda. No buscamos ser los m\u00e1s extravagantes, sino los m\u00e1s confiables.<\/p><p>Ya sea que est\u00e9 prepar\u00e1ndose para un d\u00eda de innovaci\u00f3n o relaj\u00e1ndose despu\u00e9s de una reuni\u00f3n exitosa, encontrar\u00e1 una experiencia gastron\u00f3mica tan eficiente y bien ejecutada como la ciudad misma.<\/p><div class=\"py-2 my-3\"><hr \/><\/div><p><strong>Planifique su estancia en el IntercityHotel Shenzhen Futian Huanggang<\/strong><\/p><p>\ud83d\udccd <strong>DIRECCI\u00d3N<\/strong>: 28 Fumin Road, distrito de Futian, Shenzhen, Guangdong, 518048, China \ud83d\udcde <strong>Tel\u00e9fono<\/strong>: +86 755 8280 8888 | \ud83c\udf10 <strong>Sitio web<\/strong>: <a href=\"https:\/\/intercityhotelshenzhen.com\/es\/\" target=\"_blank\" rel=\"nofollow noopener\">www.intercityhotelshenzhen.com<\/a><\/p><p data-spm-anchor-id=\"a2ty_o01.29997173.0.i34.3db3c921mV6PYW\"><em>Su estancia eficiente en Shenzhen comienza aqu\u00ed.<\/em> \ud83c\udf73\u2615\ud83c\udfd9\ufe0f<\/p>\t\t\t\t\t\t\t\t<\/div>\n\t\t\t\t\t<\/div>\n\t\t\t\t<\/div>\n\t\t\t\t<\/div>","protected":false},"excerpt":{"rendered":"<p>Savor the Essence of Efficiency: Dining at IntercityHotel Shenzhen Futian Huanggang In the fast-paced, innovation-driven heart of Shenzhen\u2019s Futian District, where every minute counts, the restaurant at IntercityHotel Shenzhen Futian Huanggang offers a refreshing philosophy: dining should be as seamless and satisfying as the rest of your stay. Located at 28 Fumin Road, Futian District, [&hellip;]<\/p>\n","protected":false},"author":1,"featured_media":0,"parent":0,"menu_order":0,"comment_status":"closed","ping_status":"closed","template":"","meta":{"footnotes":""},"class_list":["post-612","page","type-page","status-publish","hentry","post-no-thumbnail"],"_links":{"self":[{"href":"https:\/\/intercityhotelshenzhen.com\/es\/wp-json\/wp\/v2\/pages\/612","targetHints":{"allow":["GET"]}}],"collection":[{"href":"https:\/\/intercityhotelshenzhen.com\/es\/wp-json\/wp\/v2\/pages"}],"about":[{"href":"https:\/\/intercityhotelshenzhen.com\/es\/wp-json\/wp\/v2\/types\/page"}],"author":[{"embeddable":true,"href":"https:\/\/intercityhotelshenzhen.com\/es\/wp-json\/wp\/v2\/users\/1"}],"replies":[{"embeddable":true,"href":"https:\/\/intercityhotelshenzhen.com\/es\/wp-json\/wp\/v2\/comments?post=612"}],"version-history":[{"count":0,"href":"https:\/\/intercityhotelshenzhen.com\/es\/wp-json\/wp\/v2\/pages\/612\/revisions"}],"wp:attachment":[{"href":"https:\/\/intercityhotelshenzhen.com\/es\/wp-json\/wp\/v2\/media?parent=612"}],"curies":[{"name":"wp","href":"https:\/\/api.w.org\/{rel}","templated":true}]}}