{"id":647,"date":"2021-03-29T02:13:52","date_gmt":"2021-03-29T02:13:52","guid":{"rendered":"http:\/\/localhost\/nuss\/?page_id=647"},"modified":"2025-12-06T08:26:11","modified_gmt":"2025-12-06T08:26:11","slug":"servicios","status":"publish","type":"page","link":"https:\/\/intercityhotelshenzhen.com\/es\/servicios\/","title":{"rendered":"Servicios"},"content":{"rendered":"<div data-elementor-type=\"wp-page\" data-elementor-id=\"647\" class=\"elementor elementor-647\">\n\t\t\t\t\t\t<section class=\"elementor-section elementor-top-section elementor-element elementor-element-3353bc8 elementor-section-boxed elementor-section-gap-beside-yes elementor-section-height-default elementor-section-height-default elementor-section-column-vertical-align-stretch\" data-id=\"3353bc8\" data-element_type=\"section\" data-e-type=\"section\">\n\t\t\t\t\t\t<div class=\"elementor-container elementor-column-gap-extended\">\n\t\t\t\t\t<div class=\"elementor-column elementor-col-100 elementor-top-column elementor-element elementor-element-0a2bc64\" data-id=\"0a2bc64\" data-element_type=\"column\" data-e-type=\"column\">\n\t\t\t<div class=\"elementor-widget-wrap elementor-element-populated\">\n\t\t\t\t\t\t<div class=\"elementor-element elementor-element-447e3ef elementor-widget__width-initial elementor-invisible elementor-widget elementor-widget-text-editor\" data-id=\"447e3ef\" data-element_type=\"widget\" data-e-type=\"widget\" data-settings=\"{&quot;_animation&quot;:&quot;nussFadeInUp&quot;}\" data-widget_type=\"text-editor.default\">\n\t\t\t\t\t\t\t\t\t<p><strong data-spm-anchor-id=\"a2ty_o01.29997173.0.i44.3db3c921mV6PYW\">Servicios excepcionales, dise\u00f1ados para el viajero moderno: su experiencia en IntercityHotel Shenzhen Futian Huanggang<\/strong><\/p>\t\t\t\t\t\t\t\t<\/div>\n\t\t\t\t\t<\/div>\n\t\t<\/div>\n\t\t\t\t\t<\/div>\n\t\t<\/section>\n\t\t<div class=\"elementor-element elementor-element-7f2509d e-flex e-con-boxed e-con e-parent\" data-id=\"7f2509d\" data-element_type=\"container\" data-e-type=\"container\">\n\t\t\t\t\t<div class=\"e-con-inner\">\n\t\t\t\t<div class=\"elementor-element elementor-element-0c81d71 elementor-widget elementor-widget-text-editor\" data-id=\"0c81d71\" data-element_type=\"widget\" data-e-type=\"widget\" data-widget_type=\"text-editor.default\">\n\t\t\t\t\t\t\t\t\t<p>En <strong>IntercityHotel Shenzhen Futian Huanggang<\/strong>, ubicado en <strong>28 Fumin Road, distrito de Futian, Shenzhen, 518048<\/strong>Creemos que el sello distintivo de un hotel verdaderamente excepcional no reside en la extravagancia, sino en la impecable ejecuci\u00f3n de lo esencial. Nuestros servicios est\u00e1n meticulosamente dise\u00f1ados para el viajero exigente, ya sea un profesional de negocios que recorre la din\u00e1mica Gran \u00c1rea de la Bah\u00eda o un turista que busca una base c\u00f3moda y sin complicaciones en la ciudad m\u00e1s innovadora de China. Inspirados en la reconocida herencia alemana de la marca IntercityHotel, nos centramos en... <strong>eficiencia, confiabilidad y dise\u00f1o inteligente<\/strong>, garantizando que cada aspecto de su estad\u00eda sea tranquilo, productivo y sin estr\u00e9s.<\/p><h3>Recepci\u00f3n 24 horas y atenci\u00f3n personalizada a los hu\u00e9spedes<\/h3><p>El coraz\u00f3n de nuestro servicio es nuestro <strong>Recepci\u00f3n 24 horas<\/strong>, atendido por un equipo multiling\u00fce que habla con fluidez <strong>mandar\u00edn e ingl\u00e9s<\/strong>Con la posibilidad de brindar asistencia en franc\u00e9s, alem\u00e1n y japon\u00e9s b\u00e1sico si lo solicita. Estamos disponibles las 24 horas, ya sea que llegue tarde por la noche de un vuelo a Hong Kong o necesite salir temprano por la ma\u00f1ana para una reuni\u00f3n. Nuestro equipo se dedica a brindar asistencia personalizada, que incluye:<\/p><ul><li><strong>Recomendaciones locales detalladas<\/strong> para disfrutar de una comida aut\u00e9ntica, ir de compras a Huaqiangbei o visitar el Museo de Shenzhen.<\/li><li><strong>Arreglos de transporte<\/strong> para taxis, Didi (el Uber de China) o asesoramiento sobre el uso de los sistemas de metro y autob\u00fas.<\/li><li><strong>Ayuda con la impresi\u00f3n, mensajer\u00eda y servicio de despertador.<\/strong> Para apoyar su agenda.<\/li><li><strong>Asistencia para reservar excursiones<\/strong> o entradas para atracciones locales.<\/li><\/ul><p>No somos s\u00f3lo un punto de servicio; somos su socio de confianza para navegar por Shenzhen.<\/p><h3>Llegada y salida sin inconvenientes<\/h3><p>Viajar a trav\u00e9s de uno de los cruces fronterizos m\u00e1s transitados de Asia es f\u00e1cil gracias a nuestra ubicaci\u00f3n estrat\u00e9gica. <strong>A 500 metros del puerto de Huanggang<\/strong>Para los hu\u00e9spedes que llegan desde Hong Kong, la corta caminata de 5 a 7 minutos hasta el hotel es una gran ventaja. Si bien no ofrecemos traslado privado directo al aeropuerto, podemos... <strong>Ayudar a organizar un taxi confiable<\/strong> Desde el Aeropuerto Internacional de Shenzhen Bao&#039;an (SZX) o el Aeropuerto Internacional de Hong Kong (HKG). Para su salida, podemos ayudarle a reservar su pr\u00f3ximo viaje, garantizando una transici\u00f3n oportuna y sin complicaciones.<\/p><p>Tambi\u00e9n ofrecemos <strong>almacenamiento de equipaje gratuito<\/strong> antes del check-in y despu\u00e9s del check-out, lo que le permite explorar la ciudad libremente, ya sea que est\u00e9 visitando el Gran Teatro Shenzhen o disfrutando de una comida en el CBD de Futian.<\/p><h3>Comodidad y conveniencia en cada detalle<\/h3><p>Su comodidad es nuestra prioridad. Todas las habitaciones del IntercityHotel est\u00e1n equipadas con <strong>Wi-Fi de alta velocidad gratuito<\/strong>, asegur\u00e1ndote que te mantengas conectado, ya sea por trabajo o por placer. Entendemos la importancia de una buena noche de sue\u00f1o, por eso todas las habitaciones cuentan con <strong>aire acondicionado con clima controlado<\/strong>, ropa de cama de primera calidad y <strong>ventanas insonorizadas<\/strong> para mantener a raya la energ\u00eda de la ciudad.<\/p><p>Nosotros proporcionamos <strong>limpieza diaria<\/strong> para mantener su espacio fresco y acogedor, junto con <strong>Art\u00edculos de tocador premium, albornoces suaves y toallas de calidad.<\/strong>Cada habitaci\u00f3n incluye una <strong>ba\u00f1o privado en suite<\/strong> con agua caliente, asegurando un comienzo y final refrescante de su d\u00eda.<\/p><h3>Experiencias culinarias nutritivas<\/h3><p>Comience su ma\u00f1ana en nuestro moderno y luminoso comedor con un delicioso <strong>desayuno casero<\/strong>, incluido en la mayor\u00eda de las tarifas de las habitaciones. Nuestro men\u00fa de desayuno combina <strong>sabores tradicionales chinos<\/strong>\u2014como congee y baozi\u2014 con platos internacionales como huevos, tostadas y caf\u00e9. Es la manera perfecta de reponer fuerzas antes de explorar las atracciones cercanas.<\/p><p>Para el almuerzo y la cena, si bien no contamos con un restaurante de servicio completo, estaremos encantados de recomendar y organizar cenas en algunos de los restaurantes locales m\u00e1s aut\u00e9nticos de Shenzhen o ayudarlo con opciones de cena en la habitaci\u00f3n.<\/p><h3>Un compromiso con la autenticidad y el cuidado<\/h3><p>En el IntercityHotel Shenzhen Futian Huanggang, no aspiramos a ser el hotel m\u00e1s grande, sino el m\u00e1s importante. Nuestros servicios reflejan nuestros valores: <strong>Paz, autenticidad y conexi\u00f3n sincera<\/strong>Estamos orgullosos de ser un <strong>propiedad boutique<\/strong> que prioriza la calidad sobre la cantidad, donde cada hu\u00e9sped es tratado como familia.<\/p><p>Tenga en cuenta que debido al dise\u00f1o moderno de nuestro edificio con ascensores, el hotel es <strong>accesible para sillas de ruedas<\/strong>Siempre estaremos encantados de conversar sobre planes especiales con antelaci\u00f3n para garantizar que su estancia sea lo m\u00e1s c\u00f3moda posible.<\/p><div class=\"py-2 my-3\"><hr \/><\/div><div class=\"my-2\">\u00a0<\/div><p><strong>Experimente la diferencia de la aut\u00e9ntica eficiencia alemana<\/strong><br \/>\ud83d\udccd <strong>IntercityHotel Shenzhen Futian Huanggang<\/strong><br \/>28 Fumin Road, distrito de Futian, Shenzhen, Guangdong, 518048, China<br \/>\ud83d\udcde +86 755 8280 8888 | \ud83c\udf10 <a href=\"https:\/\/intercityhotelshenzhen.com\/es\/\" target=\"_blank\" rel=\"nofollow noopener\">www.intercityhotelshenzhen.com <\/a><\/p><div class=\"my-2\">\u00a0<\/div><p><em>Su estancia eficiente en Shenzhen comienza aqu\u00ed.<\/em> \ud83d\ude89\ud83d\udcbc\ud83c\udfd9\ufe0f<\/p>\t\t\t\t\t\t\t\t<\/div>\n\t\t\t\t\t<\/div>\n\t\t\t\t<\/div>\n\t\t\t\t<\/div>","protected":false},"excerpt":{"rendered":"<p>Exceptional Services, Engineered for the Modern Traveler: Your Experience at IntercityHotel Shenzhen Futian Huanggang At IntercityHotel Shenzhen Futian Huanggang, located at 28 Fumin Road, Futian District, Shenzhen, 518048, we believe that the hallmark of a truly great hotel is not found in extravagance, but in the flawless execution of the essentials. Our services are meticulously [&hellip;]<\/p>\n","protected":false},"author":1,"featured_media":0,"parent":0,"menu_order":0,"comment_status":"closed","ping_status":"closed","template":"","meta":{"footnotes":""},"class_list":["post-647","page","type-page","status-publish","hentry","post-no-thumbnail"],"_links":{"self":[{"href":"https:\/\/intercityhotelshenzhen.com\/es\/wp-json\/wp\/v2\/pages\/647","targetHints":{"allow":["GET"]}}],"collection":[{"href":"https:\/\/intercityhotelshenzhen.com\/es\/wp-json\/wp\/v2\/pages"}],"about":[{"href":"https:\/\/intercityhotelshenzhen.com\/es\/wp-json\/wp\/v2\/types\/page"}],"author":[{"embeddable":true,"href":"https:\/\/intercityhotelshenzhen.com\/es\/wp-json\/wp\/v2\/users\/1"}],"replies":[{"embeddable":true,"href":"https:\/\/intercityhotelshenzhen.com\/es\/wp-json\/wp\/v2\/comments?post=647"}],"version-history":[{"count":0,"href":"https:\/\/intercityhotelshenzhen.com\/es\/wp-json\/wp\/v2\/pages\/647\/revisions"}],"wp:attachment":[{"href":"https:\/\/intercityhotelshenzhen.com\/es\/wp-json\/wp\/v2\/media?parent=647"}],"curies":[{"name":"wp","href":"https:\/\/api.w.org\/{rel}","templated":true}]}}