{"id":2104,"date":"2021-03-23T09:33:48","date_gmt":"2021-03-23T09:33:48","guid":{"rendered":"http:\/\/localhost\/nuss\/?page_id=167"},"modified":"2025-12-06T08:25:59","modified_gmt":"2025-12-06T08:25:59","slug":"notre-histoire","status":"publish","type":"page","link":"https:\/\/intercityhotelshenzhen.com\/fr\/notre-histoire\/","title":{"rendered":"Notre histoire"},"content":{"rendered":"<div data-elementor-type=\"wp-page\" data-elementor-id=\"2104\" class=\"elementor elementor-2104\">\n\t\t\t\t\t\t<section class=\"elementor-section elementor-top-section elementor-element elementor-element-8f5bb9d elementor-section-boxed elementor-section-gap-beside-yes elementor-section-height-default elementor-section-height-default elementor-section-column-vertical-align-stretch\" data-id=\"8f5bb9d\" data-element_type=\"section\" data-e-type=\"section\">\n\t\t\t\t\t\t<div class=\"elementor-container elementor-column-gap-extended\">\n\t\t\t\t\t<div class=\"elementor-column elementor-col-100 elementor-top-column elementor-element elementor-element-7ec4215\" data-id=\"7ec4215\" data-element_type=\"column\" data-e-type=\"column\">\n\t\t\t<div class=\"elementor-widget-wrap elementor-element-populated\">\n\t\t\t\t\t\t<div class=\"elementor-element elementor-element-edd9d03 elementor-widget__width-initial elementor-invisible elementor-widget elementor-widget-text-editor\" data-id=\"edd9d03\" data-element_type=\"widget\" data-e-type=\"widget\" data-settings=\"{&quot;_animation&quot;:&quot;nussFadeInUp&quot;}\" data-widget_type=\"text-editor.default\">\n\t\t\t\t\t\t\t\t\t<p><strong data-spm-anchor-id=\"a2ty_o01.29997173.0.i30.3db3c921mV6PYW\">L&#039;IntercityHotel Shenzhen Futian Huanggang \u2013 Quand la pr\u00e9cision allemande rencontre le pouls de Shenzhen<\/strong><\/p>\t\t\t\t\t\t\t\t<\/div>\n\t\t\t\t\t<\/div>\n\t\t<\/div>\n\t\t\t\t\t<\/div>\n\t\t<\/section>\n\t\t<div class=\"elementor-element elementor-element-e3b616a e-flex e-con-boxed e-con e-parent\" data-id=\"e3b616a\" data-element_type=\"container\" data-e-type=\"container\">\n\t\t\t\t\t<div class=\"e-con-inner\">\n\t\t\t\t<div class=\"elementor-element elementor-element-1cf078a elementor-widget elementor-widget-text-editor\" data-id=\"1cf078a\" data-element_type=\"widget\" data-e-type=\"widget\" data-widget_type=\"text-editor.default\">\n\t\t\t\t\t\t\t\t\t<p>Au c\u0153ur de Shenzhen, une ville qui incarne le rythme effr\u00e9n\u00e9 de l&#039;innovation et l&#039;avenir de la Chine moderne, un nouveau type d&#039;hospitalit\u00e9 a pris racine. <strong>28, route Fumin, district de Futian, Shenzhen, 518048<\/strong>, le <strong>IntercityHotel Shenzhen Futian Huanggang<\/strong> c&#039;est plus qu&#039;un simple endroit o\u00f9 reposer sa t\u00eate ; c&#039;est une philosophie en action, un pont entre deux mondes.<\/p><p>Notre histoire commence par une question simple : <em>De quoi le voyageur moderne a-t-il vraiment besoin ?<\/em> \u00c0 l\u2019\u00e8re de la connectivit\u00e9 constante, des horaires serr\u00e9s et des affaires sans fronti\u00e8res, nous avons r\u00e9alis\u00e9 que la r\u00e9ponse ne se trouvait pas dans des halls d\u2019entr\u00e9e opulents ou des \u00e9quipements extravagants, mais dans <strong>efficacit\u00e9, fiabilit\u00e9 et conception intelligente<\/strong>. C&#039;est le c\u0153ur du <strong>IntercityHotel<\/strong> marque, un h\u00e9ritage construit sur les valeurs allemandes de pr\u00e9cision, de fonctionnalit\u00e9 et d&#039;excellence silencieuse.<\/p><p>Le choix de Shenzhen comme emplacement \u00e9tait d\u00e9lib\u00e9r\u00e9. Ce n&#039;est pas une ville pour les \u00e2mes sensibles. C&#039;est une m\u00e9tropole qui, d&#039;un village de p\u00eacheurs, s&#039;est transform\u00e9e en quelques d\u00e9cennies en une puissance technologique mondiale. C&#039;est une ville de b\u00e2tisseurs, de r\u00eaveurs et d&#039;acteurs. Et \u00e0 la porte m\u00eame de Hong Kong, <strong>Port de Huanggang<\/strong>, le besoin d&#039;une exp\u00e9rience fluide et sans stress est primordial. C&#039;est l\u00e0 que notre h\u00f4tel a \u00e9t\u00e9 con\u00e7u, non pas comme une d\u00e9claration grandiose, mais comme un <strong>solution n\u00e9cessaire<\/strong>.<\/p><p>Le <strong>IntercityHotel Shenzhen Futian Huanggang<\/strong> a \u00e9t\u00e9 con\u00e7u d\u00e8s le d\u00e9part pour \u00eatre le choix pratique par excellence. Nous avons \u00e9limin\u00e9 le superflu et nous sommes concentr\u00e9s sur l&#039;essentiel. Chaque \u00e9l\u00e9ment, des fen\u00eatres insonoris\u00e9es qui bloquent le bourdonnement de la ville au Wi-Fi haut d\u00e9bit qui vous permet de rester connect\u00e9 en permanence, a \u00e9t\u00e9 soigneusement choisi pour vous accompagner dans votre voyage. Son design minimaliste et \u00e9pur\u00e9 n&#039;est pas seulement esth\u00e9tique\u00a0; c&#039;est un engagement pour un esprit serein et un s\u00e9jour concentr\u00e9.<\/p><p>Notre emplacement est notre promesse. \u00c0 seulement cinq minutes \u00e0 pied du port de Huanggang, nous comprenons le voyageur en transit, qui doit franchir une fronti\u00e8re, conclure une affaire ou prendre un vol sans aucune marge d&#039;erreur. Nous sommes l\u00e0 pour que cela se passe en toute s\u00e9r\u00e9nit\u00e9. Notre r\u00e9ception ouverte 24h\/24, notre consigne \u00e0 bagages gratuite et notre personnel multilingue ne sont pas de simples services\u00a0; ils t\u00e9moignent de notre engagement envers votre temps et votre tranquillit\u00e9 d&#039;esprit.<\/p><p>Nous ne cherchons pas \u00e0 \u00eatre l&#039;h\u00f4tel le plus tape-\u00e0-l&#039;\u0153il du quartier. Nous sommes l\u00e0 pour \u00eatre le <strong>le choix le plus intelligent et le plus fiable<\/strong>Notre histoire est celle d&#039;une confiance tranquille, celle d&#039;une marque convaincue que les meilleures exp\u00e9riences sont souvent les plus simples. Elle parle du voyageur qui, \u00e0 son arriv\u00e9e, trouve tout \u00e0 sa place et sait, sans l&#039;ombre d&#039;un doute, que son s\u00e9jour sera exactement comme il se doit\u00a0: confortable, efficace et parfaitement fiable.<\/p><p>Voici notre histoire. Celle d&#039;un h\u00f4tel construit pour l&#039;avenir, dans une ville qui le construit. Celle de l&#039;ing\u00e9nierie allemande \u00e0 la rencontre de l&#039;esprit de Shenzhen. Celle d&#039;un lieu o\u00f9 votre seule pr\u00e9occupation est de vous concentrer sur l&#039;avenir, car nous avons d\u00e9j\u00e0 pris soin du reste.<\/p><p>Bienvenue \u00e0 l&#039;IntercityHotel Shenzhen Futian Huanggang. Bienvenue dans le futur de l&#039;h\u00f4tellerie performante.<\/p>\t\t\t\t\t\t\t\t<\/div>\n\t\t\t\t\t<\/div>\n\t\t\t\t<\/div>\n\t\t\t\t<\/div>","protected":false},"excerpt":{"rendered":"<p>The IntercityHotel Shenzhen Futian Huanggang \u2013 Where German Precision Meets Shenzhen\u2019s Pulse In the heart of Shenzhen, a city that embodies the relentless pace of innovation and the future of modern China, a new kind of hospitality has taken root. At 28 Fumin Road, Futian District, Shenzhen, 518048, the IntercityHotel Shenzhen Futian Huanggang is more [&hellip;]<\/p>\n","protected":false},"author":1,"featured_media":0,"parent":0,"menu_order":0,"comment_status":"closed","ping_status":"closed","template":"","meta":{"footnotes":""},"class_list":["post-2104","page","type-page","status-publish","hentry","post-no-thumbnail"],"_links":{"self":[{"href":"https:\/\/intercityhotelshenzhen.com\/fr\/wp-json\/wp\/v2\/pages\/2104","targetHints":{"allow":["GET"]}}],"collection":[{"href":"https:\/\/intercityhotelshenzhen.com\/fr\/wp-json\/wp\/v2\/pages"}],"about":[{"href":"https:\/\/intercityhotelshenzhen.com\/fr\/wp-json\/wp\/v2\/types\/page"}],"author":[{"embeddable":true,"href":"https:\/\/intercityhotelshenzhen.com\/fr\/wp-json\/wp\/v2\/users\/1"}],"replies":[{"embeddable":true,"href":"https:\/\/intercityhotelshenzhen.com\/fr\/wp-json\/wp\/v2\/comments?post=2104"}],"version-history":[{"count":0,"href":"https:\/\/intercityhotelshenzhen.com\/fr\/wp-json\/wp\/v2\/pages\/2104\/revisions"}],"wp:attachment":[{"href":"https:\/\/intercityhotelshenzhen.com\/fr\/wp-json\/wp\/v2\/media?parent=2104"}],"curies":[{"name":"wp","href":"https:\/\/api.w.org\/{rel}","templated":true}]}}