{"id":2109,"date":"2021-03-26T08:35:58","date_gmt":"2021-03-26T08:35:58","guid":{"rendered":"http:\/\/localhost\/nuss\/?page_id=536"},"modified":"2025-12-06T08:25:36","modified_gmt":"2025-12-06T08:25:36","slug":"installations-commerciales","status":"publish","type":"page","link":"https:\/\/intercityhotelshenzhen.com\/fr\/installations-commerciales\/","title":{"rendered":"Installations commerciales"},"content":{"rendered":"<div data-elementor-type=\"wp-page\" data-elementor-id=\"2109\" class=\"elementor elementor-2109\">\n\t\t\t\t\t\t<section class=\"elementor-section elementor-top-section elementor-element elementor-element-bb2901b elementor-section-boxed elementor-section-gap-beside-yes elementor-section-height-default elementor-section-height-default elementor-section-column-vertical-align-stretch\" data-id=\"bb2901b\" data-element_type=\"section\" data-e-type=\"section\">\n\t\t\t\t\t\t<div class=\"elementor-container elementor-column-gap-extended\">\n\t\t\t\t\t<div class=\"elementor-column elementor-col-100 elementor-top-column elementor-element elementor-element-1919db9\" data-id=\"1919db9\" data-element_type=\"column\" data-e-type=\"column\">\n\t\t\t<div class=\"elementor-widget-wrap elementor-element-populated\">\n\t\t\t\t\t\t<div class=\"elementor-element elementor-element-41a7b9c elementor-widget__width-initial elementor-invisible elementor-widget elementor-widget-text-editor\" data-id=\"41a7b9c\" data-element_type=\"widget\" data-e-type=\"widget\" data-settings=\"{&quot;_animation&quot;:&quot;nussFadeInUp&quot;}\" data-widget_type=\"text-editor.default\">\n\t\t\t\t\t\t\t\t\t<p><strong data-spm-anchor-id=\"a2ty_o01.29997173.0.i14.3db3c921mV6PYW\">Installations commerciales \u00e0 l&#039;IntercityHotel Shenzhen Futian Huanggang<\/strong><\/p>\t\t\t\t\t\t\t\t<\/div>\n\t\t\t\t\t<\/div>\n\t\t<\/div>\n\t\t\t\t\t<\/div>\n\t\t<\/section>\n\t\t<div class=\"elementor-element elementor-element-bfd6e14 e-flex e-con-boxed e-con e-parent\" data-id=\"bfd6e14\" data-element_type=\"container\" data-e-type=\"container\">\n\t\t\t\t\t<div class=\"e-con-inner\">\n\t\t\t\t<div class=\"elementor-element elementor-element-15ff453 elementor-widget elementor-widget-nuss-image-gallery\" data-id=\"15ff453\" data-element_type=\"widget\" data-e-type=\"widget\" data-widget_type=\"nuss-image-gallery.default\">\n\t\t\t\t<div class=\"elementor-widget-container\">\n\t\t\t\t\t\t\t<div class=\"nuss-grid-wrapper\" data-grid=\"{&quot;type&quot;:&quot;grid&quot;,&quot;ratio&quot;:null,&quot;columns&quot;:3,&quot;gutter&quot;:30}\">\r\n\t\t\t<div class=\"nuss-grid lazy-grid\">\r\n\t\t\t\t<div class=\"grid-sizer\"><\/div>\r\n\r\n\t\t\t\t\t\t\t\t\t\t\t\t<div class=\"grid-item\">\r\n\t\t\t\t\t\t<div class=\"nuss-box\">\t\t<div class=\"nuss-image image\">\r\n\t\t\t<img decoding=\"async\"  src=\"https:\/\/intercityhotelshenzhen.com\/wp-content\/uploads\/2025\/08\/IntercityHotel-Shenzhen-Futian-Huanggang-11.webp\" alt=\"IntercityHotel Shenzhen Futian Huanggang (11)\" \/>\t\t<\/div>\r\n\t\t\t\t<\/div>\t\t\t\t\t<\/div>\r\n\t\t\t\t\t\t<div class=\"grid-item\">\r\n\t\t\t\t\t\t<div class=\"nuss-box\">\t\t<div class=\"nuss-image image\">\r\n\t\t\t<img decoding=\"async\"  src=\"https:\/\/intercityhotelshenzhen.com\/wp-content\/uploads\/2025\/08\/IntercityHotel-Shenzhen-Futian-Huanggang-20.webp\" alt=\"IntercityHotel Shenzhen Futian Huanggang (20)\" \/>\t\t<\/div>\r\n\t\t\t\t<\/div>\t\t\t\t\t<\/div>\r\n\t\t\t\t\t\t<div class=\"grid-item\">\r\n\t\t\t\t\t\t<div class=\"nuss-box\">\t\t<div class=\"nuss-image image\">\r\n\t\t\t<img decoding=\"async\"  src=\"https:\/\/intercityhotelshenzhen.com\/wp-content\/uploads\/2025\/08\/IntercityHotel-Shenzhen-Futian-Huanggang-18.webp\" alt=\"IntercityHotel Shenzhen Futian Huanggang (18)\" \/>\t\t<\/div>\r\n\t\t\t\t<\/div>\t\t\t\t\t<\/div>\r\n\t\t\t\t\t\t<div class=\"grid-item\">\r\n\t\t\t\t\t\t<div class=\"nuss-box\">\t\t<div class=\"nuss-image image\">\r\n\t\t\t<img decoding=\"async\"  src=\"https:\/\/intercityhotelshenzhen.com\/wp-content\/uploads\/2025\/08\/IntercityHotel-Shenzhen-Futian-Huanggang-16.webp\" alt=\"IntercityHotel Shenzhen Futian Huanggang (16)\" \/>\t\t<\/div>\r\n\t\t\t\t<\/div>\t\t\t\t\t<\/div>\r\n\t\t\t\t\t\t<div class=\"grid-item\">\r\n\t\t\t\t\t\t<div class=\"nuss-box\">\t\t<div class=\"nuss-image image\">\r\n\t\t\t<img decoding=\"async\"  src=\"https:\/\/intercityhotelshenzhen.com\/wp-content\/uploads\/2025\/08\/IntercityHotel-Shenzhen-Futian-Huanggang-17.webp\" alt=\"IntercityHotel Shenzhen Futian Huanggang (17)\" \/>\t\t<\/div>\r\n\t\t\t\t<\/div>\t\t\t\t\t<\/div>\r\n\t\t\t\t\t\t<div class=\"grid-item\">\r\n\t\t\t\t\t\t<div class=\"nuss-box\">\t\t<div class=\"nuss-image image\">\r\n\t\t\t<img decoding=\"async\"  src=\"https:\/\/intercityhotelshenzhen.com\/wp-content\/uploads\/2025\/08\/IntercityHotel-Shenzhen-Futian-Huanggang-13.webp\" alt=\"IntercityHotel Shenzhen Futian Huanggang (13)\" \/>\t\t<\/div>\r\n\t\t\t\t<\/div>\t\t\t\t\t<\/div>\r\n\t\t\t\t\t\t\t\r\n\t\t\t<\/div>\r\n\t\t<\/div>\r\n\t\t\t\t\t\t<\/div>\n\t\t\t\t<\/div>\n\t\t\t\t\t<\/div>\n\t\t\t\t<\/div>\n\t\t<div class=\"elementor-element elementor-element-984338c e-flex e-con-boxed e-con e-parent\" data-id=\"984338c\" data-element_type=\"container\" data-e-type=\"container\">\n\t\t\t\t\t<div class=\"e-con-inner\">\n\t\t\t\t<div class=\"elementor-element elementor-element-9f20617 elementor-widget elementor-widget-text-editor\" data-id=\"9f20617\" data-element_type=\"widget\" data-e-type=\"widget\" data-widget_type=\"text-editor.default\">\n\t\t\t\t\t\t\t\t\t<p data-spm-anchor-id=\"a2ty_o01.29997173.0.i17.3db3c921mV6PYW\">Au c\u0153ur dynamique de la ville la plus futuriste de Chine, <strong>IntercityHotel Shenzhen Futian Huanggang<\/strong> se pr\u00e9sente comme un mod\u00e8le de productivit\u00e9 optimis\u00e9e et de confort moderne. Situ\u00e9 \u00e0 <strong>28, route Fumin, district de Futian, Shenzhen, 518048<\/strong>, l&#039;h\u00f4tel est strat\u00e9giquement situ\u00e9 dans le quartier central des affaires de la ville, \u00e0 quelques pas de <strong>Port de Huanggang<\/strong>\u2014 une porte d&#039;entr\u00e9e majeure vers Hong Kong et la Grande Baie. Pour le voyageur d&#039;affaires, cet emplacement est non seulement pratique, mais aussi transformateur.<\/p><p>Les installations d&#039;affaires de l&#039;h\u00f4tel sont con\u00e7ues avec une philosophie singuli\u00e8re : <strong>Efficacit\u00e9 d&#039;inspiration allemande<\/strong>Cela signifie que chaque service et \u00e9quipement est soigneusement con\u00e7u pour \u00e9liminer les frictions, maximiser la concentration et soutenir le monde du commerce moderne, en constante \u00e9volution et aux enjeux \u00e9lev\u00e9s. Contrairement aux h\u00f4tels traditionnels, encombr\u00e9s par une splendeur superflue, IntercityHotel privil\u00e9gie l&#039;essentiel\u00a0: une connectivit\u00e9 fluide, une productivit\u00e9 silencieuse et un service fiable.<\/p><h3>Connectivit\u00e9 haut d\u00e9bit et espaces de travail modernes<\/h3><p>La fiabilit\u00e9 d&#039;une technologie est au c\u0153ur de tout voyage d&#039;affaires r\u00e9ussi. IntercityHotel vous offre <strong>Wi-Fi haut d\u00e9bit gratuit<\/strong> Dans toute la propri\u00e9t\u00e9, vous pouvez organiser des visioconf\u00e9rences, transf\u00e9rer des fichiers volumineux et rester connect\u00e9 aux march\u00e9s internationaux sans interruption. Le signal est puissant et stable dans chaque pi\u00e8ce et espace public, un atout essentiel pour les professionnels g\u00e9rant des portefeuilles internationaux.<\/p><p>Pour ceux qui pr\u00e9f\u00e8rent un espace de travail d\u00e9di\u00e9, l&#039;h\u00f4tel propose <strong>postes de travail ergonomiques<\/strong> Dans chaque chambre, il ne s&#039;agit pas de simples bureaux, mais d&#039;environnements soigneusement con\u00e7us, dot\u00e9s d&#039;un \u00e9clairage g\u00e9n\u00e9reux, de multiples prises de courant et d&#039;un acc\u00e8s facile aux ports de charge, vous permettant de passer facilement du voyage au travail.<\/p><h3>Un lieu con\u00e7u pour les affaires<\/h3><p>L&#039;adresse de l&#039;h\u00f4tel \u00e0 <strong>District de Futian<\/strong> C&#039;est son principal atout. C&#039;est l&#039;\u00e9picentre financier et technologique de Shenzhen, o\u00f9 se trouvent des entreprises du Fortune 500, des p\u00f4les d&#039;innovation et des institutions gouvernementales. Depuis votre chambre, vous \u00eates \u00e0 quelques minutes de\u00a0:<\/p><ul><li><strong>La Bourse de Shenzhen<\/strong><\/li><li><strong>March\u00e9 de l&#039;\u00e9lectronique de Huaqiangbei<\/strong> \u2013 le plus grand p\u00f4le \u00e9lectronique du monde<\/li><li><strong>Centre de congr\u00e8s et d&#039;expositions de Shenzhen<\/strong><\/li><li><strong>Si\u00e8ges sociaux des grandes entreprises<\/strong> dans le CBD<\/li><\/ul><p>Sa proximit\u00e9 avec <strong>Port de Huanggang<\/strong> C&#039;est le point de d\u00e9part id\u00e9al pour les affaires transfrontali\u00e8res, que vous rencontriez des clients \u00e0 Hong Kong ou participiez \u00e0 un salon professionnel dans la r\u00e9gion. L&#039;h\u00f4tel est \u00e9galement \u00e0 quelques minutes en m\u00e9tro de <strong>Gare de Futian<\/strong>, une plaque tournante ferroviaire \u00e0 grande vitesse reliant Shenzhen \u00e0 Guangzhou, Shanghai et P\u00e9kin.<\/p><h3>Services de soutien pour les voyageurs professionnels<\/h3><p>L&#039;IntercityHotel comprend les exigences du monde des affaires. Notre r\u00e9ception ouverte 24h\/24 est compos\u00e9e de professionnels multilingues pr\u00eats \u00e0 vous aider pour\u00a0:<\/p><ul><li><strong>Impression et traitement de documents<\/strong><\/li><li><strong>Appels de r\u00e9veil et services de messagerie<\/strong><\/li><li><strong>Arrangements de taxi et de transport<\/strong> (y compris les transferts a\u00e9roport sur demande)<\/li><li><strong>Recommandations locales<\/strong> pour les repas d&#039;affaires et les lieux de r\u00e9seautage<\/li><\/ul><p>Nous proposons \u00e9galement <strong>consigne \u00e0 bagages gratuite<\/strong>, vous permettant d&#039;arriver t\u00f4t ou de partir tard sans avoir \u00e0 porter vos bagages, un petit d\u00e9tail mais significatif qui am\u00e9liore votre efficacit\u00e9 globale.<\/p><h3>Une retraite calme pour un travail concentr\u00e9 et du repos<\/h3><p>Apr\u00e8s une journ\u00e9e exigeante de r\u00e9unions et de n\u00e9gociations, l&#039;h\u00f4tel offre un <strong>environnement tranquille<\/strong> Pour se ressourcer. Les chambres sont insonoris\u00e9es pour isoler l&#039;\u00e9nergie de la ville et vous garantir un sommeil r\u00e9parateur. Le design minimaliste et \u00e9pur\u00e9 favorise la clart\u00e9 d&#039;esprit, tandis que la literie de haute qualit\u00e9 garantit le confort. Cet \u00e9quilibre entre productivit\u00e9 et repos est essentiel pour une performance durable.<\/p><p>Pour un rafra\u00eechissement rapide, les salles de bains modernes disposent de puissantes douches \u00e0 effet pluie et <strong>centre de fitness<\/strong> est disponible pour une s\u00e9ance d&#039;entra\u00eenement pour vous vider l&#039;esprit.<\/p><div class=\"py-2 my-3\"><hr \/><\/div><p><strong>IntercityHotel Shenzhen Futian Huanggang<\/strong> red\u00e9finit le s\u00e9jour d&#039;affaires. Loin de l&#039;exc\u00e8s, ce lieu privil\u00e9gie l&#039;excellence. Ici, chaque d\u00e9tail, du Wi-Fi fiable \u00e0 l&#039;emplacement strat\u00e9gique, s&#039;harmonise pour assurer votre r\u00e9ussite. Que vous soyez ici pour une simple journ\u00e9e de r\u00e9union ou un projet de longue dur\u00e9e, vous trouverez un partenaire d&#039;efficacit\u00e9, un havre de paix et un tremplin pour votre prochaine grande opportunit\u00e9.<\/p><p data-spm-anchor-id=\"a2ty_o01.29997173.0.i18.3db3c921mV6PYW\"><em>Travaillez plus intelligemment. Restez concentr\u00e9. R\u00e9ussissez \u00e0 Shenzhen.<\/em><\/p>\t\t\t\t\t\t\t\t<\/div>\n\t\t\t\t\t<\/div>\n\t\t\t\t<\/div>\n\t\t\t\t<\/div>","protected":false},"excerpt":{"rendered":"<p>Business Facilities at IntercityHotel Shenzhen Futian Huanggang In the dynamic heart of China\u2019s most futuristic city, IntercityHotel Shenzhen Futian Huanggang stands as a beacon of streamlined productivity and modern convenience. Located at 28 Fumin Road, Futian District, Shenzhen, 518048, the hotel is strategically positioned in the city\u2019s central business district, just steps from Huanggang Port\u2014a [&hellip;]<\/p>\n","protected":false},"author":1,"featured_media":0,"parent":0,"menu_order":0,"comment_status":"closed","ping_status":"closed","template":"","meta":{"footnotes":""},"class_list":["post-2109","page","type-page","status-publish","hentry","post-no-thumbnail"],"_links":{"self":[{"href":"https:\/\/intercityhotelshenzhen.com\/fr\/wp-json\/wp\/v2\/pages\/2109","targetHints":{"allow":["GET"]}}],"collection":[{"href":"https:\/\/intercityhotelshenzhen.com\/fr\/wp-json\/wp\/v2\/pages"}],"about":[{"href":"https:\/\/intercityhotelshenzhen.com\/fr\/wp-json\/wp\/v2\/types\/page"}],"author":[{"embeddable":true,"href":"https:\/\/intercityhotelshenzhen.com\/fr\/wp-json\/wp\/v2\/users\/1"}],"replies":[{"embeddable":true,"href":"https:\/\/intercityhotelshenzhen.com\/fr\/wp-json\/wp\/v2\/comments?post=2109"}],"version-history":[{"count":0,"href":"https:\/\/intercityhotelshenzhen.com\/fr\/wp-json\/wp\/v2\/pages\/2109\/revisions"}],"wp:attachment":[{"href":"https:\/\/intercityhotelshenzhen.com\/fr\/wp-json\/wp\/v2\/media?parent=2109"}],"curies":[{"name":"wp","href":"https:\/\/api.w.org\/{rel}","templated":true}]}}