{"id":5266,"date":"2021-07-18T08:03:35","date_gmt":"2021-07-18T08:03:35","guid":{"rendered":"https:\/\/nuss.uxper.co\/luxury-resort\/?page_id=5266"},"modified":"2025-12-06T08:25:26","modified_gmt":"2025-12-06T08:25:26","slug":"a-propos-de-nous","status":"publish","type":"page","link":"https:\/\/intercityhotelshenzhen.com\/fr\/a-propos-de-nous\/","title":{"rendered":"\u00c0 propos de nous"},"content":{"rendered":"<div data-elementor-type=\"wp-page\" data-elementor-id=\"5266\" class=\"elementor elementor-5266\">\n\t\t\t\t\t\t<section class=\"elementor-section elementor-top-section elementor-element elementor-element-10416953 elementor-section-boxed elementor-section-gap-beside-yes elementor-section-height-default elementor-section-height-default elementor-section-column-vertical-align-stretch\" data-id=\"10416953\" data-element_type=\"section\" data-e-type=\"section\">\n\t\t\t\t\t\t<div class=\"elementor-container elementor-column-gap-extended\">\n\t\t\t\t\t<div class=\"elementor-column elementor-col-100 elementor-top-column elementor-element elementor-element-29c6aa8\" data-id=\"29c6aa8\" data-element_type=\"column\" data-e-type=\"column\">\n\t\t\t<div class=\"elementor-widget-wrap elementor-element-populated\">\n\t\t\t\t\t\t<div class=\"elementor-element elementor-element-7be18fe7 elementor-widget__width-initial elementor-invisible elementor-widget elementor-widget-text-editor\" data-id=\"7be18fe7\" data-element_type=\"widget\" data-e-type=\"widget\" data-settings=\"{&quot;_animation&quot;:&quot;nussFadeInUp&quot;}\" data-widget_type=\"text-editor.default\">\n\t\t\t\t\t\t\t\t\t<p><strong data-spm-anchor-id=\"a2ty_o01.29997173.0.i11.3db3c921mV6PYW\">IntercityHotel Shenzhen Futian Huanggang\u00a0: votre passerelle intelligente vers l&#039;innovation et la connectivit\u00e9<\/strong><\/p>\t\t\t\t\t\t\t\t<\/div>\n\t\t\t\t\t<\/div>\n\t\t<\/div>\n\t\t\t\t\t<\/div>\n\t\t<\/section>\n\t\t\t\t<section class=\"elementor-section elementor-top-section elementor-element elementor-element-7d18327f elementor-section-boxed elementor-section-gap-beside-yes elementor-section-height-default elementor-section-height-default elementor-section-column-vertical-align-stretch\" data-id=\"7d18327f\" data-element_type=\"section\" data-e-type=\"section\">\n\t\t\t\t\t\t<div class=\"elementor-container elementor-column-gap-extended\">\n\t\t\t\t\t<div class=\"elementor-column elementor-col-50 elementor-top-column elementor-element elementor-element-56533670\" data-id=\"56533670\" data-element_type=\"column\" data-e-type=\"column\">\n\t\t\t<div class=\"elementor-widget-wrap elementor-element-populated\">\n\t\t\t\t\t\t<div class=\"elementor-element elementor-element-19c3f543 elementor-invisible elementor-widget elementor-widget-text-editor\" data-id=\"19c3f543\" data-element_type=\"widget\" data-e-type=\"widget\" data-settings=\"{&quot;_animation&quot;:&quot;nussFadeInUp&quot;}\" data-widget_type=\"text-editor.default\">\n\t\t\t\t\t\t\t\t\t<p data-spm-anchor-id=\"a2ty_o01.29997173.0.i7.3db3c921mV6PYW\">Au c\u0153ur palpitant de la capitale technologique chinoise, o\u00f9 les gratte-ciel percent les nuages et o\u00f9 l&#039;avenir se construit aujourd&#039;hui, se trouve un sanctuaire d&#039;efficacit\u00e9 moderne et de pr\u00e9cision d&#039;inspiration allemande : <strong>IntercityHotel Shenzhen Futian Huanggang<\/strong>. Situ\u00e9 \u00e0 <strong>28 Fumin Road, district de Futian, Shenzhen, Guangdong, 518048<\/strong>, cet h\u00f4tel contemporain n&#039;est pas seulement un lieu de s\u00e9jour : c&#039;est une base strat\u00e9gique pour le voyageur dynamique qui navigue dans la r\u00e9gion de la Grande Baie.<\/p>\t\t\t\t\t\t\t\t<\/div>\n\t\t\t\t\t<\/div>\n\t\t<\/div>\n\t\t\t\t<div class=\"elementor-column elementor-col-50 elementor-top-column elementor-element elementor-element-30f14127\" data-id=\"30f14127\" data-element_type=\"column\" data-e-type=\"column\">\n\t\t\t<div class=\"elementor-widget-wrap elementor-element-populated\">\n\t\t\t\t\t\t<div class=\"elementor-element elementor-element-350da02e elementor-invisible nuss-elementor-loading nuss-slide-in-left elementor-widget elementor-widget-image\" data-id=\"350da02e\" data-element_type=\"widget\" data-e-type=\"widget\" data-settings=\"{&quot;_animation&quot;:&quot;nussSlideInLeft&quot;}\" data-widget_type=\"image.default\">\n\t\t\t\t\t\t\t\t\t\t\t\t\t\t\t<img fetchpriority=\"high\" decoding=\"async\" width=\"593\" height=\"853\" src=\"https:\/\/intercityhotelshenzhen.com\/wp-content\/uploads\/2025\/08\/IntercityHotel-Shenzhen-Futian-Huanggang-1.webp\" class=\"attachment-full size-full wp-image-5531\" alt=\"\" srcset=\"https:\/\/intercityhotelshenzhen.com\/wp-content\/uploads\/2025\/08\/IntercityHotel-Shenzhen-Futian-Huanggang-1.webp 593w, https:\/\/intercityhotelshenzhen.com\/wp-content\/uploads\/2025\/08\/IntercityHotel-Shenzhen-Futian-Huanggang-1-209x300.webp 209w\" sizes=\"(max-width: 593px) 100vw, 593px\" \/>\t\t\t\t\t\t\t\t\t\t\t\t\t\t\t<\/div>\n\t\t\t\t\t<\/div>\n\t\t<\/div>\n\t\t\t\t\t<\/div>\n\t\t<\/section>\n\t\t\t\t<section class=\"elementor-section elementor-top-section elementor-element elementor-element-29fb8578 elementor-section-height-min-height elementor-section-stretched elementor-section-full_width elementor-section-items-stretch elementor-section-height-default elementor-section-column-vertical-align-stretch\" data-id=\"29fb8578\" data-element_type=\"section\" data-e-type=\"section\" data-settings=\"{&quot;stretch_section&quot;:&quot;section-stretched&quot;}\">\n\t\t\t\t\t\t<div class=\"elementor-container elementor-column-gap-no\">\n\t\t\t\t\t<div class=\"elementor-column elementor-col-50 elementor-top-column elementor-element elementor-element-40ac270b\" data-id=\"40ac270b\" data-element_type=\"column\" data-e-type=\"column\">\n\t\t\t<div class=\"elementor-widget-wrap elementor-element-populated\">\n\t\t\t\t\t\t<div class=\"elementor-element elementor-element-20872773 elementor-widget__width-initial elementor-widget-mobile__width-inherit elementor-invisible nuss-elementor-loading nuss-slide-in-right elementor-widget elementor-widget-image\" data-id=\"20872773\" data-element_type=\"widget\" data-e-type=\"widget\" data-settings=\"{&quot;_animation&quot;:&quot;nussSlideInRight&quot;}\" data-widget_type=\"image.default\">\n\t\t\t\t\t\t\t\t\t\t\t\t\t\t\t<img decoding=\"async\" width=\"1276\" height=\"853\" src=\"https:\/\/intercityhotelshenzhen.com\/wp-content\/uploads\/2025\/08\/IntercityHotel-Shenzhen-Futian-Huanggang-45.webp\" class=\"attachment-full size-full wp-image-5575\" alt=\"\" srcset=\"https:\/\/intercityhotelshenzhen.com\/wp-content\/uploads\/2025\/08\/IntercityHotel-Shenzhen-Futian-Huanggang-45.webp 1276w, https:\/\/intercityhotelshenzhen.com\/wp-content\/uploads\/2025\/08\/IntercityHotel-Shenzhen-Futian-Huanggang-45-300x201.webp 300w, https:\/\/intercityhotelshenzhen.com\/wp-content\/uploads\/2025\/08\/IntercityHotel-Shenzhen-Futian-Huanggang-45-1024x685.webp 1024w, https:\/\/intercityhotelshenzhen.com\/wp-content\/uploads\/2025\/08\/IntercityHotel-Shenzhen-Futian-Huanggang-45-768x513.webp 768w\" sizes=\"(max-width: 1276px) 100vw, 1276px\" \/>\t\t\t\t\t\t\t\t\t\t\t\t\t\t\t<\/div>\n\t\t\t\t\t<\/div>\n\t\t<\/div>\n\t\t\t\t<div class=\"elementor-column elementor-col-50 elementor-top-column elementor-element elementor-element-2dac103\" data-id=\"2dac103\" data-element_type=\"column\" data-e-type=\"column\">\n\t\t\t<div class=\"elementor-widget-wrap elementor-element-populated\">\n\t\t\t\t\t\t<div class=\"elementor-element elementor-element-6f1b8966 elementor-invisible elementor-widget elementor-widget-text-editor\" data-id=\"6f1b8966\" data-element_type=\"widget\" data-e-type=\"widget\" data-settings=\"{&quot;_animation&quot;:&quot;nussFadeInUp&quot;}\" data-widget_type=\"text-editor.default\">\n\t\t\t\t\t\t\t\t\t<p data-spm-anchor-id=\"a2ty_o01.29997173.0.i8.3db3c921mV6PYW\">Situ\u00e9 dans le <strong>CBD de Futian<\/strong>Situ\u00e9 \u00e0 Shenzhen, l&#039;un des p\u00f4les commerciaux et financiers les plus importants de Shenzhen, l&#039;IntercityHotel offre un acc\u00e8s privil\u00e9gi\u00e9 au c\u0153ur de la ville. Son emplacement privil\u00e9gi\u00e9, \u00e0 quelques pas de <strong>Port de Huanggang<\/strong>, en fait le choix id\u00e9al pour les professionnels, les entrepreneurs et les voyageurs traversant la fronti\u00e8re vers et depuis <strong>Hong Kong<\/strong>Que vous soyez ici pour assister \u00e0 une r\u00e9union \u00e0 enjeux \u00e9lev\u00e9s dans le quartier financier de la ville, explorer les derni\u00e8res innovations du march\u00e9 de l&#039;\u00e9lectronique de Huaqiangbei ou simplement d\u00e9couvrir l&#039;\u00e9nergie \u00e9lectrique de l&#039;une des villes les plus avant-gardistes du monde, l&#039;IntercityHotel est con\u00e7u pour vous y amener en toute transparence.<\/p><p>L&#039;h\u00f4tel incarne le <strong>\u00ab Qualit\u00e9 allemande \u00bb<\/strong> La marque IntercityHotel est r\u00e9put\u00e9e pour sa fiabilit\u00e9, sa fonctionnalit\u00e9 et son souci de l&#039;essentiel. D\u00e8s votre arriv\u00e9e, vous appr\u00e9cierez <strong>processus d&#039;enregistrement simplifi\u00e9<\/strong>, le <strong>design \u00e9pur\u00e9 et minimaliste<\/strong>, et le <strong>des \u00e9quipements bien pens\u00e9s<\/strong> Des chambres qui r\u00e9pondent aux besoins du voyageur moderne. Chaque chambre est un v\u00e9ritable havre de confort, avec des fen\u00eatres insonoris\u00e9es pour isoler du bruit de la ville, un Wi-Fi haut d\u00e9bit pour une connexion sans interruption, des espaces de travail ergonomiques et une douche \u00e0 effet pluie rafra\u00eechissante pour bien d\u00e9marrer la journ\u00e9e.<\/p>\t\t\t\t\t\t\t\t<\/div>\n\t\t\t\t\t<\/div>\n\t\t<\/div>\n\t\t\t\t\t<\/div>\n\t\t<\/section>\n\t\t\t\t<section class=\"elementor-section elementor-top-section elementor-element elementor-element-5da7f21 elementor-section-height-min-height elementor-section-stretched elementor-section-full_width elementor-section-items-stretch elementor-section-height-default elementor-section-column-vertical-align-stretch\" data-id=\"5da7f21\" data-element_type=\"section\" data-e-type=\"section\" data-settings=\"{&quot;stretch_section&quot;:&quot;section-stretched&quot;}\">\n\t\t\t\t\t\t<div class=\"elementor-container elementor-column-gap-no\">\n\t\t\t\t\t<div class=\"elementor-column elementor-col-50 elementor-top-column elementor-element elementor-element-6a14f55\" data-id=\"6a14f55\" data-element_type=\"column\" data-e-type=\"column\">\n\t\t\t<div class=\"elementor-widget-wrap elementor-element-populated\">\n\t\t\t\t\t\t<div class=\"elementor-element elementor-element-e355255 elementor-invisible elementor-widget elementor-widget-text-editor\" data-id=\"e355255\" data-element_type=\"widget\" data-e-type=\"widget\" data-settings=\"{&quot;_animation&quot;:&quot;nussFadeInUp&quot;}\" data-widget_type=\"text-editor.default\">\n\t\t\t\t\t\t\t\t\t<p data-spm-anchor-id=\"a2ty_o01.29997173.0.i10.3db3c921mV6PYW\">Au-del\u00e0 de sa fonctionnalit\u00e9 principale, l&#039;h\u00f4tel offre <strong>Service de r\u00e9ception 24h\/24<\/strong> et <strong>consigne \u00e0 bagages gratuite<\/strong>, garantissant une arriv\u00e9e et un d\u00e9part en toute s\u00e9r\u00e9nit\u00e9. Sa proximit\u00e9 avec le m\u00e9tro et les transports transfrontaliers vous permettra d&#039;explorer sans effort les quartiers anim\u00e9s de Shenzhen ou de rejoindre rapidement Hong Kong.<\/p><p>L&#039;IntercityHotel Shenzhen Futian Huanggang est plus qu&#039;un simple h\u00f4tel ; c&#039;est un <strong>p\u00f4le d&#039;efficacit\u00e9<\/strong> Dans une ville qui ne dort jamais. C&#039;est l\u00e0 que les voyageurs d&#039;affaires trouvent la concentration dont ils ont besoin, que les explorateurs urbains trouvent un havre de paix et que chaque client d\u00e9couvre que les meilleures exp\u00e9riences r\u00e9sident souvent dans la simplicit\u00e9, la pr\u00e9cision et un emplacement id\u00e9al.<\/p><p>Que vous soyez \u00e0 Shenzhen pour une journ\u00e9e ou une semaine, commencez votre voyage en toute s\u00e9r\u00e9nit\u00e9. Chez IntercityHotel, votre s\u00e9jour n&#039;est pas seulement confortable, il est intelligent.<\/p>\t\t\t\t\t\t\t\t<\/div>\n\t\t\t\t\t<\/div>\n\t\t<\/div>\n\t\t\t\t<div class=\"elementor-column elementor-col-50 elementor-top-column elementor-element elementor-element-8b4243a\" data-id=\"8b4243a\" data-element_type=\"column\" data-e-type=\"column\">\n\t\t\t<div class=\"elementor-widget-wrap elementor-element-populated\">\n\t\t\t\t\t\t<div class=\"elementor-element elementor-element-4552a68 elementor-widget__width-initial elementor-widget-mobile__width-inherit elementor-invisible nuss-elementor-loading nuss-slide-in-right elementor-widget elementor-widget-image\" data-id=\"4552a68\" data-element_type=\"widget\" data-e-type=\"widget\" data-settings=\"{&quot;_animation&quot;:&quot;nussSlideInRight&quot;}\" data-widget_type=\"image.default\">\n\t\t\t\t\t\t\t\t\t\t\t\t\t\t\t<img decoding=\"async\" width=\"1127\" height=\"853\" src=\"https:\/\/intercityhotelshenzhen.com\/wp-content\/uploads\/2025\/08\/IntercityHotel-Shenzhen-Futian-Huanggang-22.webp\" class=\"attachment-full size-full wp-image-5552\" alt=\"\" srcset=\"https:\/\/intercityhotelshenzhen.com\/wp-content\/uploads\/2025\/08\/IntercityHotel-Shenzhen-Futian-Huanggang-22.webp 1127w, https:\/\/intercityhotelshenzhen.com\/wp-content\/uploads\/2025\/08\/IntercityHotel-Shenzhen-Futian-Huanggang-22-300x227.webp 300w, https:\/\/intercityhotelshenzhen.com\/wp-content\/uploads\/2025\/08\/IntercityHotel-Shenzhen-Futian-Huanggang-22-1024x775.webp 1024w, https:\/\/intercityhotelshenzhen.com\/wp-content\/uploads\/2025\/08\/IntercityHotel-Shenzhen-Futian-Huanggang-22-768x581.webp 768w\" sizes=\"(max-width: 1127px) 100vw, 1127px\" \/>\t\t\t\t\t\t\t\t\t\t\t\t\t\t\t<\/div>\n\t\t\t\t\t<\/div>\n\t\t<\/div>\n\t\t\t\t\t<\/div>\n\t\t<\/section>\n\t\t\t\t<\/div>","protected":false},"excerpt":{"rendered":"<p>IntercityHotel Shenzhen Futian Huanggang: Your Smart Gateway to Innovation and Connectivity In the pulsating heart of China\u2019s tech capital, where skyscrapers pierce the clouds and the future is being built today, lies a sanctuary of modern efficiency and German-inspired precision: IntercityHotel Shenzhen Futian Huanggang. Located at 28 Fumin Road, Futian District, Shenzhen, Guangdong, 518048, this [&hellip;]<\/p>\n","protected":false},"author":1,"featured_media":0,"parent":0,"menu_order":0,"comment_status":"closed","ping_status":"closed","template":"","meta":{"footnotes":""},"class_list":["post-5266","page","type-page","status-publish","hentry","post-no-thumbnail"],"_links":{"self":[{"href":"https:\/\/intercityhotelshenzhen.com\/fr\/wp-json\/wp\/v2\/pages\/5266","targetHints":{"allow":["GET"]}}],"collection":[{"href":"https:\/\/intercityhotelshenzhen.com\/fr\/wp-json\/wp\/v2\/pages"}],"about":[{"href":"https:\/\/intercityhotelshenzhen.com\/fr\/wp-json\/wp\/v2\/types\/page"}],"author":[{"embeddable":true,"href":"https:\/\/intercityhotelshenzhen.com\/fr\/wp-json\/wp\/v2\/users\/1"}],"replies":[{"embeddable":true,"href":"https:\/\/intercityhotelshenzhen.com\/fr\/wp-json\/wp\/v2\/comments?post=5266"}],"version-history":[{"count":0,"href":"https:\/\/intercityhotelshenzhen.com\/fr\/wp-json\/wp\/v2\/pages\/5266\/revisions"}],"wp:attachment":[{"href":"https:\/\/intercityhotelshenzhen.com\/fr\/wp-json\/wp\/v2\/media?parent=5266"}],"curies":[{"name":"wp","href":"https:\/\/api.w.org\/{rel}","templated":true}]}}