{"id":612,"date":"2021-03-26T10:04:13","date_gmt":"2021-03-26T10:04:13","guid":{"rendered":"http:\/\/localhost\/nuss\/?page_id=612"},"modified":"2025-12-06T08:26:05","modified_gmt":"2025-12-06T08:26:05","slug":"restaurant","status":"publish","type":"page","link":"https:\/\/intercityhotelshenzhen.com\/fr\/restaurant\/","title":{"rendered":"Restaurant"},"content":{"rendered":"<div data-elementor-type=\"wp-page\" data-elementor-id=\"612\" class=\"elementor elementor-612\">\n\t\t\t\t\t\t<section class=\"elementor-section elementor-top-section elementor-element elementor-element-e2effe8 elementor-section-boxed elementor-section-gap-beside-yes elementor-section-height-default elementor-section-height-default elementor-section-column-vertical-align-stretch\" data-id=\"e2effe8\" data-element_type=\"section\" data-e-type=\"section\">\n\t\t\t\t\t\t<div class=\"elementor-container elementor-column-gap-extended\">\n\t\t\t\t\t<div class=\"elementor-column elementor-col-100 elementor-top-column elementor-element elementor-element-e18f688\" data-id=\"e18f688\" data-element_type=\"column\" data-e-type=\"column\">\n\t\t\t<div class=\"elementor-widget-wrap elementor-element-populated\">\n\t\t\t\t\t\t<div class=\"elementor-element elementor-element-6db146d elementor-widget__width-initial elementor-invisible elementor-widget elementor-widget-text-editor\" data-id=\"6db146d\" data-element_type=\"widget\" data-e-type=\"widget\" data-settings=\"{&quot;_animation&quot;:&quot;nussFadeInUp&quot;}\" data-widget_type=\"text-editor.default\">\n\t\t\t\t\t\t\t\t\t<p><strong data-spm-anchor-id=\"a2ty_o01.29997173.0.i35.3db3c921mV6PYW\">Savourez l&#039;essence de l&#039;efficacit\u00e9\u00a0: d\u00eener \u00e0 l&#039;IntercityHotel Shenzhen Futian Huanggang<\/strong><\/p>\t\t\t\t\t\t\t\t<\/div>\n\t\t\t\t\t<\/div>\n\t\t<\/div>\n\t\t\t\t\t<\/div>\n\t\t<\/section>\n\t\t<div class=\"elementor-element elementor-element-ffff2a3 e-flex e-con-boxed e-con e-parent\" data-id=\"ffff2a3\" data-element_type=\"container\" data-e-type=\"container\">\n\t\t\t\t\t<div class=\"e-con-inner\">\n\t\t\t\t<div class=\"elementor-element elementor-element-a5d4233 elementor-widget elementor-widget-nuss-image-gallery\" data-id=\"a5d4233\" data-element_type=\"widget\" data-e-type=\"widget\" data-widget_type=\"nuss-image-gallery.default\">\n\t\t\t\t<div class=\"elementor-widget-container\">\n\t\t\t\t\t\t\t<div class=\"nuss-grid-wrapper\" data-grid=\"{&quot;type&quot;:&quot;grid&quot;,&quot;ratio&quot;:null,&quot;columns&quot;:3,&quot;gutter&quot;:30}\">\r\n\t\t\t<div class=\"nuss-grid lazy-grid\">\r\n\t\t\t\t<div class=\"grid-sizer\"><\/div>\r\n\r\n\t\t\t\t\t\t\t\t\t\t\t\t<div class=\"grid-item\">\r\n\t\t\t\t\t\t<div class=\"nuss-box\">\t\t<div class=\"nuss-image image\">\r\n\t\t\t<img decoding=\"async\"  src=\"https:\/\/intercityhotelshenzhen.com\/wp-content\/uploads\/2025\/08\/IntercityHotel-Shenzhen-Futian-Huanggang-70.webp\" alt=\"IntercityHotel Shenzhen Futian Huanggang (70)\" \/>\t\t<\/div>\r\n\t\t\t\t<\/div>\t\t\t\t\t<\/div>\r\n\t\t\t\t\t\t<div class=\"grid-item\">\r\n\t\t\t\t\t\t<div class=\"nuss-box\">\t\t<div class=\"nuss-image image\">\r\n\t\t\t<img decoding=\"async\"  src=\"https:\/\/intercityhotelshenzhen.com\/wp-content\/uploads\/2025\/08\/IntercityHotel-Shenzhen-Futian-Huanggang-80.webp\" alt=\"IntercityHotel Shenzhen Futian Huanggang (80)\" \/>\t\t<\/div>\r\n\t\t\t\t<\/div>\t\t\t\t\t<\/div>\r\n\t\t\t\t\t\t<div class=\"grid-item\">\r\n\t\t\t\t\t\t<div class=\"nuss-box\">\t\t<div class=\"nuss-image image\">\r\n\t\t\t<img decoding=\"async\"  src=\"https:\/\/intercityhotelshenzhen.com\/wp-content\/uploads\/2025\/08\/IntercityHotel-Shenzhen-Futian-Huanggang-73.webp\" alt=\"IntercityHotel Shenzhen Futian Huanggang (73)\" \/>\t\t<\/div>\r\n\t\t\t\t<\/div>\t\t\t\t\t<\/div>\r\n\t\t\t\t\t\t<div class=\"grid-item\">\r\n\t\t\t\t\t\t<div class=\"nuss-box\">\t\t<div class=\"nuss-image image\">\r\n\t\t\t<img decoding=\"async\"  src=\"https:\/\/intercityhotelshenzhen.com\/wp-content\/uploads\/2025\/08\/IntercityHotel-Shenzhen-Futian-Huanggang-74.webp\" alt=\"IntercityHotel Shenzhen Futian Huanggang (74)\" \/>\t\t<\/div>\r\n\t\t\t\t<\/div>\t\t\t\t\t<\/div>\r\n\t\t\t\t\t\t<div class=\"grid-item\">\r\n\t\t\t\t\t\t<div class=\"nuss-box\">\t\t<div class=\"nuss-image image\">\r\n\t\t\t<img decoding=\"async\"  src=\"https:\/\/intercityhotelshenzhen.com\/wp-content\/uploads\/2025\/08\/IntercityHotel-Shenzhen-Futian-Huanggang-87.webp\" alt=\"IntercityHotel Shenzhen Futian Huanggang (87)\" \/>\t\t<\/div>\r\n\t\t\t\t<\/div>\t\t\t\t\t<\/div>\r\n\t\t\t\t\t\t<div class=\"grid-item\">\r\n\t\t\t\t\t\t<div class=\"nuss-box\">\t\t<div class=\"nuss-image image\">\r\n\t\t\t<img decoding=\"async\"  src=\"https:\/\/intercityhotelshenzhen.com\/wp-content\/uploads\/2025\/08\/IntercityHotel-Shenzhen-Futian-Huanggang-7.webp\" alt=\"IntercityHotel Shenzhen Futian Huanggang (7)\" \/>\t\t<\/div>\r\n\t\t\t\t<\/div>\t\t\t\t\t<\/div>\r\n\t\t\t\t\t\t<div class=\"grid-item\">\r\n\t\t\t\t\t\t<div class=\"nuss-box\">\t\t<div class=\"nuss-image image\">\r\n\t\t\t<img decoding=\"async\"  src=\"https:\/\/intercityhotelshenzhen.com\/wp-content\/uploads\/2025\/08\/IntercityHotel-Shenzhen-Futian-Huanggang-93.webp\" alt=\"IntercityHotel Shenzhen Futian Huanggang (93)\" \/>\t\t<\/div>\r\n\t\t\t\t<\/div>\t\t\t\t\t<\/div>\r\n\t\t\t\t\t\t<div class=\"grid-item\">\r\n\t\t\t\t\t\t<div class=\"nuss-box\">\t\t<div class=\"nuss-image image\">\r\n\t\t\t<img decoding=\"async\"  src=\"https:\/\/intercityhotelshenzhen.com\/wp-content\/uploads\/2025\/08\/IntercityHotel-Shenzhen-Futian-Huanggang-6.webp\" alt=\"IntercityHotel Shenzhen Futian Huanggang (6)\" \/>\t\t<\/div>\r\n\t\t\t\t<\/div>\t\t\t\t\t<\/div>\r\n\t\t\t\t\t\t<div class=\"grid-item\">\r\n\t\t\t\t\t\t<div class=\"nuss-box\">\t\t<div class=\"nuss-image image\">\r\n\t\t\t<img decoding=\"async\"  src=\"https:\/\/intercityhotelshenzhen.com\/wp-content\/uploads\/2025\/08\/IntercityHotel-Shenzhen-Futian-Huanggang-91.webp\" alt=\"IntercityHotel Shenzhen Futian Huanggang (91)\" \/>\t\t<\/div>\r\n\t\t\t\t<\/div>\t\t\t\t\t<\/div>\r\n\t\t\t\t\t\t<div class=\"grid-item\">\r\n\t\t\t\t\t\t<div class=\"nuss-box\">\t\t<div class=\"nuss-image image\">\r\n\t\t\t<img decoding=\"async\"  src=\"https:\/\/intercityhotelshenzhen.com\/wp-content\/uploads\/2025\/08\/IntercityHotel-Shenzhen-Futian-Huanggang-79.webp\" alt=\"IntercityHotel Shenzhen Futian Huanggang (79)\" \/>\t\t<\/div>\r\n\t\t\t\t<\/div>\t\t\t\t\t<\/div>\r\n\t\t\t\t\t\t<div class=\"grid-item\">\r\n\t\t\t\t\t\t<div class=\"nuss-box\">\t\t<div class=\"nuss-image image\">\r\n\t\t\t<img decoding=\"async\"  src=\"https:\/\/intercityhotelshenzhen.com\/wp-content\/uploads\/2025\/08\/IntercityHotel-Shenzhen-Futian-Huanggang-77.webp\" alt=\"IntercityHotel Shenzhen Futian Huanggang (77)\" \/>\t\t<\/div>\r\n\t\t\t\t<\/div>\t\t\t\t\t<\/div>\r\n\t\t\t\t\t\t<div class=\"grid-item\">\r\n\t\t\t\t\t\t<div class=\"nuss-box\">\t\t<div class=\"nuss-image image\">\r\n\t\t\t<img decoding=\"async\"  src=\"https:\/\/intercityhotelshenzhen.com\/wp-content\/uploads\/2025\/08\/IntercityHotel-Shenzhen-Futian-Huanggang-72.webp\" alt=\"IntercityHotel Shenzhen Futian Huanggang (72)\" \/>\t\t<\/div>\r\n\t\t\t\t<\/div>\t\t\t\t\t<\/div>\r\n\t\t\t\t\t\t\t\r\n\t\t\t<\/div>\r\n\t\t<\/div>\r\n\t\t\t\t\t\t<\/div>\n\t\t\t\t<\/div>\n\t\t\t\t\t<\/div>\n\t\t\t\t<\/div>\n\t\t<div class=\"elementor-element elementor-element-4122f6f e-flex e-con-boxed e-con e-parent\" data-id=\"4122f6f\" data-element_type=\"container\" data-e-type=\"container\">\n\t\t\t\t\t<div class=\"e-con-inner\">\n\t\t\t\t<div class=\"elementor-element elementor-element-882f2e3 elementor-widget elementor-widget-text-editor\" data-id=\"882f2e3\" data-element_type=\"widget\" data-e-type=\"widget\" data-widget_type=\"text-editor.default\">\n\t\t\t\t\t\t\t\t\t<p>Au c\u0153ur du quartier de Futian \u00e0 Shenzhen, un quartier dynamique et ax\u00e9 sur l&#039;innovation, o\u00f9 chaque minute compte, <strong>restaurant \u00e0 l&#039;IntercityHotel Shenzhen Futian Huanggang<\/strong> propose une philosophie rafra\u00eechissante : le d\u00eener doit \u00eatre aussi agr\u00e9able et satisfaisant que le reste de votre s\u00e9jour. Situ\u00e9 \u00e0 <strong>28, route Fumin, district de Futian, Shenzhen, 518048<\/strong>, notre exp\u00e9rience culinaire sur place ne se r\u00e9sume pas \u00e0 des menus \u00e9labor\u00e9s ou \u00e0 un service long, mais \u00e0 <strong>pr\u00e9cision, qualit\u00e9 et pure commodit\u00e9<\/strong>\u2014un reflet parfait de l&#039;\u00e9thique d&#039;inspiration allemande de l&#039;h\u00f4tel.<\/p><p>Nous comprenons que nos clients \u2013 professionnels, entrepreneurs et voyageurs avertis \u2013 ont des emplois du temps charg\u00e9s. Que vous pr\u00e9pariez une r\u00e9union importante dans le quartier central des affaires, reveniez d&#039;une visite du march\u00e9 \u00e9lectronique anim\u00e9 de Huaqiangbei ou ayez simplement besoin d&#039;un repas copieux apr\u00e8s un long voyage, notre restaurant est con\u00e7u pour r\u00e9pondre \u00e0 vos besoins sans compromis.<\/p><h3>Un petit-d\u00e9jeuner con\u00e7u pour r\u00e9ussir<\/h3><p>Commencez votre journ\u00e9e en toute confiance dans notre <strong>petit-d\u00e9jeuner buffet quotidien<\/strong>, inclus dans la plupart des tarifs. Nous avons concoct\u00e9 un menu \u00e9quilibr\u00e9 <strong>plats internationaux favoris aux saveurs chinoises authentiques<\/strong>, garantissant qu&#039;il y a quelque chose pour satisfaire tous les palais et toutes les pr\u00e9f\u00e9rences.<\/p><ul><li><strong>S\u00e9lections occidentales<\/strong>:Du pain fra\u00eechement cuit, une vari\u00e9t\u00e9 de c\u00e9r\u00e9ales, des \u0153ufs pr\u00e9par\u00e9s sur commande et du caf\u00e9 et du th\u00e9 de qualit\u00e9 sup\u00e9rieure.<\/li><li><strong>Favoris chinois<\/strong>:Des bols fumants de congee, des baozi savoureux (petits pains cuits \u00e0 la vapeur), des nouilles et une gamme de plats traditionnels chauds et froids.<\/li><li><strong>Options saines<\/strong>:Une s\u00e9lection de fruits frais, de yaourts et de jus pour d\u00e9marrer votre matin\u00e9e avec vitalit\u00e9.<\/li><\/ul><p>L&#039;espace petit-d\u00e9jeuner est lumineux, propre et bien agenc\u00e9, vous permettant de prendre un repas et de partir, ou de prendre un moment pour vous asseoir et planifier votre journ\u00e9e dans un environnement calme et sans distraction.<\/p><h3>Restauration simple et de qualit\u00e9 tout au long de la journ\u00e9e<\/h3><p>Au-del\u00e0 du petit-d\u00e9jeuner, notre objectif reste de fournir <strong>nourriture simple et de qualit\u00e9<\/strong> pour le d\u00e9jeuner et le d\u00eener. Bien que notre carte ne soit pas exhaustive, nous proposons une s\u00e9lection de <strong>repas l\u00e9gers, sandwichs et sp\u00e9cialit\u00e9s locales<\/strong> Id\u00e9al pour un repas rapide et copieux. Imaginez des salades fra\u00eeches, des soupes g\u00e9n\u00e9reuses et des plats asiatiques pr\u00e9par\u00e9s avec soin, tous pr\u00e9par\u00e9s avec des ingr\u00e9dients frais et servis avec efficacit\u00e9.<\/p><p>Pour les clients en qu\u00eate d&#039;une exp\u00e9rience culinaire plus compl\u00e8te, l&#039;emplacement privil\u00e9gi\u00e9 de l&#039;h\u00f4tel est un atout majeur. \u00c0 5-10 minutes \u00e0 pied, vous trouverez un large choix de restaurants, allant des restaurants d&#039;affaires haut de gamme aux stands de cuisine de rue, proposant une cuisine vari\u00e9e, des dim sum cantonais aux fondues chinoises du Sichuan.<\/p><h3>La philosophie de restauration de l&#039;IntercityHotel<\/h3><p>Notre restaurant incarne les valeurs fondamentales de la marque IntercityHotel : <strong>fiabilit\u00e9, fonctionnalit\u00e9 et valeur<\/strong>Nous pensons qu&#039;un bon repas n&#039;a pas besoin d&#039;\u00eatre compliqu\u00e9. Il doit \u00eatre\u00a0:<\/p><ul><li><strong>Efficace<\/strong>:Un service rapide et une disposition simplifi\u00e9e signifient que vous passez moins de temps \u00e0 attendre et plus de temps \u00e0 agir.<\/li><li><strong>Coh\u00e9rent<\/strong>:Vous pouvez vous attendre au m\u00eame niveau \u00e9lev\u00e9 de qualit\u00e9 et de propret\u00e9 \u00e0 chaque fois.<\/li><li><strong>Soutien<\/strong>:Nous sommes l\u00e0 pour vous accompagner dans votre parcours, qu&#039;il s&#039;agisse d&#039;un repas chaud \u00e0 6 heures du matin ou d&#039;un coin tranquille pour travailler avec une tasse de caf\u00e9.<\/li><\/ul><div class=\"py-2 my-3\"><hr \/><\/div><p><strong>D\u00e9couvrez la diff\u00e9rence de la restauration intelligente<\/strong><\/p><p>\u00c0 l&#039;IntercityHotel Shenzhen Futian Huanggang, notre restaurant est bien plus qu&#039;un simple lieu de restauration\u00a0; il fait partie int\u00e9grante de votre s\u00e9jour productif et confortable. Nous ne cherchons pas \u00e0 \u00eatre les plus extravagants, mais les plus fiables.<\/p><p>Que vous fassiez le plein d&#039;\u00e9nergie pour une journ\u00e9e d&#039;innovation ou que vous vous d\u00e9tendiez apr\u00e8s une r\u00e9union r\u00e9ussie, vous trouverez une exp\u00e9rience culinaire aussi efficace et bien ex\u00e9cut\u00e9e que la ville elle-m\u00eame.<\/p><div class=\"py-2 my-3\"><hr \/><\/div><p><strong>Planifiez votre s\u00e9jour \u00e0 l&#039;IntercityHotel Shenzhen Futian Huanggang<\/strong><\/p><p>\ud83d\udccd <strong>Adresse<\/strong>: 28 Fumin Road, district de Futian, Shenzhen, Guangdong, 518048, Chine \ud83d\udcde <strong>T\u00e9l\u00e9phone<\/strong>: +86 755 8280 8888 | \ud83c\udf10 <strong>Site web<\/strong>: <a href=\"https:\/\/intercityhotelshenzhen.com\/fr\/\" target=\"_blank\" rel=\"nofollow noopener\">www.intercityhotelshenzhen.com<\/a><\/p><p data-spm-anchor-id=\"a2ty_o01.29997173.0.i34.3db3c921mV6PYW\"><em>Votre s\u00e9jour efficace \u00e0 Shenzhen commence ici.<\/em> \ud83c\udf73\u2615\ud83c\udfd9\ufe0f<\/p>\t\t\t\t\t\t\t\t<\/div>\n\t\t\t\t\t<\/div>\n\t\t\t\t<\/div>\n\t\t\t\t<\/div>","protected":false},"excerpt":{"rendered":"<p>Savor the Essence of Efficiency: Dining at IntercityHotel Shenzhen Futian Huanggang In the fast-paced, innovation-driven heart of Shenzhen\u2019s Futian District, where every minute counts, the restaurant at IntercityHotel Shenzhen Futian Huanggang offers a refreshing philosophy: dining should be as seamless and satisfying as the rest of your stay. Located at 28 Fumin Road, Futian District, [&hellip;]<\/p>\n","protected":false},"author":1,"featured_media":0,"parent":0,"menu_order":0,"comment_status":"closed","ping_status":"closed","template":"","meta":{"footnotes":""},"class_list":["post-612","page","type-page","status-publish","hentry","post-no-thumbnail"],"_links":{"self":[{"href":"https:\/\/intercityhotelshenzhen.com\/fr\/wp-json\/wp\/v2\/pages\/612","targetHints":{"allow":["GET"]}}],"collection":[{"href":"https:\/\/intercityhotelshenzhen.com\/fr\/wp-json\/wp\/v2\/pages"}],"about":[{"href":"https:\/\/intercityhotelshenzhen.com\/fr\/wp-json\/wp\/v2\/types\/page"}],"author":[{"embeddable":true,"href":"https:\/\/intercityhotelshenzhen.com\/fr\/wp-json\/wp\/v2\/users\/1"}],"replies":[{"embeddable":true,"href":"https:\/\/intercityhotelshenzhen.com\/fr\/wp-json\/wp\/v2\/comments?post=612"}],"version-history":[{"count":0,"href":"https:\/\/intercityhotelshenzhen.com\/fr\/wp-json\/wp\/v2\/pages\/612\/revisions"}],"wp:attachment":[{"href":"https:\/\/intercityhotelshenzhen.com\/fr\/wp-json\/wp\/v2\/media?parent=612"}],"curies":[{"name":"wp","href":"https:\/\/api.w.org\/{rel}","templated":true}]}}