{"id":647,"date":"2021-03-29T02:13:52","date_gmt":"2021-03-29T02:13:52","guid":{"rendered":"http:\/\/localhost\/nuss\/?page_id=647"},"modified":"2025-12-06T08:26:11","modified_gmt":"2025-12-06T08:26:11","slug":"services","status":"publish","type":"page","link":"https:\/\/intercityhotelshenzhen.com\/fr\/services\/","title":{"rendered":"Services"},"content":{"rendered":"<div data-elementor-type=\"wp-page\" data-elementor-id=\"647\" class=\"elementor elementor-647\">\n\t\t\t\t\t\t<section class=\"elementor-section elementor-top-section elementor-element elementor-element-3353bc8 elementor-section-boxed elementor-section-gap-beside-yes elementor-section-height-default elementor-section-height-default elementor-section-column-vertical-align-stretch\" data-id=\"3353bc8\" data-element_type=\"section\" data-e-type=\"section\">\n\t\t\t\t\t\t<div class=\"elementor-container elementor-column-gap-extended\">\n\t\t\t\t\t<div class=\"elementor-column elementor-col-100 elementor-top-column elementor-element elementor-element-0a2bc64\" data-id=\"0a2bc64\" data-element_type=\"column\" data-e-type=\"column\">\n\t\t\t<div class=\"elementor-widget-wrap elementor-element-populated\">\n\t\t\t\t\t\t<div class=\"elementor-element elementor-element-447e3ef elementor-widget__width-initial elementor-invisible elementor-widget elementor-widget-text-editor\" data-id=\"447e3ef\" data-element_type=\"widget\" data-e-type=\"widget\" data-settings=\"{&quot;_animation&quot;:&quot;nussFadeInUp&quot;}\" data-widget_type=\"text-editor.default\">\n\t\t\t\t\t\t\t\t\t<p><strong data-spm-anchor-id=\"a2ty_o01.29997173.0.i44.3db3c921mV6PYW\">Des services exceptionnels, con\u00e7us pour le voyageur moderne\u00a0: votre exp\u00e9rience \u00e0 l&#039;IntercityHotel Shenzhen Futian Huanggang<\/strong><\/p>\t\t\t\t\t\t\t\t<\/div>\n\t\t\t\t\t<\/div>\n\t\t<\/div>\n\t\t\t\t\t<\/div>\n\t\t<\/section>\n\t\t<div class=\"elementor-element elementor-element-7f2509d e-flex e-con-boxed e-con e-parent\" data-id=\"7f2509d\" data-element_type=\"container\" data-e-type=\"container\">\n\t\t\t\t\t<div class=\"e-con-inner\">\n\t\t\t\t<div class=\"elementor-element elementor-element-0c81d71 elementor-widget elementor-widget-text-editor\" data-id=\"0c81d71\" data-element_type=\"widget\" data-e-type=\"widget\" data-widget_type=\"text-editor.default\">\n\t\t\t\t\t\t\t\t\t<p>\u00c0 <strong>IntercityHotel Shenzhen Futian Huanggang<\/strong>, situ\u00e9 \u00e0 <strong>28, route Fumin, district de Futian, Shenzhen, 518048<\/strong>Nous sommes convaincus que la marque d&#039;un h\u00f4tel d&#039;exception ne r\u00e9side pas dans l&#039;extravagance, mais dans l&#039;ex\u00e9cution irr\u00e9prochable de l&#039;essentiel. Nos services sont soigneusement con\u00e7us pour le voyageur exigeant, qu&#039;il s&#039;agisse d&#039;un professionnel explorant la dynamique r\u00e9gion de la Baie de San Francisco ou d&#039;un touriste en qu\u00eate d&#039;un h\u00e9bergement confortable et harmonieux dans la ville la plus innovante de Chine. Forts du c\u00e9l\u00e8bre h\u00e9ritage allemand de la marque IntercityHotel, nous nous concentrons sur <strong>efficacit\u00e9, fiabilit\u00e9 et conception intelligente<\/strong>, garantissant que chaque aspect de votre s\u00e9jour se d\u00e9roule sans heurts, de mani\u00e8re productive et sans stress.<\/p><h3>R\u00e9ception 24h\/24 et assistance personnalis\u00e9e aux clients<\/h3><p>Le c\u0153ur de notre service est notre <strong>R\u00e9ception ouverte 24h\/24<\/strong>, dot\u00e9 d&#039;une \u00e9quipe multilingue parlant couramment <strong>Mandarin et anglais<\/strong>Nous pouvons intervenir en fran\u00e7ais, allemand et japonais de base sur demande. Nous sommes \u00e0 votre disposition 24h\/24, que vous arriviez tard le soir d&#039;un vol pour Hong Kong ou que vous deviez partir \u00e0 l&#039;aube pour une r\u00e9union matinale. Notre \u00e9quipe s&#039;engage \u00e0 vous fournir une assistance personnalis\u00e9e, notamment\u00a0:<\/p><ul><li><strong>Recommandations locales d\u00e9taill\u00e9es<\/strong> pour un d\u00eener authentique, du shopping \u00e0 Huaqiangbei ou une visite au mus\u00e9e de Shenzhen.<\/li><li><strong>Modalit\u00e9s de transport<\/strong> pour les taxis, Didi (Uber chinois) ou des conseils sur l&#039;utilisation du m\u00e9tro et des bus.<\/li><li><strong>Aide \u00e0 l&#039;impression, \u00e0 la messagerie et aux appels de r\u00e9veil<\/strong> pour soutenir votre emploi du temps.<\/li><li><strong>Assistance \u00e0 la r\u00e9servation de visites<\/strong> ou des billets pour les attractions locales.<\/li><\/ul><p>Nous ne sommes pas seulement un point de service ; nous sommes votre partenaire de confiance pour naviguer \u00e0 Shenzhen.<\/p><h3>Arriv\u00e9e et d\u00e9part sans accroc<\/h3><p>Voyager \u00e0 travers l&#039;un des postes frontaliers les plus fr\u00e9quent\u00e9s d&#039;Asie est facilit\u00e9 gr\u00e2ce \u00e0 notre emplacement strat\u00e9gique \u00e0 seulement <strong>\u00c0 500 m\u00e8tres du port de Huanggang<\/strong>Pour les clients arrivant de Hong Kong, la courte distance de marche de 5 \u00e0 7 minutes jusqu&#039;\u00e0 l&#039;h\u00f4tel constitue un avantage consid\u00e9rable. Bien que nous ne proposions pas de transfert priv\u00e9 direct depuis l&#039;a\u00e9roport, nous pouvons <strong>aider \u00e0 organiser un taxi fiable<\/strong> Depuis l&#039;a\u00e9roport international de Shenzhen Bao&#039;an (SZX) ou l&#039;a\u00e9roport international de Hong Kong (HKG). Pour votre d\u00e9part, nous pouvons vous aider \u00e0 r\u00e9server votre prochain trajet, garantissant ainsi une transition rapide et sans tracas.<\/p><p>Nous fournissons \u00e9galement <strong>consigne \u00e0 bagages gratuite<\/strong> avant l&#039;enregistrement et apr\u00e8s le d\u00e9part, vous permettant d&#039;explorer la ville librement, que vous visitiez le Grand Shenzhen Theatre ou que vous profitiez d&#039;un repas dans le quartier central des affaires de Futian.<\/p><h3>Confort et commodit\u00e9 dans les moindres d\u00e9tails<\/h3><p>Votre confort est notre priorit\u00e9. Chaque chambre de l&#039;IntercityHotel est \u00e9quip\u00e9e de <strong>Wi-Fi haut d\u00e9bit gratuit<\/strong>, pour que vous restiez connect\u00e9 pour le travail ou les loisirs. Nous comprenons l&#039;importance d&#039;une bonne nuit de sommeil, c&#039;est pourquoi toutes nos chambres sont \u00e9quip\u00e9es <strong>climatisation \u00e0 temp\u00e9rature contr\u00f4l\u00e9e<\/strong>, literie haut de gamme et <strong>fen\u00eatres insonoris\u00e9es<\/strong> pour maintenir l&#039;\u00e9nergie de la ville \u00e0 distance.<\/p><p>Nous fournissons <strong>m\u00e9nage quotidien<\/strong> pour garder votre espace frais et accueillant, ainsi que <strong>articles de toilette haut de gamme, peignoirs doux et serviettes de qualit\u00e9<\/strong>. Chaque chambre comprend un <strong>salle de bain priv\u00e9e attenante<\/strong> avec de l&#039;eau chaude, assurant un d\u00e9but et une fin de journ\u00e9e rafra\u00eechissants.<\/p><h3>Exp\u00e9riences culinaires nourrissantes<\/h3><p>Commencez votre matin\u00e9e dans notre salle \u00e0 manger lumineuse et moderne avec un d\u00e9licieux <strong>petit d\u00e9jeuner fait maison<\/strong>, inclus dans la plupart des tarifs. Notre menu petit-d\u00e9jeuner allie <strong>saveurs traditionnelles chinoises<\/strong>\u2014 comme le congee et le baozi \u2014 accompagn\u00e9s de sp\u00e9cialit\u00e9s internationales comme des \u0153ufs, du pain grill\u00e9 et du caf\u00e9. C&#039;est le moyen id\u00e9al de faire le plein d&#039;\u00e9nergie avant d&#039;explorer les attractions des environs.<\/p><p>Pour le d\u00e9jeuner et le d\u00eener, bien que nous n&#039;ayons pas de restaurant \u00e0 service complet, nous sommes heureux de recommander et d&#039;organiser des repas dans certains des restaurants locaux les plus authentiques de Shenzhen, ou de vous aider avec des options de restauration en chambre.<\/p><h3>Un engagement envers l&#039;authenticit\u00e9 et le soin<\/h3><p>\u00c0 l&#039;IntercityHotel Shenzhen Futian Huanggang, notre objectif n&#039;est pas d&#039;\u00eatre le plus grand h\u00f4tel, mais celui qui a le plus de sens. Nos services refl\u00e8tent nos valeurs\u00a0: <strong>paix, authenticit\u00e9 et connexion sinc\u00e8re<\/strong>Nous sommes fiers d&#039;\u00eatre un <strong>propri\u00e9t\u00e9 de charme<\/strong> qui privil\u00e9gie la qualit\u00e9 \u00e0 la quantit\u00e9, o\u00f9 chaque invit\u00e9 est trait\u00e9 comme un membre de la famille.<\/p><p>Veuillez noter qu&#039;en raison de la conception moderne de notre b\u00e2timent avec ascenseurs, l&#039;h\u00f4tel est <strong>accessible en fauteuil roulant<\/strong>Nous sommes toujours heureux de discuter \u00e0 l&#039;avance des arrangements sp\u00e9ciaux pour garantir que votre s\u00e9jour soit aussi confortable que possible.<\/p><div class=\"py-2 my-3\"><hr \/><\/div><div class=\"my-2\">\u00a0<\/div><p><strong>D\u00e9couvrez la diff\u00e9rence de la v\u00e9ritable efficacit\u00e9 allemande<\/strong><br \/>\ud83d\udccd <strong>IntercityHotel Shenzhen Futian Huanggang<\/strong><br \/>28 Fumin Road, district de Futian, Shenzhen, Guangdong, 518048, Chine<br \/>\ud83d\udcde +86 755 8280 8888 | \ud83c\udf10 <a href=\"https:\/\/intercityhotelshenzhen.com\/fr\/\" target=\"_blank\" rel=\"nofollow noopener\">www.intercityhotelshenzhen.com <\/a><\/p><div class=\"my-2\">\u00a0<\/div><p><em>Votre s\u00e9jour efficace \u00e0 Shenzhen commence ici.<\/em> \ud83d\ude89\ud83d\udcbc\ud83c\udfd9\ufe0f<\/p>\t\t\t\t\t\t\t\t<\/div>\n\t\t\t\t\t<\/div>\n\t\t\t\t<\/div>\n\t\t\t\t<\/div>","protected":false},"excerpt":{"rendered":"<p>Exceptional Services, Engineered for the Modern Traveler: Your Experience at IntercityHotel Shenzhen Futian Huanggang At IntercityHotel Shenzhen Futian Huanggang, located at 28 Fumin Road, Futian District, Shenzhen, 518048, we believe that the hallmark of a truly great hotel is not found in extravagance, but in the flawless execution of the essentials. Our services are meticulously [&hellip;]<\/p>\n","protected":false},"author":1,"featured_media":0,"parent":0,"menu_order":0,"comment_status":"closed","ping_status":"closed","template":"","meta":{"footnotes":""},"class_list":["post-647","page","type-page","status-publish","hentry","post-no-thumbnail"],"_links":{"self":[{"href":"https:\/\/intercityhotelshenzhen.com\/fr\/wp-json\/wp\/v2\/pages\/647","targetHints":{"allow":["GET"]}}],"collection":[{"href":"https:\/\/intercityhotelshenzhen.com\/fr\/wp-json\/wp\/v2\/pages"}],"about":[{"href":"https:\/\/intercityhotelshenzhen.com\/fr\/wp-json\/wp\/v2\/types\/page"}],"author":[{"embeddable":true,"href":"https:\/\/intercityhotelshenzhen.com\/fr\/wp-json\/wp\/v2\/users\/1"}],"replies":[{"embeddable":true,"href":"https:\/\/intercityhotelshenzhen.com\/fr\/wp-json\/wp\/v2\/comments?post=647"}],"version-history":[{"count":0,"href":"https:\/\/intercityhotelshenzhen.com\/fr\/wp-json\/wp\/v2\/pages\/647\/revisions"}],"wp:attachment":[{"href":"https:\/\/intercityhotelshenzhen.com\/fr\/wp-json\/wp\/v2\/media?parent=647"}],"curies":[{"name":"wp","href":"https:\/\/api.w.org\/{rel}","templated":true}]}}