{"id":2109,"date":"2021-03-26T08:35:58","date_gmt":"2021-03-26T08:35:58","guid":{"rendered":"http:\/\/localhost\/nuss\/?page_id=536"},"modified":"2025-12-06T08:25:36","modified_gmt":"2025-12-06T08:25:36","slug":"strutture-aziendali","status":"publish","type":"page","link":"https:\/\/intercityhotelshenzhen.com\/it\/strutture-aziendali\/","title":{"rendered":"Strutture aziendali"},"content":{"rendered":"<div data-elementor-type=\"wp-page\" data-elementor-id=\"2109\" class=\"elementor elementor-2109\">\n\t\t\t\t\t\t<section class=\"elementor-section elementor-top-section elementor-element elementor-element-bb2901b elementor-section-boxed elementor-section-gap-beside-yes elementor-section-height-default elementor-section-height-default elementor-section-column-vertical-align-stretch\" data-id=\"bb2901b\" data-element_type=\"section\" data-e-type=\"section\">\n\t\t\t\t\t\t<div class=\"elementor-container elementor-column-gap-extended\">\n\t\t\t\t\t<div class=\"elementor-column elementor-col-100 elementor-top-column elementor-element elementor-element-1919db9\" data-id=\"1919db9\" data-element_type=\"column\" data-e-type=\"column\">\n\t\t\t<div class=\"elementor-widget-wrap elementor-element-populated\">\n\t\t\t\t\t\t<div class=\"elementor-element elementor-element-41a7b9c elementor-widget__width-initial elementor-invisible elementor-widget elementor-widget-text-editor\" data-id=\"41a7b9c\" data-element_type=\"widget\" data-e-type=\"widget\" data-settings=\"{&quot;_animation&quot;:&quot;nussFadeInUp&quot;}\" data-widget_type=\"text-editor.default\">\n\t\t\t\t\t\t\t\t\t<p><strong data-spm-anchor-id=\"a2ty_o01.29997173.0.i14.3db3c921mV6PYW\">Servizi business presso l&#039;IntercityHotel Shenzhen Futian Huanggang<\/strong><\/p>\t\t\t\t\t\t\t\t<\/div>\n\t\t\t\t\t<\/div>\n\t\t<\/div>\n\t\t\t\t\t<\/div>\n\t\t<\/section>\n\t\t<div class=\"elementor-element elementor-element-bfd6e14 e-flex e-con-boxed e-con e-parent\" data-id=\"bfd6e14\" data-element_type=\"container\" data-e-type=\"container\">\n\t\t\t\t\t<div class=\"e-con-inner\">\n\t\t\t\t<div class=\"elementor-element elementor-element-15ff453 elementor-widget elementor-widget-nuss-image-gallery\" data-id=\"15ff453\" data-element_type=\"widget\" data-e-type=\"widget\" data-widget_type=\"nuss-image-gallery.default\">\n\t\t\t\t<div class=\"elementor-widget-container\">\n\t\t\t\t\t\t\t<div class=\"nuss-grid-wrapper\" data-grid=\"{&quot;type&quot;:&quot;grid&quot;,&quot;ratio&quot;:null,&quot;columns&quot;:3,&quot;gutter&quot;:30}\">\r\n\t\t\t<div class=\"nuss-grid lazy-grid\">\r\n\t\t\t\t<div class=\"grid-sizer\"><\/div>\r\n\r\n\t\t\t\t\t\t\t\t\t\t\t\t<div class=\"grid-item\">\r\n\t\t\t\t\t\t<div class=\"nuss-box\">\t\t<div class=\"nuss-image image\">\r\n\t\t\t<img decoding=\"async\"  src=\"https:\/\/intercityhotelshenzhen.com\/wp-content\/uploads\/2025\/08\/IntercityHotel-Shenzhen-Futian-Huanggang-11.webp\" alt=\"IntercityHotel Shenzhen Futian Huanggang (11)\" \/>\t\t<\/div>\r\n\t\t\t\t<\/div>\t\t\t\t\t<\/div>\r\n\t\t\t\t\t\t<div class=\"grid-item\">\r\n\t\t\t\t\t\t<div class=\"nuss-box\">\t\t<div class=\"nuss-image image\">\r\n\t\t\t<img decoding=\"async\"  src=\"https:\/\/intercityhotelshenzhen.com\/wp-content\/uploads\/2025\/08\/IntercityHotel-Shenzhen-Futian-Huanggang-20.webp\" alt=\"IntercityHotel Shenzhen Futian Huanggang (20)\" \/>\t\t<\/div>\r\n\t\t\t\t<\/div>\t\t\t\t\t<\/div>\r\n\t\t\t\t\t\t<div class=\"grid-item\">\r\n\t\t\t\t\t\t<div class=\"nuss-box\">\t\t<div class=\"nuss-image image\">\r\n\t\t\t<img decoding=\"async\"  src=\"https:\/\/intercityhotelshenzhen.com\/wp-content\/uploads\/2025\/08\/IntercityHotel-Shenzhen-Futian-Huanggang-18.webp\" alt=\"IntercityHotel Shenzhen Futian Huanggang (18)\" \/>\t\t<\/div>\r\n\t\t\t\t<\/div>\t\t\t\t\t<\/div>\r\n\t\t\t\t\t\t<div class=\"grid-item\">\r\n\t\t\t\t\t\t<div class=\"nuss-box\">\t\t<div class=\"nuss-image image\">\r\n\t\t\t<img decoding=\"async\"  src=\"https:\/\/intercityhotelshenzhen.com\/wp-content\/uploads\/2025\/08\/IntercityHotel-Shenzhen-Futian-Huanggang-16.webp\" alt=\"IntercityHotel Shenzhen Futian Huanggang (16)\" \/>\t\t<\/div>\r\n\t\t\t\t<\/div>\t\t\t\t\t<\/div>\r\n\t\t\t\t\t\t<div class=\"grid-item\">\r\n\t\t\t\t\t\t<div class=\"nuss-box\">\t\t<div class=\"nuss-image image\">\r\n\t\t\t<img decoding=\"async\"  src=\"https:\/\/intercityhotelshenzhen.com\/wp-content\/uploads\/2025\/08\/IntercityHotel-Shenzhen-Futian-Huanggang-17.webp\" alt=\"IntercityHotel Shenzhen Futian Huanggang (17)\" \/>\t\t<\/div>\r\n\t\t\t\t<\/div>\t\t\t\t\t<\/div>\r\n\t\t\t\t\t\t<div class=\"grid-item\">\r\n\t\t\t\t\t\t<div class=\"nuss-box\">\t\t<div class=\"nuss-image image\">\r\n\t\t\t<img decoding=\"async\"  src=\"https:\/\/intercityhotelshenzhen.com\/wp-content\/uploads\/2025\/08\/IntercityHotel-Shenzhen-Futian-Huanggang-13.webp\" alt=\"IntercityHotel Shenzhen Futian Huanggang (13)\" \/>\t\t<\/div>\r\n\t\t\t\t<\/div>\t\t\t\t\t<\/div>\r\n\t\t\t\t\t\t\t\r\n\t\t\t<\/div>\r\n\t\t<\/div>\r\n\t\t\t\t\t\t<\/div>\n\t\t\t\t<\/div>\n\t\t\t\t\t<\/div>\n\t\t\t\t<\/div>\n\t\t<div class=\"elementor-element elementor-element-984338c e-flex e-con-boxed e-con e-parent\" data-id=\"984338c\" data-element_type=\"container\" data-e-type=\"container\">\n\t\t\t\t\t<div class=\"e-con-inner\">\n\t\t\t\t<div class=\"elementor-element elementor-element-9f20617 elementor-widget elementor-widget-text-editor\" data-id=\"9f20617\" data-element_type=\"widget\" data-e-type=\"widget\" data-widget_type=\"text-editor.default\">\n\t\t\t\t\t\t\t\t\t<p data-spm-anchor-id=\"a2ty_o01.29997173.0.i17.3db3c921mV6PYW\">Nel cuore dinamico della citt\u00e0 pi\u00f9 futuristica della Cina, <strong>IntercityHotel Shenzhen Futian Huanggang<\/strong> si erge come un faro di produttivit\u00e0 ottimizzata e comodit\u00e0 moderna. Situato a <strong>28 Fumin Road, Distretto di Futian, Shenzhen, 518048<\/strong>, l&#039;hotel \u00e8 strategicamente posizionato nel quartiere centrale degli affari della citt\u00e0, a pochi passi da <strong>Porto di Huanggang<\/strong>\u2014un importante punto di accesso a Hong Kong e alla Greater Bay Area. Per chi viaggia per lavoro, questa posizione non \u00e8 solo comoda, ma trasformativa.<\/p><p>Le strutture business dell&#039;hotel sono progettate con una filosofia unica: <strong>Efficienza di ispirazione tedesca<\/strong>Ci\u00f2 significa che ogni servizio e comfort \u00e8 attentamente studiato per eliminare gli attriti, massimizzare la concentrazione e supportare il mondo frenetico e ad alto rischio del commercio moderno. A differenza degli hotel tradizionali gravati da un&#039;inutile magnificenza, IntercityHotel d\u00e0 priorit\u00e0 a ci\u00f2 che conta davvero: connettivit\u00e0 impeccabile, produttivit\u00e0 silenziosa e servizio affidabile.<\/p><h3>Connettivit\u00e0 ad alta velocit\u00e0 e spazi di lavoro moderni<\/h3><p>Al centro di ogni viaggio d&#039;affari di successo c&#039;\u00e8 una tecnologia affidabile. IntercityHotel offre <strong>Wi-Fi ad alta velocit\u00e0 gratuito<\/strong> in tutta la struttura, garantendo la possibilit\u00e0 di effettuare videoconferenze, trasferire file di grandi dimensioni e rimanere connessi ai mercati globali senza interruzioni. Il segnale \u00e8 forte e stabile in ogni stanza e area pubblica, una caratteristica fondamentale per i professionisti che gestiscono portafogli internazionali.<\/p><p>Per chi preferisce uno spazio di lavoro dedicato, l&#039;hotel offre <strong>postazioni di lavoro ergonomiche<\/strong> In ogni camera non troverete semplici scrivanie, ma ambienti progettati con cura, dotati di ampia illuminazione, numerose prese di corrente e facile accesso alle porte di ricarica, che vi permetteranno di passare senza problemi dal viaggio al lavoro.<\/p><h3>Una location pensata per il business<\/h3><p>L&#039;indirizzo dell&#039;hotel in <strong>Distretto di Futian<\/strong> \u00e8 la sua risorsa pi\u00f9 grande. Questo \u00e8 l&#039;epicentro finanziario e tecnologico di Shenzhen, sede di aziende Fortune 500, centri di innovazione e istituzioni governative. Dalla tua camera, sei a pochi minuti da:<\/p><ul><li><strong>La Borsa di Shenzhen<\/strong><\/li><li><strong>Mercato dell&#039;elettronica di Huaqiangbei<\/strong> \u2013 il pi\u00f9 grande polo elettronico del mondo<\/li><li><strong>Centro congressi ed esposizioni di Shenzhen<\/strong><\/li><li><strong>Principali sedi aziendali<\/strong> nel CBD<\/li><\/ul><p>La sua vicinanza a <strong>Porto di Huanggang<\/strong> Lo rende la base ideale per gli affari transfrontalieri, sia che si tratti di incontrare clienti a Hong Kong o di partecipare a una fiera nella regione. L&#039;hotel \u00e8 anche a breve distanza in metropolitana da <strong>Stazione di Futian<\/strong>, un nodo ferroviario ad alta velocit\u00e0 che collega Shenzhen a Guangzhou, Shanghai e Pechino.<\/p><h3>Servizi di supporto per il viaggiatore professionista<\/h3><p>IntercityHotel comprende le esigenze del mondo degli affari. La nostra reception, aperta 24 ore su 24, \u00e8 composta da professionisti multilingue pronti ad assistervi con:<\/p><ul><li><strong>Stampa e gestione dei documenti<\/strong><\/li><li><strong>Servizi di sveglia e messaggistica<\/strong><\/li><li><strong>Accordi di taxi e trasporto<\/strong> (inclusi trasferimenti aeroportuali su richiesta)<\/li><li><strong>Consigli locali<\/strong> per cene di lavoro e luoghi di networking<\/li><\/ul><p>Offriamo anche <strong>deposito bagagli gratuito<\/strong>, consentendoti di arrivare prima o partire dopo senza il peso di portare i bagagli, un piccolo ma significativo dettaglio che migliora la tua efficienza complessiva.<\/p><h3>Un rifugio tranquillo per lavorare concentrati e riposare<\/h3><p>Dopo una giornata impegnativa di riunioni e trattative, l&#039;hotel offre un <strong>ambiente tranquillo<\/strong> Per ricaricarsi. Le camere sono insonorizzate per isolare l&#039;energia della citt\u00e0, garantendo un sonno ristoratore. Il design minimalista e ordinato favorisce la lucidit\u00e0 mentale, mentre la biancheria da letto di alta qualit\u00e0 garantisce il comfort. Questo equilibrio tra produttivit\u00e0 e riposo \u00e8 essenziale per prestazioni durature.<\/p><p>Per un rapido rinfresco, i bagni moderni sono dotati di potenti docce a pioggia e l&#039;hotel <strong>centro fitness<\/strong> \u00e8 disponibile per un allenamento che ti aiuter\u00e0 a liberare la mente.<\/p><div class=\"py-2 my-3\"><hr \/><\/div><p><strong>IntercityHotel Shenzhen Futian Huanggang<\/strong> Ridefinisce il concetto di soggiorno d&#039;affari. Non \u00e8 un luogo di eccessi, ma di eccellenza essenziale. Qui, ogni dettaglio, dall&#039;affidabile Wi-Fi alla posizione strategica, si armonizza per supportare il vostro successo. Che siate qui per una singola giornata di riunioni o per un progetto pi\u00f9 lungo, troverete un partner efficiente, un rifugio di tranquillit\u00e0 e un trampolino di lancio per la vostra prossima grande opportunit\u00e0.<\/p><p data-spm-anchor-id=\"a2ty_o01.29997173.0.i18.3db3c921mV6PYW\"><em>Lavora in modo pi\u00f9 intelligente. Rimani concentrato. Raggiungi il successo a Shenzhen.<\/em><\/p>\t\t\t\t\t\t\t\t<\/div>\n\t\t\t\t\t<\/div>\n\t\t\t\t<\/div>\n\t\t\t\t<\/div>","protected":false},"excerpt":{"rendered":"<p>Business Facilities at IntercityHotel Shenzhen Futian Huanggang In the dynamic heart of China\u2019s most futuristic city, IntercityHotel Shenzhen Futian Huanggang stands as a beacon of streamlined productivity and modern convenience. Located at 28 Fumin Road, Futian District, Shenzhen, 518048, the hotel is strategically positioned in the city\u2019s central business district, just steps from Huanggang Port\u2014a [&hellip;]<\/p>\n","protected":false},"author":1,"featured_media":0,"parent":0,"menu_order":0,"comment_status":"closed","ping_status":"closed","template":"","meta":{"footnotes":""},"class_list":["post-2109","page","type-page","status-publish","hentry","post-no-thumbnail"],"_links":{"self":[{"href":"https:\/\/intercityhotelshenzhen.com\/it\/wp-json\/wp\/v2\/pages\/2109","targetHints":{"allow":["GET"]}}],"collection":[{"href":"https:\/\/intercityhotelshenzhen.com\/it\/wp-json\/wp\/v2\/pages"}],"about":[{"href":"https:\/\/intercityhotelshenzhen.com\/it\/wp-json\/wp\/v2\/types\/page"}],"author":[{"embeddable":true,"href":"https:\/\/intercityhotelshenzhen.com\/it\/wp-json\/wp\/v2\/users\/1"}],"replies":[{"embeddable":true,"href":"https:\/\/intercityhotelshenzhen.com\/it\/wp-json\/wp\/v2\/comments?post=2109"}],"version-history":[{"count":0,"href":"https:\/\/intercityhotelshenzhen.com\/it\/wp-json\/wp\/v2\/pages\/2109\/revisions"}],"wp:attachment":[{"href":"https:\/\/intercityhotelshenzhen.com\/it\/wp-json\/wp\/v2\/media?parent=2109"}],"curies":[{"name":"parola chiave","href":"https:\/\/api.w.org\/{rel}","templated":true}]}}