{"id":612,"date":"2021-03-26T10:04:13","date_gmt":"2021-03-26T10:04:13","guid":{"rendered":"http:\/\/localhost\/nuss\/?page_id=612"},"modified":"2025-12-06T08:26:05","modified_gmt":"2025-12-06T08:26:05","slug":"ristorante","status":"publish","type":"page","link":"https:\/\/intercityhotelshenzhen.com\/it\/ristorante\/","title":{"rendered":"Ristorante"},"content":{"rendered":"<div data-elementor-type=\"wp-page\" data-elementor-id=\"612\" class=\"elementor elementor-612\">\n\t\t\t\t\t\t<section class=\"elementor-section elementor-top-section elementor-element elementor-element-e2effe8 elementor-section-boxed elementor-section-gap-beside-yes elementor-section-height-default elementor-section-height-default elementor-section-column-vertical-align-stretch\" data-id=\"e2effe8\" data-element_type=\"section\" data-e-type=\"section\">\n\t\t\t\t\t\t<div class=\"elementor-container elementor-column-gap-extended\">\n\t\t\t\t\t<div class=\"elementor-column elementor-col-100 elementor-top-column elementor-element elementor-element-e18f688\" data-id=\"e18f688\" data-element_type=\"column\" data-e-type=\"column\">\n\t\t\t<div class=\"elementor-widget-wrap elementor-element-populated\">\n\t\t\t\t\t\t<div class=\"elementor-element elementor-element-6db146d elementor-widget__width-initial elementor-invisible elementor-widget elementor-widget-text-editor\" data-id=\"6db146d\" data-element_type=\"widget\" data-e-type=\"widget\" data-settings=\"{&quot;_animation&quot;:&quot;nussFadeInUp&quot;}\" data-widget_type=\"text-editor.default\">\n\t\t\t\t\t\t\t\t\t<p><strong data-spm-anchor-id=\"a2ty_o01.29997173.0.i35.3db3c921mV6PYW\">Assapora l&#039;essenza dell&#039;efficienza: cena all&#039;IntercityHotel Shenzhen Futian Huanggang<\/strong><\/p>\t\t\t\t\t\t\t\t<\/div>\n\t\t\t\t\t<\/div>\n\t\t<\/div>\n\t\t\t\t\t<\/div>\n\t\t<\/section>\n\t\t<div class=\"elementor-element elementor-element-ffff2a3 e-flex e-con-boxed e-con e-parent\" data-id=\"ffff2a3\" data-element_type=\"container\" data-e-type=\"container\">\n\t\t\t\t\t<div class=\"e-con-inner\">\n\t\t\t\t<div class=\"elementor-element elementor-element-a5d4233 elementor-widget elementor-widget-nuss-image-gallery\" data-id=\"a5d4233\" data-element_type=\"widget\" data-e-type=\"widget\" data-widget_type=\"nuss-image-gallery.default\">\n\t\t\t\t<div class=\"elementor-widget-container\">\n\t\t\t\t\t\t\t<div class=\"nuss-grid-wrapper\" data-grid=\"{&quot;type&quot;:&quot;grid&quot;,&quot;ratio&quot;:null,&quot;columns&quot;:3,&quot;gutter&quot;:30}\">\r\n\t\t\t<div class=\"nuss-grid lazy-grid\">\r\n\t\t\t\t<div class=\"grid-sizer\"><\/div>\r\n\r\n\t\t\t\t\t\t\t\t\t\t\t\t<div class=\"grid-item\">\r\n\t\t\t\t\t\t<div class=\"nuss-box\">\t\t<div class=\"nuss-image image\">\r\n\t\t\t<img decoding=\"async\"  src=\"https:\/\/intercityhotelshenzhen.com\/wp-content\/uploads\/2025\/08\/IntercityHotel-Shenzhen-Futian-Huanggang-70.webp\" alt=\"IntercityHotel Shenzhen Futian Huanggang (70)\" \/>\t\t<\/div>\r\n\t\t\t\t<\/div>\t\t\t\t\t<\/div>\r\n\t\t\t\t\t\t<div class=\"grid-item\">\r\n\t\t\t\t\t\t<div class=\"nuss-box\">\t\t<div class=\"nuss-image image\">\r\n\t\t\t<img decoding=\"async\"  src=\"https:\/\/intercityhotelshenzhen.com\/wp-content\/uploads\/2025\/08\/IntercityHotel-Shenzhen-Futian-Huanggang-80.webp\" alt=\"IntercityHotel Shenzhen Futian Huanggang (80)\" \/>\t\t<\/div>\r\n\t\t\t\t<\/div>\t\t\t\t\t<\/div>\r\n\t\t\t\t\t\t<div class=\"grid-item\">\r\n\t\t\t\t\t\t<div class=\"nuss-box\">\t\t<div class=\"nuss-image image\">\r\n\t\t\t<img decoding=\"async\"  src=\"https:\/\/intercityhotelshenzhen.com\/wp-content\/uploads\/2025\/08\/IntercityHotel-Shenzhen-Futian-Huanggang-73.webp\" alt=\"IntercityHotel Shenzhen Futian Huanggang (73)\" \/>\t\t<\/div>\r\n\t\t\t\t<\/div>\t\t\t\t\t<\/div>\r\n\t\t\t\t\t\t<div class=\"grid-item\">\r\n\t\t\t\t\t\t<div class=\"nuss-box\">\t\t<div class=\"nuss-image image\">\r\n\t\t\t<img decoding=\"async\"  src=\"https:\/\/intercityhotelshenzhen.com\/wp-content\/uploads\/2025\/08\/IntercityHotel-Shenzhen-Futian-Huanggang-74.webp\" alt=\"IntercityHotel Shenzhen Futian Huanggang (74)\" \/>\t\t<\/div>\r\n\t\t\t\t<\/div>\t\t\t\t\t<\/div>\r\n\t\t\t\t\t\t<div class=\"grid-item\">\r\n\t\t\t\t\t\t<div class=\"nuss-box\">\t\t<div class=\"nuss-image image\">\r\n\t\t\t<img decoding=\"async\"  src=\"https:\/\/intercityhotelshenzhen.com\/wp-content\/uploads\/2025\/08\/IntercityHotel-Shenzhen-Futian-Huanggang-87.webp\" alt=\"IntercityHotel Shenzhen Futian Huanggang (87)\" \/>\t\t<\/div>\r\n\t\t\t\t<\/div>\t\t\t\t\t<\/div>\r\n\t\t\t\t\t\t<div class=\"grid-item\">\r\n\t\t\t\t\t\t<div class=\"nuss-box\">\t\t<div class=\"nuss-image image\">\r\n\t\t\t<img decoding=\"async\"  src=\"https:\/\/intercityhotelshenzhen.com\/wp-content\/uploads\/2025\/08\/IntercityHotel-Shenzhen-Futian-Huanggang-7.webp\" alt=\"IntercityHotel Shenzhen Futian Huanggang (7)\" \/>\t\t<\/div>\r\n\t\t\t\t<\/div>\t\t\t\t\t<\/div>\r\n\t\t\t\t\t\t<div class=\"grid-item\">\r\n\t\t\t\t\t\t<div class=\"nuss-box\">\t\t<div class=\"nuss-image image\">\r\n\t\t\t<img decoding=\"async\"  src=\"https:\/\/intercityhotelshenzhen.com\/wp-content\/uploads\/2025\/08\/IntercityHotel-Shenzhen-Futian-Huanggang-93.webp\" alt=\"IntercityHotel Shenzhen Futian Huanggang (93)\" \/>\t\t<\/div>\r\n\t\t\t\t<\/div>\t\t\t\t\t<\/div>\r\n\t\t\t\t\t\t<div class=\"grid-item\">\r\n\t\t\t\t\t\t<div class=\"nuss-box\">\t\t<div class=\"nuss-image image\">\r\n\t\t\t<img decoding=\"async\"  src=\"https:\/\/intercityhotelshenzhen.com\/wp-content\/uploads\/2025\/08\/IntercityHotel-Shenzhen-Futian-Huanggang-6.webp\" alt=\"IntercityHotel Shenzhen Futian Huanggang (6)\" \/>\t\t<\/div>\r\n\t\t\t\t<\/div>\t\t\t\t\t<\/div>\r\n\t\t\t\t\t\t<div class=\"grid-item\">\r\n\t\t\t\t\t\t<div class=\"nuss-box\">\t\t<div class=\"nuss-image image\">\r\n\t\t\t<img decoding=\"async\"  src=\"https:\/\/intercityhotelshenzhen.com\/wp-content\/uploads\/2025\/08\/IntercityHotel-Shenzhen-Futian-Huanggang-91.webp\" alt=\"IntercityHotel Shenzhen Futian Huanggang (91)\" \/>\t\t<\/div>\r\n\t\t\t\t<\/div>\t\t\t\t\t<\/div>\r\n\t\t\t\t\t\t<div class=\"grid-item\">\r\n\t\t\t\t\t\t<div class=\"nuss-box\">\t\t<div class=\"nuss-image image\">\r\n\t\t\t<img decoding=\"async\"  src=\"https:\/\/intercityhotelshenzhen.com\/wp-content\/uploads\/2025\/08\/IntercityHotel-Shenzhen-Futian-Huanggang-79.webp\" alt=\"IntercityHotel Shenzhen Futian Huanggang (79)\" \/>\t\t<\/div>\r\n\t\t\t\t<\/div>\t\t\t\t\t<\/div>\r\n\t\t\t\t\t\t<div class=\"grid-item\">\r\n\t\t\t\t\t\t<div class=\"nuss-box\">\t\t<div class=\"nuss-image image\">\r\n\t\t\t<img decoding=\"async\"  src=\"https:\/\/intercityhotelshenzhen.com\/wp-content\/uploads\/2025\/08\/IntercityHotel-Shenzhen-Futian-Huanggang-77.webp\" alt=\"IntercityHotel Shenzhen Futian Huanggang (77)\" \/>\t\t<\/div>\r\n\t\t\t\t<\/div>\t\t\t\t\t<\/div>\r\n\t\t\t\t\t\t<div class=\"grid-item\">\r\n\t\t\t\t\t\t<div class=\"nuss-box\">\t\t<div class=\"nuss-image image\">\r\n\t\t\t<img decoding=\"async\"  src=\"https:\/\/intercityhotelshenzhen.com\/wp-content\/uploads\/2025\/08\/IntercityHotel-Shenzhen-Futian-Huanggang-72.webp\" alt=\"IntercityHotel Shenzhen Futian Huanggang (72)\" \/>\t\t<\/div>\r\n\t\t\t\t<\/div>\t\t\t\t\t<\/div>\r\n\t\t\t\t\t\t\t\r\n\t\t\t<\/div>\r\n\t\t<\/div>\r\n\t\t\t\t\t\t<\/div>\n\t\t\t\t<\/div>\n\t\t\t\t\t<\/div>\n\t\t\t\t<\/div>\n\t\t<div class=\"elementor-element elementor-element-4122f6f e-flex e-con-boxed e-con e-parent\" data-id=\"4122f6f\" data-element_type=\"container\" data-e-type=\"container\">\n\t\t\t\t\t<div class=\"e-con-inner\">\n\t\t\t\t<div class=\"elementor-element elementor-element-882f2e3 elementor-widget elementor-widget-text-editor\" data-id=\"882f2e3\" data-element_type=\"widget\" data-e-type=\"widget\" data-widget_type=\"text-editor.default\">\n\t\t\t\t\t\t\t\t\t<p>Nel cuore frenetico e innovativo del distretto Futian di Shenzhen, dove ogni minuto conta, <strong>ristorante presso l&#039;IntercityHotel Shenzhen Futian Huanggang<\/strong> offre una filosofia rinfrescante: la ristorazione dovrebbe essere fluida e soddisfacente come il resto del soggiorno. Situato a <strong>28 Fumin Road, Distretto di Futian, Shenzhen, 518048<\/strong>, la nostra esperienza culinaria in loco non riguarda menu elaborati o un servizio prolungato, ma <strong>precisione, qualit\u00e0 e pura comodit\u00e0<\/strong>\u2014un riflesso perfetto dello spirito di ispirazione tedesca dell&#039;hotel.<\/p><p>Sappiamo che i nostri ospiti \u2013 professionisti, imprenditori e viaggiatori esperti \u2013 hanno orari impegnativi. Che vi stiate preparando per un meeting importante nel centro citt\u00e0, che stiate tornando da una visita al vivace mercato dell&#039;elettronica di Huaqiangbei o che abbiate semplicemente bisogno di un pasto completo dopo un lungo viaggio, il nostro ristorante \u00e8 progettato per soddisfare le vostre esigenze senza compromessi.<\/p><h3>Una colazione pensata per il successo<\/h3><p>Inizia la giornata con sicurezza presso il nostro <strong>colazione a buffet giornaliera<\/strong>, incluso nella maggior parte delle tariffe delle camere. Abbiamo curato un menu che bilancia <strong>piatti internazionali preferiti con autentici sapori cinesi<\/strong>, garantendo che ci sia qualcosa per soddisfare ogni palato e preferenza.<\/p><ul><li><strong>Selezioni occidentali<\/strong>: Pane appena sfornato, una variet\u00e0 di cereali, uova preparate al momento e caff\u00e8 e t\u00e8 di prima qualit\u00e0.<\/li><li><strong>Piatti preferiti cinesi<\/strong>: Ciotole fumanti di congee, saporiti baozi (panini al vapore), noodles e una vasta gamma di piatti tradizionali caldi e freddi.<\/li><li><strong>Opzioni salutari<\/strong>: Una selezione di frutta fresca, yogurt e succhi per iniziare la giornata con vitalit\u00e0.<\/li><\/ul><p>L&#039;area dedicata alla colazione \u00e8 luminosa, pulita e organizzata in modo efficiente, consentendovi di prendere un pasto e portarlo via, oppure di prendervi un momento per sedervi e pianificare la vostra giornata in un ambiente tranquillo e privo di distrazioni.<\/p><h3>Pasti semplici e di alta qualit\u00e0 durante tutto il giorno<\/h3><p>Oltre alla colazione, il nostro obiettivo rimane quello di fornire <strong>cibo semplice e di alta qualit\u00e0<\/strong> per pranzo e cena. Anche se non disponiamo di un ampio men\u00f9 \u00e0 la carte, offriamo una selezione di <strong>pasti leggeri, panini e specialit\u00e0 locali<\/strong> perfetti per uno spuntino veloce e appagante. Pensate a insalate fresche, zuppe sostanziose e piatti asiatici preparati da esperti, tutti realizzati con ingredienti freschi e serviti con efficienza.<\/p><p>Per gli ospiti che desiderano un&#039;esperienza culinaria pi\u00f9 completa, la posizione privilegiata dell&#039;hotel rappresenta un vantaggio fondamentale. A 5-10 minuti a piedi, troverete una vasta gamma di ristoranti, da quelli di lusso per incontri d&#039;affari alle bancarelle di street food locale, che offrono di tutto, dal dim sum cantonese alla zuppa calda del Sichuan.<\/p><h3>La filosofia culinaria dell&#039;IntercityHotel<\/h3><p>Il nostro ristorante incarna i valori fondamentali del marchio IntercityHotel: <strong>affidabilit\u00e0, funzionalit\u00e0 e valore<\/strong>Crediamo che un buon pasto non debba essere complicato. Dovrebbe essere:<\/p><ul><li><strong>Efficiente<\/strong>: Un servizio rapido e una disposizione semplificata significano che passerai meno tempo ad aspettare e pi\u00f9 tempo a fare.<\/li><li><strong>coerente<\/strong>: Puoi aspettarti sempre lo stesso elevato standard di qualit\u00e0 e pulizia.<\/li><li><strong>Di supporto<\/strong>Siamo qui per supportarti nel tuo percorso, che si tratti di un pasto caldo alle 6 del mattino o di un angolo tranquillo dove lavorare con una tazza di caff\u00e8.<\/li><\/ul><div class=\"py-2 my-3\"><hr \/><\/div><p><strong>Scopri la differenza di una cena intelligente<\/strong><\/p><p>All&#039;IntercityHotel Shenzhen Futian Huanggang, il nostro ristorante \u00e8 pi\u00f9 di un semplice posto dove mangiare: \u00e8 parte integrante del vostro soggiorno produttivo e confortevole. Non cerchiamo di essere i pi\u00f9 stravaganti, ma i pi\u00f9 affidabili.<\/p><p>Che tu voglia fare il pieno di energie per una giornata di innovazione o rilassarti dopo una riunione di successo, troverai un&#039;esperienza culinaria efficiente e ben organizzata come la citt\u00e0 stessa.<\/p><div class=\"py-2 my-3\"><hr \/><\/div><p><strong>Pianifica il tuo soggiorno all&#039;IntercityHotel Shenzhen Futian Huanggang<\/strong><\/p><p>\ud83d\udccd <strong>Indirizzo<\/strong>: 28 Fumin Road, Futian District, Shenzhen, Guangdong, 518048, Cina \ud83d\udcde <strong>Telefono<\/strong>: +86 755 8280 8888 | \ud83c\udf10 <strong>Sito web<\/strong>: <a href=\"https:\/\/intercityhotelshenzhen.com\/it\/\" target=\"_blank\" rel=\"nofollow noopener\">www.intercityhotelshenzhen.com<\/a><\/p><p data-spm-anchor-id=\"a2ty_o01.29997173.0.i34.3db3c921mV6PYW\"><em>Il tuo soggiorno efficiente a Shenzhen inizia qui.<\/em> \ud83c\udf73\u2615\ud83c\udfd9\ufe0f<\/p>\t\t\t\t\t\t\t\t<\/div>\n\t\t\t\t\t<\/div>\n\t\t\t\t<\/div>\n\t\t\t\t<\/div>","protected":false},"excerpt":{"rendered":"<p>Savor the Essence of Efficiency: Dining at IntercityHotel Shenzhen Futian Huanggang In the fast-paced, innovation-driven heart of Shenzhen\u2019s Futian District, where every minute counts, the restaurant at IntercityHotel Shenzhen Futian Huanggang offers a refreshing philosophy: dining should be as seamless and satisfying as the rest of your stay. Located at 28 Fumin Road, Futian District, [&hellip;]<\/p>\n","protected":false},"author":1,"featured_media":0,"parent":0,"menu_order":0,"comment_status":"closed","ping_status":"closed","template":"","meta":{"footnotes":""},"class_list":["post-612","page","type-page","status-publish","hentry","post-no-thumbnail"],"_links":{"self":[{"href":"https:\/\/intercityhotelshenzhen.com\/it\/wp-json\/wp\/v2\/pages\/612","targetHints":{"allow":["GET"]}}],"collection":[{"href":"https:\/\/intercityhotelshenzhen.com\/it\/wp-json\/wp\/v2\/pages"}],"about":[{"href":"https:\/\/intercityhotelshenzhen.com\/it\/wp-json\/wp\/v2\/types\/page"}],"author":[{"embeddable":true,"href":"https:\/\/intercityhotelshenzhen.com\/it\/wp-json\/wp\/v2\/users\/1"}],"replies":[{"embeddable":true,"href":"https:\/\/intercityhotelshenzhen.com\/it\/wp-json\/wp\/v2\/comments?post=612"}],"version-history":[{"count":0,"href":"https:\/\/intercityhotelshenzhen.com\/it\/wp-json\/wp\/v2\/pages\/612\/revisions"}],"wp:attachment":[{"href":"https:\/\/intercityhotelshenzhen.com\/it\/wp-json\/wp\/v2\/media?parent=612"}],"curies":[{"name":"parola chiave","href":"https:\/\/api.w.org\/{rel}","templated":true}]}}