{"id":647,"date":"2021-03-29T02:13:52","date_gmt":"2021-03-29T02:13:52","guid":{"rendered":"http:\/\/localhost\/nuss\/?page_id=647"},"modified":"2025-12-06T08:26:11","modified_gmt":"2025-12-06T08:26:11","slug":"servizi","status":"publish","type":"page","link":"https:\/\/intercityhotelshenzhen.com\/it\/servizi\/","title":{"rendered":"Servizi"},"content":{"rendered":"<div data-elementor-type=\"wp-page\" data-elementor-id=\"647\" class=\"elementor elementor-647\">\n\t\t\t\t\t\t<section class=\"elementor-section elementor-top-section elementor-element elementor-element-3353bc8 elementor-section-boxed elementor-section-gap-beside-yes elementor-section-height-default elementor-section-height-default elementor-section-column-vertical-align-stretch\" data-id=\"3353bc8\" data-element_type=\"section\" data-e-type=\"section\">\n\t\t\t\t\t\t<div class=\"elementor-container elementor-column-gap-extended\">\n\t\t\t\t\t<div class=\"elementor-column elementor-col-100 elementor-top-column elementor-element elementor-element-0a2bc64\" data-id=\"0a2bc64\" data-element_type=\"column\" data-e-type=\"column\">\n\t\t\t<div class=\"elementor-widget-wrap elementor-element-populated\">\n\t\t\t\t\t\t<div class=\"elementor-element elementor-element-447e3ef elementor-widget__width-initial elementor-invisible elementor-widget elementor-widget-text-editor\" data-id=\"447e3ef\" data-element_type=\"widget\" data-e-type=\"widget\" data-settings=\"{&quot;_animation&quot;:&quot;nussFadeInUp&quot;}\" data-widget_type=\"text-editor.default\">\n\t\t\t\t\t\t\t\t\t<p><strong data-spm-anchor-id=\"a2ty_o01.29997173.0.i44.3db3c921mV6PYW\">Servizi eccezionali, progettati per il viaggiatore moderno: la tua esperienza all&#039;IntercityHotel Shenzhen Futian Huanggang<\/strong><\/p>\t\t\t\t\t\t\t\t<\/div>\n\t\t\t\t\t<\/div>\n\t\t<\/div>\n\t\t\t\t\t<\/div>\n\t\t<\/section>\n\t\t<div class=\"elementor-element elementor-element-7f2509d e-flex e-con-boxed e-con e-parent\" data-id=\"7f2509d\" data-element_type=\"container\" data-e-type=\"container\">\n\t\t\t\t\t<div class=\"e-con-inner\">\n\t\t\t\t<div class=\"elementor-element elementor-element-0c81d71 elementor-widget elementor-widget-text-editor\" data-id=\"0c81d71\" data-element_type=\"widget\" data-e-type=\"widget\" data-widget_type=\"text-editor.default\">\n\t\t\t\t\t\t\t\t\t<p>A <strong>IntercityHotel Shenzhen Futian Huanggang<\/strong>, situato a <strong>28 Fumin Road, Distretto di Futian, Shenzhen, 518048<\/strong>Crediamo che il segno distintivo di un hotel davvero eccezionale non risieda nell&#039;eccesso, ma nell&#039;esecuzione impeccabile degli elementi essenziali. I nostri servizi sono meticolosamente progettati per il viaggiatore esigente, che siate professionisti in viaggio d&#039;affari nella dinamica Greater Bay Area o turisti in cerca di una base impeccabile e confortevole nella citt\u00e0 pi\u00f9 innovativa della Cina. Attingendo alla rinomata tradizione tedesca del marchio IntercityHotel, la nostra attenzione \u00e8 rivolta a <strong>efficienza, affidabilit\u00e0 e progettazione intelligente<\/strong>, assicurando che ogni aspetto del tuo soggiorno sia fluido, produttivo e privo di stress.<\/p><h3>Reception aperta 24 ore su 24 e assistenza personalizzata per gli ospiti<\/h3><p>Il cuore del nostro servizio \u00e8 il nostro <strong>reception aperta 24 ore su 24<\/strong>, composto da un team multilingue fluente in <strong>Mandarino e inglese<\/strong>, con la possibilit\u00e0 di fornire assistenza in francese, tedesco e giapponese di base su richiesta. Siamo a vostra disposizione 24 ore su 24, sia che arriviate a tarda notte da un volo per Hong Kong o che dobbiate partire all&#039;alba per una riunione di lavoro. Il nostro team \u00e8 dedicato a fornire assistenza personalizzata, tra cui:<\/p><ul><li><strong>Raccomandazioni locali dettagliate<\/strong> per una cena autentica, per fare shopping a Huaqiangbei o per visitare il Museo di Shenzhen.<\/li><li><strong>Accordi di trasporto<\/strong> per i taxi, Didi (l&#039;Uber cinese) o indicazioni sull&#039;utilizzo della metropolitana e degli autobus.<\/li><li><strong>Aiuto con la stampa, la messaggistica e le chiamate di sveglia<\/strong> per supportare il tuo programma.<\/li><li><strong>Assistenza nella prenotazione dei tour<\/strong> o biglietti per attrazioni locali.<\/li><\/ul><p>Non siamo solo un punto di assistenza: siamo il tuo partner di fiducia per orientarti a Shenzhen.<\/p><h3>Arrivo e partenza senza intoppi<\/h3><p>Viaggiare attraverso uno dei valichi di frontiera pi\u00f9 trafficati dell&#039;Asia \u00e8 reso facile dalla nostra posizione strategica a soli <strong>A 500 metri dal porto di Huanggang<\/strong>Per gli ospiti che arrivano da Hong Kong, la breve passeggiata di 5-7 minuti fino all&#039;hotel rappresenta un vantaggio significativo. Sebbene non offriamo un servizio di trasferimento privato diretto dall&#039;aeroporto, possiamo <strong>aiutare a organizzare un taxi affidabile<\/strong> dall&#039;Aeroporto Internazionale di Shenzhen Bao&#039;an (SZX) o dall&#039;Aeroporto Internazionale di Hong Kong (HKG). Per la tua partenza, possiamo aiutarti a prenotare il tuo prossimo viaggio, garantendoti un trasferimento tempestivo e senza intoppi.<\/p><p>Forniamo anche <strong>deposito bagagli gratuito<\/strong> prima del check-in e dopo il check-out, consentendovi di esplorare la citt\u00e0 liberamente, sia che visitiate il Grand Shenzhen Theatre o che vi godiate un pasto nel quartiere centrale degli affari di Futian.<\/p><h3>Comfort e praticit\u00e0 in ogni dettaglio<\/h3><p>Il vostro comfort \u00e8 la nostra priorit\u00e0. Ogni camera dell&#039;IntercityHotel \u00e8 dotata di <strong>Wi-Fi ad alta velocit\u00e0 gratuito<\/strong>, assicurandoti di rimanere connesso per lavoro o per svago. Comprendiamo l&#039;importanza di una buona notte di sonno, ed \u00e8 per questo che tutte le camere sono dotate di <strong>aria condizionata a controllo climatico<\/strong>, biancheria da letto di alta qualit\u00e0 e <strong>finestre insonorizzate<\/strong> per tenere a bada l&#039;energia della citt\u00e0.<\/p><p>Noi forniamo <strong>pulizie giornaliere<\/strong> per mantenere il tuo spazio fresco e accogliente, insieme a <strong>articoli da toeletta di alta qualit\u00e0, morbidi accappatoi e asciugamani di qualit\u00e0<\/strong>Ogni camera \u00e8 dotata di <strong>bagno privato interno<\/strong> con acqua calda, assicurandoti un inizio e una fine di giornata rinfrescanti.<\/p><h3>Esperienze culinarie nutrienti<\/h3><p>Inizia la tua mattinata nella nostra luminosa e moderna sala da pranzo con una deliziosa <strong>colazione fatta in casa<\/strong>, incluso nella maggior parte delle tariffe delle camere. Il nostro men\u00f9 per la colazione combina <strong>sapori tradizionali cinesi<\/strong>\u2014come congee e baozi\u2014con specialit\u00e0 internazionali come uova, toast e caff\u00e8. \u00c8 il modo perfetto per ricaricarsi prima di esplorare le attrazioni vicine.<\/p><p>Per pranzo e cena, anche se non disponiamo di un ristorante con servizio completo, saremo lieti di consigliarvi e organizzare cene in alcuni dei ristoranti locali pi\u00f9 autentici di Shenzhen, oppure di assistervi con il servizio in camera.<\/p><h3>Un impegno per l&#039;autenticit\u00e0 e la cura<\/h3><p>All&#039;IntercityHotel Shenzhen Futian Huanggang, non puntiamo a essere l&#039;hotel pi\u00f9 grande, ma quello pi\u00f9 significativo. I nostri servizi riflettono i nostri valori: <strong>pace, autenticit\u00e0 e connessione sincera<\/strong>Siamo orgogliosi di essere un <strong>propriet\u00e0 boutique<\/strong> che privilegia la qualit\u00e0 rispetto alla quantit\u00e0, dove ogni ospite viene trattato come un membro della famiglia.<\/p><p>Si prega di notare che, grazie al design moderno del nostro edificio con ascensori, l&#039;hotel \u00e8 <strong>accessibile alle sedie a rotelle<\/strong>Siamo sempre lieti di discutere in anticipo soluzioni speciali per garantire che il vostro soggiorno sia il pi\u00f9 confortevole possibile.<\/p><div class=\"py-2 my-3\"><hr \/><\/div><div class=\"my-2\">\u00a0<\/div><p><strong>Scopri la differenza della vera efficienza tedesca<\/strong><br \/>\ud83d\udccd <strong>IntercityHotel Shenzhen Futian Huanggang<\/strong><br \/>28 Fumin Road, Distretto di Futian, Shenzhen, Guangdong, 518048, Cina<br \/>\ud83d\udcde +86 755 8280 8888 | \ud83c\udf10 <a href=\"https:\/\/intercityhotelshenzhen.com\/it\/\" target=\"_blank\" rel=\"nofollow noopener\">www.intercityhotelshenzhen.com <\/a><\/p><div class=\"my-2\">\u00a0<\/div><p><em>Il tuo soggiorno efficiente a Shenzhen inizia qui.<\/em> \ud83d\ude89\ud83d\udcbc\ud83c\udfd9\ufe0f<\/p>\t\t\t\t\t\t\t\t<\/div>\n\t\t\t\t\t<\/div>\n\t\t\t\t<\/div>\n\t\t\t\t<\/div>","protected":false},"excerpt":{"rendered":"<p>Exceptional Services, Engineered for the Modern Traveler: Your Experience at IntercityHotel Shenzhen Futian Huanggang At IntercityHotel Shenzhen Futian Huanggang, located at 28 Fumin Road, Futian District, Shenzhen, 518048, we believe that the hallmark of a truly great hotel is not found in extravagance, but in the flawless execution of the essentials. Our services are meticulously [&hellip;]<\/p>\n","protected":false},"author":1,"featured_media":0,"parent":0,"menu_order":0,"comment_status":"closed","ping_status":"closed","template":"","meta":{"footnotes":""},"class_list":["post-647","page","type-page","status-publish","hentry","post-no-thumbnail"],"_links":{"self":[{"href":"https:\/\/intercityhotelshenzhen.com\/it\/wp-json\/wp\/v2\/pages\/647","targetHints":{"allow":["GET"]}}],"collection":[{"href":"https:\/\/intercityhotelshenzhen.com\/it\/wp-json\/wp\/v2\/pages"}],"about":[{"href":"https:\/\/intercityhotelshenzhen.com\/it\/wp-json\/wp\/v2\/types\/page"}],"author":[{"embeddable":true,"href":"https:\/\/intercityhotelshenzhen.com\/it\/wp-json\/wp\/v2\/users\/1"}],"replies":[{"embeddable":true,"href":"https:\/\/intercityhotelshenzhen.com\/it\/wp-json\/wp\/v2\/comments?post=647"}],"version-history":[{"count":0,"href":"https:\/\/intercityhotelshenzhen.com\/it\/wp-json\/wp\/v2\/pages\/647\/revisions"}],"wp:attachment":[{"href":"https:\/\/intercityhotelshenzhen.com\/it\/wp-json\/wp\/v2\/media?parent=647"}],"curies":[{"name":"parola chiave","href":"https:\/\/api.w.org\/{rel}","templated":true}]}}