{"id":2104,"date":"2021-03-23T09:33:48","date_gmt":"2021-03-23T09:33:48","guid":{"rendered":"http:\/\/localhost\/nuss\/?page_id=167"},"modified":"2025-12-06T08:25:59","modified_gmt":"2025-12-06T08:25:59","slug":"nossa-historia","status":"publish","type":"page","link":"https:\/\/intercityhotelshenzhen.com\/pt\/nossa-historia\/","title":{"rendered":"Nossa hist\u00f3ria"},"content":{"rendered":"<div data-elementor-type=\"wp-page\" data-elementor-id=\"2104\" class=\"elementor elementor-2104\">\n\t\t\t\t\t\t<section class=\"elementor-section elementor-top-section elementor-element elementor-element-8f5bb9d elementor-section-boxed elementor-section-gap-beside-yes elementor-section-height-default elementor-section-height-default elementor-section-column-vertical-align-stretch\" data-id=\"8f5bb9d\" data-element_type=\"section\" data-e-type=\"section\">\n\t\t\t\t\t\t<div class=\"elementor-container elementor-column-gap-extended\">\n\t\t\t\t\t<div class=\"elementor-column elementor-col-100 elementor-top-column elementor-element elementor-element-7ec4215\" data-id=\"7ec4215\" data-element_type=\"column\" data-e-type=\"column\">\n\t\t\t<div class=\"elementor-widget-wrap elementor-element-populated\">\n\t\t\t\t\t\t<div class=\"elementor-element elementor-element-edd9d03 elementor-widget__width-initial elementor-invisible elementor-widget elementor-widget-text-editor\" data-id=\"edd9d03\" data-element_type=\"widget\" data-e-type=\"widget\" data-settings=\"{&quot;_animation&quot;:&quot;nussFadeInUp&quot;}\" data-widget_type=\"text-editor.default\">\n\t\t\t\t\t\t\t\t\t<p><strong data-spm-anchor-id=\"a2ty_o01.29997173.0.i30.3db3c921mV6PYW\">O IntercityHotel Shenzhen Futian Huanggang \u2013 Onde a precis\u00e3o alem\u00e3 encontra o pulso de Shenzhen<\/strong><\/p>\t\t\t\t\t\t\t\t<\/div>\n\t\t\t\t\t<\/div>\n\t\t<\/div>\n\t\t\t\t\t<\/div>\n\t\t<\/section>\n\t\t<div class=\"elementor-element elementor-element-e3b616a e-flex e-con-boxed e-con e-parent\" data-id=\"e3b616a\" data-element_type=\"container\" data-e-type=\"container\">\n\t\t\t\t\t<div class=\"e-con-inner\">\n\t\t\t\t<div class=\"elementor-element elementor-element-1cf078a elementor-widget elementor-widget-text-editor\" data-id=\"1cf078a\" data-element_type=\"widget\" data-e-type=\"widget\" data-widget_type=\"text-editor.default\">\n\t\t\t\t\t\t\t\t\t<p>No cora\u00e7\u00e3o de Shenzhen, uma cidade que personifica o ritmo implac\u00e1vel da inova\u00e7\u00e3o e o futuro da China moderna, um novo tipo de hospitalidade se enraizou. <strong>28 Fumin Road, distrito de Futian, Shenzhen, 518048<\/strong>, o <strong>IntercityHotel Shenzhen Futian Huanggang<\/strong> \u00e9 mais do que apenas um lugar para descansar a cabe\u00e7a; \u00e9 uma filosofia em a\u00e7\u00e3o, uma ponte entre dois mundos.<\/p><p>Nossa hist\u00f3ria come\u00e7a com uma pergunta simples: <em>O que o viajante moderno realmente precisa?<\/em> Numa era de conectividade constante, de hor\u00e1rios apertados e de neg\u00f3cios sem fronteiras, percebemos que a resposta n\u00e3o estava em lobbies opulentos ou em comodidades extravagantes, mas em <strong>efici\u00eancia, confiabilidade e design inteligente<\/strong>. Este \u00e9 o cerne do <strong>Hotel Intercity<\/strong> marca, um legado constru\u00eddo sobre valores alem\u00e3es de precis\u00e3o, funcionalidade e excel\u00eancia silenciosa.<\/p><p>A escolha de Shenzhen como nossa localiza\u00e7\u00e3o foi deliberada. Esta n\u00e3o \u00e9 uma cidade para os fracos. \u00c9 uma metr\u00f3pole que se transformou de uma vila de pescadores em uma pot\u00eancia tecnol\u00f3gica global em apenas algumas d\u00e9cadas. \u00c9 uma cidade de construtores, sonhadores e realizadores. E bem na sua porta de entrada para Hong Kong, <strong>Porto de Huanggang<\/strong>, a necessidade de uma experi\u00eancia tranquila e sem estresse \u00e9 primordial. Foi aqui que nosso hotel foi concebido \u2014 n\u00e3o como uma grande declara\u00e7\u00e3o, mas como um <strong>solu\u00e7\u00e3o necess\u00e1ria<\/strong>.<\/p><p>O <strong>IntercityHotel Shenzhen Futian Huanggang<\/strong> foi projetado do zero para ser a melhor op\u00e7\u00e3o pr\u00e1tica. Eliminamos o desnecess\u00e1rio e focamos no essencial. Cada elemento, desde as janelas com isolamento ac\u00fastico que bloqueiam o barulho da cidade at\u00e9 o Wi-Fi de alta velocidade que garante que voc\u00ea esteja sempre conectado, foi meticulosamente escolhido para acompanhar sua viagem. O design minimalista e de linhas retas n\u00e3o \u00e9 apenas uma quest\u00e3o est\u00e9tica; \u00e9 um compromisso com uma mente organizada e uma estadia focada.<\/p><p>Nossa localiza\u00e7\u00e3o \u00e9 a nossa promessa. A apenas cinco minutos a p\u00e9 do Porto de Huanggang, entendemos o viajante em tr\u00e2nsito, que precisa cruzar uma fronteira, fechar um neg\u00f3cio ou pegar um voo sem nenhuma margem para erro. Estamos aqui para tornar isso realidade. Nossa recep\u00e7\u00e3o 24 horas, dep\u00f3sito de bagagem gratuito e equipe multil\u00edngue n\u00e3o s\u00e3o apenas servi\u00e7os; s\u00e3o uma extens\u00e3o do nosso compromisso com o seu tempo e tranquilidade.<\/p><p>N\u00e3o estamos tentando ser o hotel mais chamativo do bairro. Estamos aqui para ser o <strong>a escolha mais inteligente e confi\u00e1vel<\/strong>Nossa hist\u00f3ria \u00e9 de confian\u00e7a silenciosa, de uma marca que acredita que as melhores experi\u00eancias costumam ser as mais simples. \u00c9 sobre o viajante que faz o check-in, encontra tudo em seu devido lugar e sabe, sem sombra de d\u00favidas, que sua estadia ser\u00e1 exatamente como deveria ser: confort\u00e1vel, eficiente e totalmente confi\u00e1vel.<\/p><p>Esta \u00e9 a nossa hist\u00f3ria. A hist\u00f3ria de um hotel constru\u00eddo para o futuro, numa cidade que o est\u00e1 construindo. A hist\u00f3ria da engenharia alem\u00e3 em encontro com o esp\u00edrito de Shenzhen. A hist\u00f3ria de um lugar onde a sua \u00fanica fun\u00e7\u00e3o \u00e9 focar no futuro, porque n\u00f3s j\u00e1 cuidamos do resto.<\/p><p>Bem-vindo ao IntercityHotel Shenzhen Futian Huanggang. Bem-vindo ao futuro da hospitalidade eficiente.<\/p>\t\t\t\t\t\t\t\t<\/div>\n\t\t\t\t\t<\/div>\n\t\t\t\t<\/div>\n\t\t\t\t<\/div>","protected":false},"excerpt":{"rendered":"<p>The IntercityHotel Shenzhen Futian Huanggang \u2013 Where German Precision Meets Shenzhen\u2019s Pulse In the heart of Shenzhen, a city that embodies the relentless pace of innovation and the future of modern China, a new kind of hospitality has taken root. At 28 Fumin Road, Futian District, Shenzhen, 518048, the IntercityHotel Shenzhen Futian Huanggang is more [&hellip;]<\/p>\n","protected":false},"author":1,"featured_media":0,"parent":0,"menu_order":0,"comment_status":"closed","ping_status":"closed","template":"","meta":{"footnotes":""},"class_list":["post-2104","page","type-page","status-publish","hentry","post-no-thumbnail"],"_links":{"self":[{"href":"https:\/\/intercityhotelshenzhen.com\/pt\/wp-json\/wp\/v2\/pages\/2104","targetHints":{"allow":["GET"]}}],"collection":[{"href":"https:\/\/intercityhotelshenzhen.com\/pt\/wp-json\/wp\/v2\/pages"}],"about":[{"href":"https:\/\/intercityhotelshenzhen.com\/pt\/wp-json\/wp\/v2\/types\/page"}],"author":[{"embeddable":true,"href":"https:\/\/intercityhotelshenzhen.com\/pt\/wp-json\/wp\/v2\/users\/1"}],"replies":[{"embeddable":true,"href":"https:\/\/intercityhotelshenzhen.com\/pt\/wp-json\/wp\/v2\/comments?post=2104"}],"version-history":[{"count":0,"href":"https:\/\/intercityhotelshenzhen.com\/pt\/wp-json\/wp\/v2\/pages\/2104\/revisions"}],"wp:attachment":[{"href":"https:\/\/intercityhotelshenzhen.com\/pt\/wp-json\/wp\/v2\/media?parent=2104"}],"curies":[{"name":"wp","href":"https:\/\/api.w.org\/{rel}","templated":true}]}}