{"id":2109,"date":"2021-03-26T08:35:58","date_gmt":"2021-03-26T08:35:58","guid":{"rendered":"http:\/\/localhost\/nuss\/?page_id=536"},"modified":"2025-12-06T08:25:36","modified_gmt":"2025-12-06T08:25:36","slug":"instalacoes-comerciais","status":"publish","type":"page","link":"https:\/\/intercityhotelshenzhen.com\/pt\/instalacoes-comerciais\/","title":{"rendered":"Instala\u00e7\u00f5es comerciais"},"content":{"rendered":"<div data-elementor-type=\"wp-page\" data-elementor-id=\"2109\" class=\"elementor elementor-2109\">\n\t\t\t\t\t\t<section class=\"elementor-section elementor-top-section elementor-element elementor-element-bb2901b elementor-section-boxed elementor-section-gap-beside-yes elementor-section-height-default elementor-section-height-default elementor-section-column-vertical-align-stretch\" data-id=\"bb2901b\" data-element_type=\"section\" data-e-type=\"section\">\n\t\t\t\t\t\t<div class=\"elementor-container elementor-column-gap-extended\">\n\t\t\t\t\t<div class=\"elementor-column elementor-col-100 elementor-top-column elementor-element elementor-element-1919db9\" data-id=\"1919db9\" data-element_type=\"column\" data-e-type=\"column\">\n\t\t\t<div class=\"elementor-widget-wrap elementor-element-populated\">\n\t\t\t\t\t\t<div class=\"elementor-element elementor-element-41a7b9c elementor-widget__width-initial elementor-invisible elementor-widget elementor-widget-text-editor\" data-id=\"41a7b9c\" data-element_type=\"widget\" data-e-type=\"widget\" data-settings=\"{&quot;_animation&quot;:&quot;nussFadeInUp&quot;}\" data-widget_type=\"text-editor.default\">\n\t\t\t\t\t\t\t\t\t<p><strong data-spm-anchor-id=\"a2ty_o01.29997173.0.i14.3db3c921mV6PYW\">Instala\u00e7\u00f5es comerciais no IntercityHotel Shenzhen Futian Huanggang<\/strong><\/p>\t\t\t\t\t\t\t\t<\/div>\n\t\t\t\t\t<\/div>\n\t\t<\/div>\n\t\t\t\t\t<\/div>\n\t\t<\/section>\n\t\t<div class=\"elementor-element elementor-element-bfd6e14 e-flex e-con-boxed e-con e-parent\" data-id=\"bfd6e14\" data-element_type=\"container\" data-e-type=\"container\">\n\t\t\t\t\t<div class=\"e-con-inner\">\n\t\t\t\t<div class=\"elementor-element elementor-element-15ff453 elementor-widget elementor-widget-nuss-image-gallery\" data-id=\"15ff453\" data-element_type=\"widget\" data-e-type=\"widget\" data-widget_type=\"nuss-image-gallery.default\">\n\t\t\t\t<div class=\"elementor-widget-container\">\n\t\t\t\t\t\t\t<div class=\"nuss-grid-wrapper\" data-grid=\"{&quot;type&quot;:&quot;grid&quot;,&quot;ratio&quot;:null,&quot;columns&quot;:3,&quot;gutter&quot;:30}\">\r\n\t\t\t<div class=\"nuss-grid lazy-grid\">\r\n\t\t\t\t<div class=\"grid-sizer\"><\/div>\r\n\r\n\t\t\t\t\t\t\t\t\t\t\t\t<div class=\"grid-item\">\r\n\t\t\t\t\t\t<div class=\"nuss-box\">\t\t<div class=\"nuss-image image\">\r\n\t\t\t<img decoding=\"async\"  src=\"https:\/\/intercityhotelshenzhen.com\/wp-content\/uploads\/2025\/08\/IntercityHotel-Shenzhen-Futian-Huanggang-11.webp\" alt=\"IntercityHotel Shenzhen Futian Huanggang (11)\" \/>\t\t<\/div>\r\n\t\t\t\t<\/div>\t\t\t\t\t<\/div>\r\n\t\t\t\t\t\t<div class=\"grid-item\">\r\n\t\t\t\t\t\t<div class=\"nuss-box\">\t\t<div class=\"nuss-image image\">\r\n\t\t\t<img decoding=\"async\"  src=\"https:\/\/intercityhotelshenzhen.com\/wp-content\/uploads\/2025\/08\/IntercityHotel-Shenzhen-Futian-Huanggang-20.webp\" alt=\"IntercityHotel Shenzhen Futian Huanggang (20)\" \/>\t\t<\/div>\r\n\t\t\t\t<\/div>\t\t\t\t\t<\/div>\r\n\t\t\t\t\t\t<div class=\"grid-item\">\r\n\t\t\t\t\t\t<div class=\"nuss-box\">\t\t<div class=\"nuss-image image\">\r\n\t\t\t<img decoding=\"async\"  src=\"https:\/\/intercityhotelshenzhen.com\/wp-content\/uploads\/2025\/08\/IntercityHotel-Shenzhen-Futian-Huanggang-18.webp\" alt=\"IntercityHotel Shenzhen Futian Huanggang (18)\" \/>\t\t<\/div>\r\n\t\t\t\t<\/div>\t\t\t\t\t<\/div>\r\n\t\t\t\t\t\t<div class=\"grid-item\">\r\n\t\t\t\t\t\t<div class=\"nuss-box\">\t\t<div class=\"nuss-image image\">\r\n\t\t\t<img decoding=\"async\"  src=\"https:\/\/intercityhotelshenzhen.com\/wp-content\/uploads\/2025\/08\/IntercityHotel-Shenzhen-Futian-Huanggang-16.webp\" alt=\"IntercityHotel Shenzhen Futian Huanggang (16)\" \/>\t\t<\/div>\r\n\t\t\t\t<\/div>\t\t\t\t\t<\/div>\r\n\t\t\t\t\t\t<div class=\"grid-item\">\r\n\t\t\t\t\t\t<div class=\"nuss-box\">\t\t<div class=\"nuss-image image\">\r\n\t\t\t<img decoding=\"async\"  src=\"https:\/\/intercityhotelshenzhen.com\/wp-content\/uploads\/2025\/08\/IntercityHotel-Shenzhen-Futian-Huanggang-17.webp\" alt=\"IntercityHotel Shenzhen Futian Huanggang (17)\" \/>\t\t<\/div>\r\n\t\t\t\t<\/div>\t\t\t\t\t<\/div>\r\n\t\t\t\t\t\t<div class=\"grid-item\">\r\n\t\t\t\t\t\t<div class=\"nuss-box\">\t\t<div class=\"nuss-image image\">\r\n\t\t\t<img decoding=\"async\"  src=\"https:\/\/intercityhotelshenzhen.com\/wp-content\/uploads\/2025\/08\/IntercityHotel-Shenzhen-Futian-Huanggang-13.webp\" alt=\"IntercityHotel Shenzhen Futian Huanggang (13)\" \/>\t\t<\/div>\r\n\t\t\t\t<\/div>\t\t\t\t\t<\/div>\r\n\t\t\t\t\t\t\t\r\n\t\t\t<\/div>\r\n\t\t<\/div>\r\n\t\t\t\t\t\t<\/div>\n\t\t\t\t<\/div>\n\t\t\t\t\t<\/div>\n\t\t\t\t<\/div>\n\t\t<div class=\"elementor-element elementor-element-984338c e-flex e-con-boxed e-con e-parent\" data-id=\"984338c\" data-element_type=\"container\" data-e-type=\"container\">\n\t\t\t\t\t<div class=\"e-con-inner\">\n\t\t\t\t<div class=\"elementor-element elementor-element-9f20617 elementor-widget elementor-widget-text-editor\" data-id=\"9f20617\" data-element_type=\"widget\" data-e-type=\"widget\" data-widget_type=\"text-editor.default\">\n\t\t\t\t\t\t\t\t\t<p data-spm-anchor-id=\"a2ty_o01.29997173.0.i17.3db3c921mV6PYW\">No cora\u00e7\u00e3o din\u00e2mico da cidade mais futurista da China, <strong>IntercityHotel Shenzhen Futian Huanggang<\/strong> se destaca como um exemplo de produtividade otimizada e conveni\u00eancia moderna. Localizado em <strong>28 Fumin Road, distrito de Futian, Shenzhen, 518048<\/strong>, o hotel est\u00e1 estrategicamente posicionado no distrito comercial central da cidade, a poucos passos de <strong>Porto de Huanggang<\/strong>\u2014 uma importante porta de entrada para Hong Kong e a Grande Ba\u00eda. Para o viajante a neg\u00f3cios, esta localiza\u00e7\u00e3o n\u00e3o \u00e9 apenas conveniente; \u00e9 transformadora.<\/p><p>As instala\u00e7\u00f5es empresariais do hotel foram projetadas com uma filosofia singular: <strong>Efici\u00eancia de inspira\u00e7\u00e3o alem\u00e3<\/strong>Isso significa que cada servi\u00e7o e comodidade s\u00e3o cuidadosamente selecionados para eliminar atritos, maximizar o foco e dar suporte ao mundo acelerado e de alto risco do com\u00e9rcio moderno. Ao contr\u00e1rio dos hot\u00e9is tradicionais, sobrecarregados por uma grandeza desnecess\u00e1ria, o IntercityHotel prioriza o que realmente importa: conectividade perfeita, produtividade silenciosa e servi\u00e7o confi\u00e1vel.<\/p><h3>Conectividade de alta velocidade e espa\u00e7os de trabalho modernos<\/h3><p>No centro de qualquer viagem de neg\u00f3cios bem-sucedida est\u00e1 a tecnologia confi\u00e1vel. O IntercityHotel oferece <strong>Wi-Fi de alta velocidade de cortesia<\/strong> em toda a propriedade, garantindo que voc\u00ea possa realizar videoconfer\u00eancias, transferir arquivos grandes e permanecer conectado aos mercados globais sem interrup\u00e7\u00f5es. O sinal \u00e9 forte e est\u00e1vel em todos os c\u00f4modos e \u00e1reas comuns, um recurso essencial para profissionais que gerenciam portf\u00f3lios internacionais.<\/p><p>Para quem prefere um espa\u00e7o de trabalho dedicado, o hotel oferece <strong>esta\u00e7\u00f5es de trabalho ergon\u00f4micas<\/strong> dentro de cada quarto de h\u00f3spedes. N\u00e3o se trata de meras escrivaninhas, mas sim de ambientes cuidadosamente projetados, com ampla ilumina\u00e7\u00e3o, diversas tomadas e f\u00e1cil acesso a entradas de carregamento, permitindo que voc\u00ea transite sem esfor\u00e7o da viagem para o trabalho.<\/p><h3>Um local constru\u00eddo para neg\u00f3cios<\/h3><p>O endere\u00e7o do hotel em <strong>Distrito de Futian<\/strong> \u00e9 o seu maior patrim\u00f4nio. Este \u00e9 o epicentro financeiro e tecnol\u00f3gico de Shenzhen, lar de empresas da Fortune 500, centros de inova\u00e7\u00e3o e institui\u00e7\u00f5es governamentais. Do seu quarto, voc\u00ea estar\u00e1 a poucos minutos de:<\/p><ul><li><strong>Bolsa de Valores de Shenzhen<\/strong><\/li><li><strong>Mercado de Eletr\u00f4nicos Huaqiangbei<\/strong> \u2013 o maior centro de eletr\u00f4nicos do mundo<\/li><li><strong>Centro de Conven\u00e7\u00f5es e Exposi\u00e7\u00f5es de Shenzhen<\/strong><\/li><li><strong>Principais sedes corporativas<\/strong> no CBD<\/li><\/ul><p>Sua proximidade com <strong>Porto de Huanggang<\/strong> torna-o a base ideal para neg\u00f3cios internacionais, seja para encontrar clientes em Hong Kong ou participar de uma feira comercial na regi\u00e3o. O hotel tamb\u00e9m fica a uma curta viagem de metr\u00f4 de <strong>Esta\u00e7\u00e3o Futian<\/strong>, um centro ferrovi\u00e1rio de alta velocidade que conecta Shenzhen a Guangzhou, Xangai e Pequim.<\/p><h3>Servi\u00e7os de apoio ao viajante profissional<\/h3><p>O IntercityHotel entende as demandas do mundo dos neg\u00f3cios. Nossa recep\u00e7\u00e3o 24 horas conta com profissionais multil\u00edngues prontos para ajudar com:<\/p><ul><li><strong>Impress\u00e3o e manuseio de documentos<\/strong><\/li><li><strong>Servi\u00e7os de despertador e mensagens<\/strong><\/li><li><strong>Arranjos de t\u00e1xi e transporte<\/strong> (incluindo traslados para o aeroporto mediante solicita\u00e7\u00e3o)<\/li><li><strong>Recomenda\u00e7\u00f5es locais<\/strong> para refei\u00e7\u00f5es de neg\u00f3cios e locais de networking<\/li><\/ul><p>Tamb\u00e9m oferecemos <strong>dep\u00f3sito de bagagem gratuito<\/strong>, permitindo que voc\u00ea chegue cedo ou saia tarde sem o fardo de carregar suas malas, um detalhe pequeno, mas significativo, que aumenta sua efici\u00eancia geral.<\/p><h3>Um retiro tranquilo para trabalho focado e descanso<\/h3><p>Ap\u00f3s um dia exigente de reuni\u00f5es e negocia\u00e7\u00f5es, o hotel oferece uma <strong>ambiente tranquilo<\/strong> Para recarregar as energias. Os quartos s\u00e3o \u00e0 prova de som para bloquear a energia da cidade, garantindo uma noite de sono tranquila. O design minimalista e organizado promove clareza mental, enquanto a roupa de cama de alta qualidade garante conforto. Esse equil\u00edbrio entre produtividade e descanso \u00e9 essencial para um desempenho sustentado.<\/p><p>Para uma r\u00e1pida renova\u00e7\u00e3o, as casas de banho modernas disp\u00f5em de potentes chuveiros de chuva e o hotel <strong>centro de fitness<\/strong> est\u00e1 dispon\u00edvel para um treino para clarear sua mente.<\/p><div class=\"py-2 my-3\"><hr \/><\/div><p><strong>IntercityHotel Shenzhen Futian Huanggang<\/strong> redefine a estadia de neg\u00f3cios. N\u00e3o \u00e9 um lugar de excessos, mas de excel\u00eancia essencial. Aqui, cada detalhe \u2014 do Wi-Fi confi\u00e1vel \u00e0 localiza\u00e7\u00e3o estrat\u00e9gica \u2014 trabalha em harmonia para apoiar o seu sucesso. Seja para reuni\u00f5es de um dia ou para um projeto mais longo, voc\u00ea encontrar\u00e1 um parceiro em efici\u00eancia, um santu\u00e1rio de tranquilidade e uma plataforma de lan\u00e7amento para a sua pr\u00f3xima grande oportunidade.<\/p><p data-spm-anchor-id=\"a2ty_o01.29997173.0.i18.3db3c921mV6PYW\"><em>Trabalhe de forma mais inteligente. Mantenha o foco. Tenha sucesso em Shenzhen.<\/em><\/p>\t\t\t\t\t\t\t\t<\/div>\n\t\t\t\t\t<\/div>\n\t\t\t\t<\/div>\n\t\t\t\t<\/div>","protected":false},"excerpt":{"rendered":"<p>Business Facilities at IntercityHotel Shenzhen Futian Huanggang In the dynamic heart of China\u2019s most futuristic city, IntercityHotel Shenzhen Futian Huanggang stands as a beacon of streamlined productivity and modern convenience. Located at 28 Fumin Road, Futian District, Shenzhen, 518048, the hotel is strategically positioned in the city\u2019s central business district, just steps from Huanggang Port\u2014a [&hellip;]<\/p>\n","protected":false},"author":1,"featured_media":0,"parent":0,"menu_order":0,"comment_status":"closed","ping_status":"closed","template":"","meta":{"footnotes":""},"class_list":["post-2109","page","type-page","status-publish","hentry","post-no-thumbnail"],"_links":{"self":[{"href":"https:\/\/intercityhotelshenzhen.com\/pt\/wp-json\/wp\/v2\/pages\/2109","targetHints":{"allow":["GET"]}}],"collection":[{"href":"https:\/\/intercityhotelshenzhen.com\/pt\/wp-json\/wp\/v2\/pages"}],"about":[{"href":"https:\/\/intercityhotelshenzhen.com\/pt\/wp-json\/wp\/v2\/types\/page"}],"author":[{"embeddable":true,"href":"https:\/\/intercityhotelshenzhen.com\/pt\/wp-json\/wp\/v2\/users\/1"}],"replies":[{"embeddable":true,"href":"https:\/\/intercityhotelshenzhen.com\/pt\/wp-json\/wp\/v2\/comments?post=2109"}],"version-history":[{"count":0,"href":"https:\/\/intercityhotelshenzhen.com\/pt\/wp-json\/wp\/v2\/pages\/2109\/revisions"}],"wp:attachment":[{"href":"https:\/\/intercityhotelshenzhen.com\/pt\/wp-json\/wp\/v2\/media?parent=2109"}],"curies":[{"name":"wp","href":"https:\/\/api.w.org\/{rel}","templated":true}]}}