{"id":612,"date":"2021-03-26T10:04:13","date_gmt":"2021-03-26T10:04:13","guid":{"rendered":"http:\/\/localhost\/nuss\/?page_id=612"},"modified":"2025-12-06T08:26:05","modified_gmt":"2025-12-06T08:26:05","slug":"restaurante","status":"publish","type":"page","link":"https:\/\/intercityhotelshenzhen.com\/pt\/restaurante\/","title":{"rendered":"Restaurante"},"content":{"rendered":"<div data-elementor-type=\"wp-page\" data-elementor-id=\"612\" class=\"elementor elementor-612\">\n\t\t\t\t\t\t<section class=\"elementor-section elementor-top-section elementor-element elementor-element-e2effe8 elementor-section-boxed elementor-section-gap-beside-yes elementor-section-height-default elementor-section-height-default elementor-section-column-vertical-align-stretch\" data-id=\"e2effe8\" data-element_type=\"section\" data-e-type=\"section\">\n\t\t\t\t\t\t<div class=\"elementor-container elementor-column-gap-extended\">\n\t\t\t\t\t<div class=\"elementor-column elementor-col-100 elementor-top-column elementor-element elementor-element-e18f688\" data-id=\"e18f688\" data-element_type=\"column\" data-e-type=\"column\">\n\t\t\t<div class=\"elementor-widget-wrap elementor-element-populated\">\n\t\t\t\t\t\t<div class=\"elementor-element elementor-element-6db146d elementor-widget__width-initial elementor-invisible elementor-widget elementor-widget-text-editor\" data-id=\"6db146d\" data-element_type=\"widget\" data-e-type=\"widget\" data-settings=\"{&quot;_animation&quot;:&quot;nussFadeInUp&quot;}\" data-widget_type=\"text-editor.default\">\n\t\t\t\t\t\t\t\t\t<p><strong data-spm-anchor-id=\"a2ty_o01.29997173.0.i35.3db3c921mV6PYW\">Saboreie a ess\u00eancia da efici\u00eancia: jante no IntercityHotel Shenzhen Futian Huanggang<\/strong><\/p>\t\t\t\t\t\t\t\t<\/div>\n\t\t\t\t\t<\/div>\n\t\t<\/div>\n\t\t\t\t\t<\/div>\n\t\t<\/section>\n\t\t<div class=\"elementor-element elementor-element-ffff2a3 e-flex e-con-boxed e-con e-parent\" data-id=\"ffff2a3\" data-element_type=\"container\" data-e-type=\"container\">\n\t\t\t\t\t<div class=\"e-con-inner\">\n\t\t\t\t<div class=\"elementor-element elementor-element-a5d4233 elementor-widget elementor-widget-nuss-image-gallery\" data-id=\"a5d4233\" data-element_type=\"widget\" data-e-type=\"widget\" data-widget_type=\"nuss-image-gallery.default\">\n\t\t\t\t<div class=\"elementor-widget-container\">\n\t\t\t\t\t\t\t<div class=\"nuss-grid-wrapper\" data-grid=\"{&quot;type&quot;:&quot;grid&quot;,&quot;ratio&quot;:null,&quot;columns&quot;:3,&quot;gutter&quot;:30}\">\r\n\t\t\t<div class=\"nuss-grid lazy-grid\">\r\n\t\t\t\t<div class=\"grid-sizer\"><\/div>\r\n\r\n\t\t\t\t\t\t\t\t\t\t\t\t<div class=\"grid-item\">\r\n\t\t\t\t\t\t<div class=\"nuss-box\">\t\t<div class=\"nuss-image image\">\r\n\t\t\t<img decoding=\"async\"  src=\"https:\/\/intercityhotelshenzhen.com\/wp-content\/uploads\/2025\/08\/IntercityHotel-Shenzhen-Futian-Huanggang-70.webp\" alt=\"IntercityHotel Shenzhen Futian Huanggang (70)\" \/>\t\t<\/div>\r\n\t\t\t\t<\/div>\t\t\t\t\t<\/div>\r\n\t\t\t\t\t\t<div class=\"grid-item\">\r\n\t\t\t\t\t\t<div class=\"nuss-box\">\t\t<div class=\"nuss-image image\">\r\n\t\t\t<img decoding=\"async\"  src=\"https:\/\/intercityhotelshenzhen.com\/wp-content\/uploads\/2025\/08\/IntercityHotel-Shenzhen-Futian-Huanggang-80.webp\" alt=\"IntercityHotel Shenzhen Futian Huanggang (80)\" \/>\t\t<\/div>\r\n\t\t\t\t<\/div>\t\t\t\t\t<\/div>\r\n\t\t\t\t\t\t<div class=\"grid-item\">\r\n\t\t\t\t\t\t<div class=\"nuss-box\">\t\t<div class=\"nuss-image image\">\r\n\t\t\t<img decoding=\"async\"  src=\"https:\/\/intercityhotelshenzhen.com\/wp-content\/uploads\/2025\/08\/IntercityHotel-Shenzhen-Futian-Huanggang-73.webp\" alt=\"IntercityHotel Shenzhen Futian Huanggang (73)\" \/>\t\t<\/div>\r\n\t\t\t\t<\/div>\t\t\t\t\t<\/div>\r\n\t\t\t\t\t\t<div class=\"grid-item\">\r\n\t\t\t\t\t\t<div class=\"nuss-box\">\t\t<div class=\"nuss-image image\">\r\n\t\t\t<img decoding=\"async\"  src=\"https:\/\/intercityhotelshenzhen.com\/wp-content\/uploads\/2025\/08\/IntercityHotel-Shenzhen-Futian-Huanggang-74.webp\" alt=\"IntercityHotel Shenzhen Futian Huanggang (74)\" \/>\t\t<\/div>\r\n\t\t\t\t<\/div>\t\t\t\t\t<\/div>\r\n\t\t\t\t\t\t<div class=\"grid-item\">\r\n\t\t\t\t\t\t<div class=\"nuss-box\">\t\t<div class=\"nuss-image image\">\r\n\t\t\t<img decoding=\"async\"  src=\"https:\/\/intercityhotelshenzhen.com\/wp-content\/uploads\/2025\/08\/IntercityHotel-Shenzhen-Futian-Huanggang-87.webp\" alt=\"IntercityHotel Shenzhen Futian Huanggang (87)\" \/>\t\t<\/div>\r\n\t\t\t\t<\/div>\t\t\t\t\t<\/div>\r\n\t\t\t\t\t\t<div class=\"grid-item\">\r\n\t\t\t\t\t\t<div class=\"nuss-box\">\t\t<div class=\"nuss-image image\">\r\n\t\t\t<img decoding=\"async\"  src=\"https:\/\/intercityhotelshenzhen.com\/wp-content\/uploads\/2025\/08\/IntercityHotel-Shenzhen-Futian-Huanggang-7.webp\" alt=\"IntercityHotel Shenzhen Futian Huanggang (7)\" \/>\t\t<\/div>\r\n\t\t\t\t<\/div>\t\t\t\t\t<\/div>\r\n\t\t\t\t\t\t<div class=\"grid-item\">\r\n\t\t\t\t\t\t<div class=\"nuss-box\">\t\t<div class=\"nuss-image image\">\r\n\t\t\t<img decoding=\"async\"  src=\"https:\/\/intercityhotelshenzhen.com\/wp-content\/uploads\/2025\/08\/IntercityHotel-Shenzhen-Futian-Huanggang-93.webp\" alt=\"IntercityHotel Shenzhen Futian Huanggang (93)\" \/>\t\t<\/div>\r\n\t\t\t\t<\/div>\t\t\t\t\t<\/div>\r\n\t\t\t\t\t\t<div class=\"grid-item\">\r\n\t\t\t\t\t\t<div class=\"nuss-box\">\t\t<div class=\"nuss-image image\">\r\n\t\t\t<img decoding=\"async\"  src=\"https:\/\/intercityhotelshenzhen.com\/wp-content\/uploads\/2025\/08\/IntercityHotel-Shenzhen-Futian-Huanggang-6.webp\" alt=\"IntercityHotel Shenzhen Futian Huanggang (6)\" \/>\t\t<\/div>\r\n\t\t\t\t<\/div>\t\t\t\t\t<\/div>\r\n\t\t\t\t\t\t<div class=\"grid-item\">\r\n\t\t\t\t\t\t<div class=\"nuss-box\">\t\t<div class=\"nuss-image image\">\r\n\t\t\t<img decoding=\"async\"  src=\"https:\/\/intercityhotelshenzhen.com\/wp-content\/uploads\/2025\/08\/IntercityHotel-Shenzhen-Futian-Huanggang-91.webp\" alt=\"IntercityHotel Shenzhen Futian Huanggang (91)\" \/>\t\t<\/div>\r\n\t\t\t\t<\/div>\t\t\t\t\t<\/div>\r\n\t\t\t\t\t\t<div class=\"grid-item\">\r\n\t\t\t\t\t\t<div class=\"nuss-box\">\t\t<div class=\"nuss-image image\">\r\n\t\t\t<img decoding=\"async\"  src=\"https:\/\/intercityhotelshenzhen.com\/wp-content\/uploads\/2025\/08\/IntercityHotel-Shenzhen-Futian-Huanggang-79.webp\" alt=\"IntercityHotel Shenzhen Futian Huanggang (79)\" \/>\t\t<\/div>\r\n\t\t\t\t<\/div>\t\t\t\t\t<\/div>\r\n\t\t\t\t\t\t<div class=\"grid-item\">\r\n\t\t\t\t\t\t<div class=\"nuss-box\">\t\t<div class=\"nuss-image image\">\r\n\t\t\t<img decoding=\"async\"  src=\"https:\/\/intercityhotelshenzhen.com\/wp-content\/uploads\/2025\/08\/IntercityHotel-Shenzhen-Futian-Huanggang-77.webp\" alt=\"IntercityHotel Shenzhen Futian Huanggang (77)\" \/>\t\t<\/div>\r\n\t\t\t\t<\/div>\t\t\t\t\t<\/div>\r\n\t\t\t\t\t\t<div class=\"grid-item\">\r\n\t\t\t\t\t\t<div class=\"nuss-box\">\t\t<div class=\"nuss-image image\">\r\n\t\t\t<img decoding=\"async\"  src=\"https:\/\/intercityhotelshenzhen.com\/wp-content\/uploads\/2025\/08\/IntercityHotel-Shenzhen-Futian-Huanggang-72.webp\" alt=\"IntercityHotel Shenzhen Futian Huanggang (72)\" \/>\t\t<\/div>\r\n\t\t\t\t<\/div>\t\t\t\t\t<\/div>\r\n\t\t\t\t\t\t\t\r\n\t\t\t<\/div>\r\n\t\t<\/div>\r\n\t\t\t\t\t\t<\/div>\n\t\t\t\t<\/div>\n\t\t\t\t\t<\/div>\n\t\t\t\t<\/div>\n\t\t<div class=\"elementor-element elementor-element-4122f6f e-flex e-con-boxed e-con e-parent\" data-id=\"4122f6f\" data-element_type=\"container\" data-e-type=\"container\">\n\t\t\t\t\t<div class=\"e-con-inner\">\n\t\t\t\t<div class=\"elementor-element elementor-element-882f2e3 elementor-widget elementor-widget-text-editor\" data-id=\"882f2e3\" data-element_type=\"widget\" data-e-type=\"widget\" data-widget_type=\"text-editor.default\">\n\t\t\t\t\t\t\t\t\t<p>No cora\u00e7\u00e3o acelerado e inovador do distrito de Futian, em Shenzhen, onde cada minuto conta, o <strong>restaurante no IntercityHotel Shenzhen Futian Huanggang<\/strong> oferece uma filosofia refrescante: a refei\u00e7\u00e3o deve ser t\u00e3o tranquila e satisfat\u00f3ria quanto o resto da sua estadia. Localizado em <strong>28 Fumin Road, distrito de Futian, Shenzhen, 518048<\/strong>, nossa experi\u00eancia gastron\u00f4mica no local n\u00e3o se trata de menus elaborados ou servi\u00e7o demorado, mas sim de <strong>precis\u00e3o, qualidade e pura conveni\u00eancia<\/strong>\u2014um reflexo perfeito do esp\u00edrito inspirado na Alemanha do hotel.<\/p><p>Sabemos que nossos h\u00f3spedes \u2014 profissionais de neg\u00f3cios, empreendedores e viajantes experientes \u2014 t\u00eam agendas lotadas. Seja para se preparar para uma reuni\u00e3o de alto risco no centro da cidade, retornar de uma visita ao movimentado mercado de eletr\u00f4nicos de Huaqiangbei ou simplesmente precisar de uma refei\u00e7\u00e3o completa ap\u00f3s uma longa viagem, nosso restaurante foi projetado para atender \u00e0s suas necessidades sem concess\u00f5es.<\/p><h3>Um caf\u00e9 da manh\u00e3 pensado para o sucesso<\/h3><p>Comece o seu dia com confian\u00e7a em nosso <strong>caf\u00e9 da manh\u00e3 buffet di\u00e1rio<\/strong>, inclu\u00eddo na maioria das di\u00e1rias. Criamos um menu que equilibra <strong>favoritos internacionais com sabores chineses aut\u00eanticos<\/strong>, garantindo que haja algo para satisfazer todos os paladares e prefer\u00eancias.<\/p><ul><li><strong>Sele\u00e7\u00f5es Ocidentais<\/strong>: P\u00e3es frescos, uma variedade de cereais, ovos preparados na hora e caf\u00e9 e ch\u00e1 premium.<\/li><li><strong>Favoritos chineses<\/strong>: Tigelas fumegantes de mingau, saborosos baozi (p\u00e3es cozidos no vapor), macarr\u00e3o e uma variedade de pratos tradicionais quentes e frios.<\/li><li><strong>Op\u00e7\u00f5es Saud\u00e1veis<\/strong>: Uma sele\u00e7\u00e3o de frutas frescas, iogurte e sucos para come\u00e7ar sua manh\u00e3 com vitalidade.<\/li><\/ul><p>A \u00e1rea de caf\u00e9 da manh\u00e3 \u00e9 iluminada, limpa e bem organizada, permitindo que voc\u00ea pegue uma refei\u00e7\u00e3o e v\u00e1 embora, ou reserve um momento para sentar e planejar seu dia em um ambiente calmo e sem distra\u00e7\u00f5es.<\/p><h3>Refei\u00e7\u00f5es simples e de alta qualidade durante todo o dia<\/h3><p>Al\u00e9m do caf\u00e9 da manh\u00e3, nosso foco continua sendo oferecer <strong>comida simples e de alta qualidade<\/strong> para almo\u00e7o e jantar. Embora n\u00e3o tenhamos um extenso menu \u00e0 la carte, oferecemos uma sele\u00e7\u00e3o de <strong>refei\u00e7\u00f5es leves, sandu\u00edches e especialidades locais<\/strong> Perfeitos para uma refei\u00e7\u00e3o r\u00e1pida e satisfat\u00f3ria. Pense em saladas frescas, sopas substanciosas e pratos asi\u00e1ticos preparados com maestria \u2014 todos feitos com ingredientes frescos e servidos com efici\u00eancia.<\/p><p>Para h\u00f3spedes que buscam uma experi\u00eancia culin\u00e1ria mais completa, a localiza\u00e7\u00e3o privilegiada do hotel \u00e9 uma grande vantagem. A 5 a 10 minutos a p\u00e9, voc\u00ea encontrar\u00e1 uma grande variedade de restaurantes, desde restaurantes executivos sofisticados at\u00e9 barracas de comida de rua local, oferecendo de tudo, desde dim sum canton\u00eas at\u00e9 ensopado de Sichuan.<\/p><h3>A filosofia gastron\u00f4mica do IntercityHotel<\/h3><p>Nosso restaurante incorpora os valores fundamentais da marca IntercityHotel: <strong>confiabilidade, funcionalidade e valor<\/strong>Acreditamos que uma \u00f3tima refei\u00e7\u00e3o n\u00e3o precisa ser complicada. Ela deve ser:<\/p><ul><li><strong>Eficiente<\/strong>:O servi\u00e7o r\u00e1pido e um layout simplificado significam que voc\u00ea gasta menos tempo esperando e mais tempo fazendo.<\/li><li><strong>Consistente<\/strong>:Voc\u00ea pode esperar o mesmo alto padr\u00e3o de qualidade e limpeza todas as vezes.<\/li><li><strong>Solid\u00e1rio<\/strong>:Estamos aqui para apoiar sua jornada, seja uma refei\u00e7\u00e3o quente \u00e0s 6 da manh\u00e3 ou um canto tranquilo para trabalhar com uma x\u00edcara de caf\u00e9.<\/li><\/ul><div class=\"py-2 my-3\"><hr \/><\/div><p><strong>Experimente a diferen\u00e7a do Smart Dining<\/strong><\/p><p>No IntercityHotel Shenzhen Futian Huanggang, nosso restaurante \u00e9 mais do que apenas um lugar para comer; \u00e9 parte integrante da sua estadia produtiva e confort\u00e1vel. N\u00e3o buscamos ser os mais extravagantes, mas sim os mais confi\u00e1veis.<\/p><p>Quer voc\u00ea esteja se preparando para um dia de inova\u00e7\u00e3o ou relaxando ap\u00f3s uma reuni\u00e3o bem-sucedida, voc\u00ea encontrar\u00e1 uma experi\u00eancia gastron\u00f4mica t\u00e3o eficiente e bem executada quanto a pr\u00f3pria cidade.<\/p><div class=\"py-2 my-3\"><hr \/><\/div><p><strong>Planeje sua estadia no IntercityHotel Shenzhen Futian Huanggang<\/strong><\/p><p>\ud83d\udccd <strong>Endere\u00e7o<\/strong>: 28 Fumin Road, Distrito de Futian, Shenzhen, Guangdong, 518048, China \ud83d\udcde <strong>Telefone<\/strong>: +86 755 8280 8888 | \ud83c\udf10 <strong>Site<\/strong>: <a href=\"https:\/\/intercityhotelshenzhen.com\/pt\/\" target=\"_blank\" rel=\"nofollow noopener\">www.intercityhotelshenzhen.com<\/a><\/p><p data-spm-anchor-id=\"a2ty_o01.29997173.0.i34.3db3c921mV6PYW\"><em>Sua estadia eficiente em Shenzhen come\u00e7a aqui.<\/em> \ud83c\udf73\u2615\ud83c\udfd9\ufe0f<\/p>\t\t\t\t\t\t\t\t<\/div>\n\t\t\t\t\t<\/div>\n\t\t\t\t<\/div>\n\t\t\t\t<\/div>","protected":false},"excerpt":{"rendered":"<p>Savor the Essence of Efficiency: Dining at IntercityHotel Shenzhen Futian Huanggang In the fast-paced, innovation-driven heart of Shenzhen\u2019s Futian District, where every minute counts, the restaurant at IntercityHotel Shenzhen Futian Huanggang offers a refreshing philosophy: dining should be as seamless and satisfying as the rest of your stay. Located at 28 Fumin Road, Futian District, [&hellip;]<\/p>\n","protected":false},"author":1,"featured_media":0,"parent":0,"menu_order":0,"comment_status":"closed","ping_status":"closed","template":"","meta":{"footnotes":""},"class_list":["post-612","page","type-page","status-publish","hentry","post-no-thumbnail"],"_links":{"self":[{"href":"https:\/\/intercityhotelshenzhen.com\/pt\/wp-json\/wp\/v2\/pages\/612","targetHints":{"allow":["GET"]}}],"collection":[{"href":"https:\/\/intercityhotelshenzhen.com\/pt\/wp-json\/wp\/v2\/pages"}],"about":[{"href":"https:\/\/intercityhotelshenzhen.com\/pt\/wp-json\/wp\/v2\/types\/page"}],"author":[{"embeddable":true,"href":"https:\/\/intercityhotelshenzhen.com\/pt\/wp-json\/wp\/v2\/users\/1"}],"replies":[{"embeddable":true,"href":"https:\/\/intercityhotelshenzhen.com\/pt\/wp-json\/wp\/v2\/comments?post=612"}],"version-history":[{"count":0,"href":"https:\/\/intercityhotelshenzhen.com\/pt\/wp-json\/wp\/v2\/pages\/612\/revisions"}],"wp:attachment":[{"href":"https:\/\/intercityhotelshenzhen.com\/pt\/wp-json\/wp\/v2\/media?parent=612"}],"curies":[{"name":"wp","href":"https:\/\/api.w.org\/{rel}","templated":true}]}}