{"id":647,"date":"2021-03-29T02:13:52","date_gmt":"2021-03-29T02:13:52","guid":{"rendered":"http:\/\/localhost\/nuss\/?page_id=647"},"modified":"2025-12-06T08:26:11","modified_gmt":"2025-12-06T08:26:11","slug":"servicos","status":"publish","type":"page","link":"https:\/\/intercityhotelshenzhen.com\/pt\/servicos\/","title":{"rendered":"Servi\u00e7os"},"content":{"rendered":"<div data-elementor-type=\"wp-page\" data-elementor-id=\"647\" class=\"elementor elementor-647\">\n\t\t\t\t\t\t<section class=\"elementor-section elementor-top-section elementor-element elementor-element-3353bc8 elementor-section-boxed elementor-section-gap-beside-yes elementor-section-height-default elementor-section-height-default elementor-section-column-vertical-align-stretch\" data-id=\"3353bc8\" data-element_type=\"section\" data-e-type=\"section\">\n\t\t\t\t\t\t<div class=\"elementor-container elementor-column-gap-extended\">\n\t\t\t\t\t<div class=\"elementor-column elementor-col-100 elementor-top-column elementor-element elementor-element-0a2bc64\" data-id=\"0a2bc64\" data-element_type=\"column\" data-e-type=\"column\">\n\t\t\t<div class=\"elementor-widget-wrap elementor-element-populated\">\n\t\t\t\t\t\t<div class=\"elementor-element elementor-element-447e3ef elementor-widget__width-initial elementor-invisible elementor-widget elementor-widget-text-editor\" data-id=\"447e3ef\" data-element_type=\"widget\" data-e-type=\"widget\" data-settings=\"{&quot;_animation&quot;:&quot;nussFadeInUp&quot;}\" data-widget_type=\"text-editor.default\">\n\t\t\t\t\t\t\t\t\t<p><strong data-spm-anchor-id=\"a2ty_o01.29997173.0.i44.3db3c921mV6PYW\">Servi\u00e7os excepcionais, projetados para o viajante moderno: sua experi\u00eancia no IntercityHotel Shenzhen Futian Huanggang<\/strong><\/p>\t\t\t\t\t\t\t\t<\/div>\n\t\t\t\t\t<\/div>\n\t\t<\/div>\n\t\t\t\t\t<\/div>\n\t\t<\/section>\n\t\t<div class=\"elementor-element elementor-element-7f2509d e-flex e-con-boxed e-con e-parent\" data-id=\"7f2509d\" data-element_type=\"container\" data-e-type=\"container\">\n\t\t\t\t\t<div class=\"e-con-inner\">\n\t\t\t\t<div class=\"elementor-element elementor-element-0c81d71 elementor-widget elementor-widget-text-editor\" data-id=\"0c81d71\" data-element_type=\"widget\" data-e-type=\"widget\" data-widget_type=\"text-editor.default\">\n\t\t\t\t\t\t\t\t\t<p>No <strong>IntercityHotel Shenzhen Futian Huanggang<\/strong>, localizado em <strong>28 Fumin Road, distrito de Futian, Shenzhen, 518048<\/strong>Acreditamos que a marca registrada de um hotel verdadeiramente excelente n\u00e3o est\u00e1 na extravag\u00e2ncia, mas na execu\u00e7\u00e3o impec\u00e1vel do essencial. Nossos servi\u00e7os s\u00e3o meticulosamente projetados para o viajante exigente \u2014 seja voc\u00ea um profissional de neg\u00f3cios navegando pela din\u00e2mica Grande Ba\u00eda ou um turista em busca de uma base perfeita e confort\u00e1vel na cidade mais inovadora da China. Inspirados na renomada heran\u00e7a alem\u00e3 da marca IntercityHotel, nosso foco est\u00e1 em <strong>efici\u00eancia, confiabilidade e design inteligente<\/strong>, garantindo que todos os aspectos da sua estadia sejam tranquilos, produtivos e sem estresse.<\/p><h3>Recep\u00e7\u00e3o 24 horas e suporte personalizado aos h\u00f3spedes<\/h3><p>O cora\u00e7\u00e3o do nosso servi\u00e7o \u00e9 o nosso <strong>Recep\u00e7\u00e3o 24 horas<\/strong>, composta por uma equipe multil\u00edngue fluente em <strong>Mandarim e ingl\u00eas<\/strong>, com disponibilidade para auxiliar em franc\u00eas, alem\u00e3o e japon\u00eas b\u00e1sicos, mediante solicita\u00e7\u00e3o. Estamos \u00e0 sua disposi\u00e7\u00e3o 24 horas por dia, seja para chegar tarde da noite de um voo para Hong Kong ou para partir de madrugada para uma reuni\u00e3o. Nossa equipe se dedica a fornecer assist\u00eancia personalizada, incluindo:<\/p><ul><li><strong>Recomenda\u00e7\u00f5es locais detalhadas<\/strong> para um jantar aut\u00eantico, fazer compras em Huaqiangbei ou visitar o Museu de Shenzhen.<\/li><li><strong>Arranjos de transporte<\/strong> para t\u00e1xis, Didi (Uber da China) ou orienta\u00e7\u00f5es sobre como usar os sistemas de metr\u00f4 e \u00f4nibus.<\/li><li><strong>Ajuda com impress\u00e3o, mensagens e chamadas de despertar<\/strong> para dar suporte \u00e0 sua agenda.<\/li><li><strong>Assist\u00eancia na reserva de passeios<\/strong> ou ingressos para atra\u00e7\u00f5es locais.<\/li><\/ul><p>N\u00e3o somos apenas um ponto de servi\u00e7o; somos seu parceiro de confian\u00e7a para navegar em Shenzhen.<\/p><h3>Chegada e partida sem interrup\u00e7\u00f5es<\/h3><p>Viajar por uma das travessias de fronteira mais movimentadas da \u00c1sia \u00e9 facilitado pela nossa localiza\u00e7\u00e3o estrat\u00e9gica. <strong>500 metros do Porto de Huanggang<\/strong>Para h\u00f3spedes que chegam de Hong Kong, a curta caminhada de 5 a 7 minutos at\u00e9 o hotel \u00e9 uma vantagem significativa. Embora n\u00e3o ofere\u00e7amos traslado privativo direto do aeroporto, podemos <strong>ajudar a providenciar um t\u00e1xi confi\u00e1vel<\/strong> do Aeroporto Internacional de Shenzhen Bao&#039;an (SZX) ou do Aeroporto Internacional de Hong Kong (HKG). Para a sua partida, podemos ajudar a reservar a sua pr\u00f3xima viagem, garantindo uma transi\u00e7\u00e3o r\u00e1pida e sem complica\u00e7\u00f5es.<\/p><p>N\u00f3s tamb\u00e9m fornecemos <strong>dep\u00f3sito de bagagem gratuito<\/strong> antes do check-in e depois do check-out, permitindo que voc\u00ea explore a cidade livremente, seja visitando o Grande Teatro de Shenzhen ou desfrutando de uma refei\u00e7\u00e3o no centro financeiro de Futian.<\/p><h3>Conforto e conveni\u00eancia em cada detalhe<\/h3><p>O seu conforto \u00e9 a nossa prioridade. Todos os quartos do IntercityHotel est\u00e3o equipados com <strong>Wi-Fi de alta velocidade gratuito<\/strong>, garantindo que voc\u00ea permane\u00e7a conectado para trabalho ou lazer. Entendemos a import\u00e2ncia de uma boa noite de sono, e \u00e9 por isso que todos os quartos oferecem <strong>ar condicionado com controle clim\u00e1tico<\/strong>, roupa de cama premium e <strong>janelas \u00e0 prova de som<\/strong> para manter a energia da cidade sob controle.<\/p><p>N\u00f3s fornecemos <strong>limpeza di\u00e1ria<\/strong> para manter seu espa\u00e7o fresco e acolhedor, junto com <strong>produtos de higiene pessoal premium, roup\u00f5es de banho macios e toalhas de qualidade<\/strong>. Cada quarto inclui um <strong>banheiro privativo<\/strong> com \u00e1gua quente, garantindo um come\u00e7o e um fim de dia revigorantes.<\/p><h3>Experi\u00eancias Culin\u00e1rias Nutritivas<\/h3><p>Comece a sua manh\u00e3 na nossa moderna e iluminada sala de jantar com uma deliciosa <strong>caf\u00e9 da manh\u00e3 caseiro<\/strong>, inclu\u00eddo na maioria das di\u00e1rias. Nosso card\u00e1pio de caf\u00e9 da manh\u00e3 combina <strong>sabores tradicionais chineses<\/strong>\u2014 como congee e baozi \u2014 com pratos internacionais favoritos como ovos, torradas e caf\u00e9. \u00c9 a maneira perfeita de recarregar as energias antes de explorar as atra\u00e7\u00f5es pr\u00f3ximas.<\/p><p>Para almo\u00e7o e jantar, embora n\u00e3o tenhamos um restaurante com servi\u00e7o completo, teremos prazer em recomendar e providenciar refei\u00e7\u00f5es em alguns dos restaurantes locais mais aut\u00eanticos de Shenzhen, ou ajudar com op\u00e7\u00f5es de refei\u00e7\u00f5es no quarto.<\/p><h3>Um compromisso com a autenticidade e o cuidado<\/h3><p>No IntercityHotel Shenzhen Futian Huanggang, n\u00e3o pretendemos ser o maior hotel, mas sim o mais significativo. Nossos servi\u00e7os refletem nossos valores: <strong>paz, autenticidade e conex\u00e3o sincera<\/strong>. Temos orgulho de ser uma <strong>propriedade boutique<\/strong> que prioriza qualidade em vez de quantidade, onde cada h\u00f3spede \u00e9 tratado como fam\u00edlia.<\/p><p>Por favor, note que devido ao nosso design moderno de edif\u00edcio com elevadores, o hotel est\u00e1 <strong>acess\u00edvel para cadeira de rodas<\/strong>. Teremos sempre prazer em discutir arranjos especiais com anteced\u00eancia para garantir que sua estadia seja o mais confort\u00e1vel poss\u00edvel.<\/p><div class=\"py-2 my-3\"><hr \/><\/div><div class=\"my-2\">\u00a0<\/div><p><strong>Experimente a diferen\u00e7a da verdadeira efici\u00eancia alem\u00e3<\/strong><br \/>\ud83d\udccd <strong>IntercityHotel Shenzhen Futian Huanggang<\/strong><br \/>28 Fumin Road, distrito de Futian, Shenzhen, Guangdong, 518048, China<br \/>\ud83d\udcde +86 755 8280 8888 | \ud83c\udf10 <a href=\"https:\/\/intercityhotelshenzhen.com\/pt\/\" target=\"_blank\" rel=\"nofollow noopener\">www.intercityhotelshenzhen.com <\/a><\/p><div class=\"my-2\">\u00a0<\/div><p><em>Sua estadia eficiente em Shenzhen come\u00e7a aqui.<\/em> \ud83d\ude89\ud83d\udcbc\ud83c\udfd9\ufe0f<\/p>\t\t\t\t\t\t\t\t<\/div>\n\t\t\t\t\t<\/div>\n\t\t\t\t<\/div>\n\t\t\t\t<\/div>","protected":false},"excerpt":{"rendered":"<p>Exceptional Services, Engineered for the Modern Traveler: Your Experience at IntercityHotel Shenzhen Futian Huanggang At IntercityHotel Shenzhen Futian Huanggang, located at 28 Fumin Road, Futian District, Shenzhen, 518048, we believe that the hallmark of a truly great hotel is not found in extravagance, but in the flawless execution of the essentials. Our services are meticulously [&hellip;]<\/p>\n","protected":false},"author":1,"featured_media":0,"parent":0,"menu_order":0,"comment_status":"closed","ping_status":"closed","template":"","meta":{"footnotes":""},"class_list":["post-647","page","type-page","status-publish","hentry","post-no-thumbnail"],"_links":{"self":[{"href":"https:\/\/intercityhotelshenzhen.com\/pt\/wp-json\/wp\/v2\/pages\/647","targetHints":{"allow":["GET"]}}],"collection":[{"href":"https:\/\/intercityhotelshenzhen.com\/pt\/wp-json\/wp\/v2\/pages"}],"about":[{"href":"https:\/\/intercityhotelshenzhen.com\/pt\/wp-json\/wp\/v2\/types\/page"}],"author":[{"embeddable":true,"href":"https:\/\/intercityhotelshenzhen.com\/pt\/wp-json\/wp\/v2\/users\/1"}],"replies":[{"embeddable":true,"href":"https:\/\/intercityhotelshenzhen.com\/pt\/wp-json\/wp\/v2\/comments?post=647"}],"version-history":[{"count":0,"href":"https:\/\/intercityhotelshenzhen.com\/pt\/wp-json\/wp\/v2\/pages\/647\/revisions"}],"wp:attachment":[{"href":"https:\/\/intercityhotelshenzhen.com\/pt\/wp-json\/wp\/v2\/media?parent=647"}],"curies":[{"name":"wp","href":"https:\/\/api.w.org\/{rel}","templated":true}]}}